{"id":18753,"date":"2025-09-25T17:29:22","date_gmt":"2025-09-25T15:29:22","guid":{"rendered":"https:\/\/store.astieks.com\/product\/trudon-the-diffuser-madurai-360-ml\/"},"modified":"2026-03-27T13:12:13","modified_gmt":"2026-03-27T11:12:13","slug":"trudon-the-diffuser-madurai-360-ml","status":"publish","type":"product","link":"https:\/\/store.astieks.com\/et\/product\/trudon-the-diffuser-madurai-360-ml\/","title":{"rendered":"TRUDON Difuusor Madurai 360 ml"},"content":{"rendered":"<p>Toscana hertsog t\u00f5i jasmiini esmakordselt Indiasse 1690. aastal \u2013 see lill p\u00e4rineb algselt Araabiast. Olgu v\u00e4rske v\u00f5i kuivatatud, jasmiin m\u00e4ngib siiani olulist rolli India m\u00fc\u00fctides, legendides ja igap\u00e4evastes rituaalides. M\u00f5nikord lisatakse jasminum sambac\u2019it lahtise tee l\u00f5hnastamiseks, teinekord p\u00f5imitakse see lillevanikutesse. Spirituaalselt austatud l\u00f5hnav lill muutub hindu templites p\u00fchaks ohvrianniks.   <\/p>\n<p>Aroomip\u00fcramiid<\/p>\n<p>Tipunoodid<br \/>\nYlang-ylang<br \/>\nS\u00fcdamenoodid<br \/>\nSambac jasmiini absoluut<br \/>\nP\u00f5hjanoodid<br \/>\nBensoevaigu vaik<\/p>\n","protected":false},"excerpt":{"rendered":"<p style=\"font-weight: 400;\">From the Belles Mati\u00e8res collection comes a geographic odyssey, an exploration tracing the origins of rare perfumes. It delves into the golden age of botanical discoveries, unveiling the genesis of great olfactory adventures. <\/p>\n<p style=\"font-weight: 400;\">Sama ikoonilisest sinisest klaasist valmistatud 350 ml rihveldatud pudelit kaunistab kuldne embleem.<\/p>\n<p style=\"font-weight: 400;\">Valmistatud k\u00e4sitsi samas klaasit\u00f6\u00f6kojas, kus toodetakse k\u00fc\u00fcnlaid. Diifuuseri \u00fclaosa on varustatud 100% taaskasutatava alumiiniumist r\u00f5ngaga, kuhu asetatakse 8 looduslikku musta rotangist pulka. <\/p>\n<p style=\"font-weight: 400;\">Difuuser v\u00f5imaldab passiivset l\u00f5hnastamist 3 kuni 4 kuu jooksul.<\/p>\n<p style=\"font-weight: 400;\">Eraldi t\u00e4idised on saadaval.<\/p>\n","protected":false},"featured_media":17534,"template":"","meta":{"_acf_changed":false},"product_brand":[],"product_cat":[253,243,245],"product_tag":[],"class_list":{"0":"post-18753","1":"product","2":"type-product","3":"status-publish","4":"has-post-thumbnail","6":"product_cat-difuuserid","7":"product_cat-kingitused","8":"product_cat-kodulohnad","9":"nt-post-class","10":"","16":"first","17":"instock","18":"taxable","19":"shipping-taxable","20":"purchasable","21":"product-type-simple"},"acf":[],"_links":{"self":[{"href":"https:\/\/store.astieks.com\/et\/wp-json\/wp\/v2\/product\/18753","targetHints":{"allow":["GET"]}}],"collection":[{"href":"https:\/\/store.astieks.com\/et\/wp-json\/wp\/v2\/product"}],"about":[{"href":"https:\/\/store.astieks.com\/et\/wp-json\/wp\/v2\/types\/product"}],"version-history":[{"count":4,"href":"https:\/\/store.astieks.com\/et\/wp-json\/wp\/v2\/product\/18753\/revisions"}],"predecessor-version":[{"id":20418,"href":"https:\/\/store.astieks.com\/et\/wp-json\/wp\/v2\/product\/18753\/revisions\/20418"}],"wp:featuredmedia":[{"embeddable":true,"href":"https:\/\/store.astieks.com\/et\/wp-json\/wp\/v2\/media\/17534"}],"wp:attachment":[{"href":"https:\/\/store.astieks.com\/et\/wp-json\/wp\/v2\/media?parent=18753"}],"wp:term":[{"taxonomy":"product_brand","embeddable":true,"href":"https:\/\/store.astieks.com\/et\/wp-json\/wp\/v2\/product_brand?post=18753"},{"taxonomy":"product_cat","embeddable":true,"href":"https:\/\/store.astieks.com\/et\/wp-json\/wp\/v2\/product_cat?post=18753"},{"taxonomy":"product_tag","embeddable":true,"href":"https:\/\/store.astieks.com\/et\/wp-json\/wp\/v2\/product_tag?post=18753"}],"curies":[{"name":"wp","href":"https:\/\/api.w.org\/{rel}","templated":true}]}}