{"id":18738,"date":"2025-09-26T12:23:52","date_gmt":"2025-09-26T10:23:52","guid":{"rendered":"https:\/\/store.astieks.com\/product\/trudon-the-refill-cyrnos-300-ml\/"},"modified":"2026-03-04T17:22:24","modified_gmt":"2026-03-04T15:22:24","slug":"trudon-the-refill-cyrnos-300-ml","status":"publish","type":"product","link":"https:\/\/store.astieks.com\/et\/product\/trudon-the-refill-cyrnos-300-ml\/","title":{"rendered":"TRUDON T\u00e4idis Cyrnos 300 ml"},"content":{"rendered":"<p>P\u00e4ikeselises tsitruselises aias tervitas Cyrnose villa 20. sajandi alguse v\u00e4ljapeetud eliiti. Kuningannad, luuletajad ja kunstnikud kohtusid viigipuude ning p\u00e4ikesevarjup\u00f5\u00f5saste varjus. Nad nautisid imelist vaadet ja lihtsat elu, mis on iseloomulik Vahemere sinistele kallastele. Villa \u00f5hku t\u00e4itis Roquebrune\u2019i l\u00f5hnastatud lavendli aroom, mis segunes Provansi kuivade l\u00f5hnadega.   <\/p>\n","protected":false},"excerpt":{"rendered":"<p><em>Vahemere aroomid<\/em><\/p>\n<div class=\"page-title-wrapper\">\n<p id=\"page-title-heading\" class=\"page-title\" aria-labelledby=\"page-title-heading toolbar-amount\"><span class=\"base\" data-ui-id=\"page-title-wrapper\">Cyrnos kollektsioon<\/span><\/p>\n<\/div>\n<div class=\"category-description\">\n<div data-content-type=\"row\" data-appearance=\"contained\" data-element=\"main\">\n<div data-enable-parallax=\"0\" data-parallax-speed=\"0.5\" data-background-images=\"{}\" data-element=\"inner\">\n<div data-content-type=\"html\" data-appearance=\"default\" data-element=\"main\">\n<p>P\u00e4ikeselises tsitruselises aias tervitas Cyrnose villa 20. sajandi alguse v\u00e4ljapeetud eliiti. Kuningannad, luuletajad ja kunstnikud kohtusid viigipuude ning p\u00e4ikesevarjup\u00f5\u00f5saste varjus. Nad nautisid imelist vaadet ja lihtsat elu, mis on iseloomulik Vahemere sinistele kallastele. Villa \u00f5hku t\u00e4itis Roquebrune\u2019i l\u00f5hnastatud lavendli aroom, mis segunes Provansi kuivade l\u00f5hnadega.   <\/p>\n<p>Refill for Le Diffuseur.<\/p>\n<p>Komplekt koosneb 300 ml pudelist, mis sisaldab l\u00f5hna, ning 8 looduslikust mustast rotangipulgast.<\/p>\n<p>T\u00e4idis v\u00f5imaldab 3 kuni 4 kuud passiivset l\u00f5hnastamist.<\/p>\n<p>Tipunoodid<br \/>\nSidrun, murakas, t\u00fc\u00fcmian<br \/>\nS\u00fcdamenoodid<br \/>\nSeedripuu, must viigipuu, lavendel, m\u00e4nd<br \/>\nP\u00f5hjanoodid<br \/>\nKa\u0161miirpuit, muskus, pat\u0161uli<\/p>\n<\/div>\n<\/div>\n<\/div>\n<\/div>\n","protected":false},"featured_media":17554,"template":"","meta":{"_acf_changed":false},"product_brand":[492],"product_cat":[253,245],"product_tag":[],"class_list":{"0":"post-18738","1":"product","2":"type-product","3":"status-publish","4":"has-post-thumbnail","6":"product_brand-trudon-et","7":"product_cat-difuuserid","8":"product_cat-kodulohnad","9":"nt-post-class","10":"","16":"first","17":"instock","18":"taxable","19":"shipping-taxable","20":"purchasable","21":"product-type-simple"},"acf":[],"_links":{"self":[{"href":"https:\/\/store.astieks.com\/et\/wp-json\/wp\/v2\/product\/18738","targetHints":{"allow":["GET"]}}],"collection":[{"href":"https:\/\/store.astieks.com\/et\/wp-json\/wp\/v2\/product"}],"about":[{"href":"https:\/\/store.astieks.com\/et\/wp-json\/wp\/v2\/types\/product"}],"version-history":[{"count":1,"href":"https:\/\/store.astieks.com\/et\/wp-json\/wp\/v2\/product\/18738\/revisions"}],"predecessor-version":[{"id":19779,"href":"https:\/\/store.astieks.com\/et\/wp-json\/wp\/v2\/product\/18738\/revisions\/19779"}],"wp:featuredmedia":[{"embeddable":true,"href":"https:\/\/store.astieks.com\/et\/wp-json\/wp\/v2\/media\/17554"}],"wp:attachment":[{"href":"https:\/\/store.astieks.com\/et\/wp-json\/wp\/v2\/media?parent=18738"}],"wp:term":[{"taxonomy":"product_brand","embeddable":true,"href":"https:\/\/store.astieks.com\/et\/wp-json\/wp\/v2\/product_brand?post=18738"},{"taxonomy":"product_cat","embeddable":true,"href":"https:\/\/store.astieks.com\/et\/wp-json\/wp\/v2\/product_cat?post=18738"},{"taxonomy":"product_tag","embeddable":true,"href":"https:\/\/store.astieks.com\/et\/wp-json\/wp\/v2\/product_tag?post=18738"}],"curies":[{"name":"wp","href":"https:\/\/api.w.org\/{rel}","templated":true}]}}