{"id":18736,"date":"2025-09-25T17:44:50","date_gmt":"2025-09-25T15:44:50","guid":{"rendered":"https:\/\/store.astieks.com\/product\/trudon-the-refill-madurai-300-ml\/"},"modified":"2025-09-25T17:44:50","modified_gmt":"2025-09-25T15:44:50","slug":"trudon-the-refill-madurai-300-ml","status":"publish","type":"product","link":"https:\/\/store.astieks.com\/et\/product\/trudon-the-refill-madurai-300-ml\/","title":{"rendered":"TRUDON T\u00e4idis Madura\u00ef 300 ml"},"content":{"rendered":"<p>Aroomip\u00fcramiid<\/p>\n<p>Tipunoodid<br \/>\nYlang-ylang<br \/>\nS\u00fcdamenoodid<br \/>\nSambac jasmiini absoluut<br \/>\nP\u00f5hjanoodid<br \/>\nBensoevaigu vaik<\/p>\n","protected":false},"excerpt":{"rendered":"<p><em>India jasmiini hiilgus<\/em><\/p>\n<p>T\u00e4idis Le Diffuseur Belles Mati\u00e8res\u2019ile.<\/p>\n<p>Komplekt koosneb 300 ml pudelist, mis sisaldab l\u00f5hna, ning 8 looduslikust mustast rotangipulgast.<\/p>\n<p>T\u00e4idis v\u00f5imaldab 3 kuni 4 kuud passiivset l\u00f5hnastamist.<\/p>\n<p>Toscana hertsog t\u00f5i jasmiini esmakordselt Indiasse 1690. aastal \u2013 see lill p\u00e4rineb algselt Araabiast. Olgu v\u00e4rske v\u00f5i kuivatatud, jasmiin m\u00e4ngib siiani olulist rolli India m\u00fc\u00fctides, legendides ja igap\u00e4evastes rituaalides. M\u00f5nikord lisatakse jasminum sambac\u2019it lahtise tee l\u00f5hnastamiseks, teinekord p\u00f5imitakse see lillevanikutesse. Spirituaalselt austatud l\u00f5hnav lill muutub hindu templites p\u00fchaks ohvrianniks.   <\/p>\n","protected":false},"featured_media":17554,"template":"","meta":{"_acf_changed":false},"product_brand":[492],"product_cat":[253,245],"product_tag":[],"class_list":{"0":"post-18736","1":"product","2":"type-product","3":"status-publish","4":"has-post-thumbnail","6":"product_brand-trudon-et","7":"product_cat-difuuserid","8":"product_cat-kodulohnad","9":"nt-post-class","10":"","16":"first","17":"instock","18":"taxable","19":"shipping-taxable","20":"purchasable","21":"product-type-simple"},"acf":[],"_links":{"self":[{"href":"https:\/\/store.astieks.com\/et\/wp-json\/wp\/v2\/product\/18736","targetHints":{"allow":["GET"]}}],"collection":[{"href":"https:\/\/store.astieks.com\/et\/wp-json\/wp\/v2\/product"}],"about":[{"href":"https:\/\/store.astieks.com\/et\/wp-json\/wp\/v2\/types\/product"}],"version-history":[{"count":0,"href":"https:\/\/store.astieks.com\/et\/wp-json\/wp\/v2\/product\/18736\/revisions"}],"wp:featuredmedia":[{"embeddable":true,"href":"https:\/\/store.astieks.com\/et\/wp-json\/wp\/v2\/media\/17554"}],"wp:attachment":[{"href":"https:\/\/store.astieks.com\/et\/wp-json\/wp\/v2\/media?parent=18736"}],"wp:term":[{"taxonomy":"product_brand","embeddable":true,"href":"https:\/\/store.astieks.com\/et\/wp-json\/wp\/v2\/product_brand?post=18736"},{"taxonomy":"product_cat","embeddable":true,"href":"https:\/\/store.astieks.com\/et\/wp-json\/wp\/v2\/product_cat?post=18736"},{"taxonomy":"product_tag","embeddable":true,"href":"https:\/\/store.astieks.com\/et\/wp-json\/wp\/v2\/product_tag?post=18736"}],"curies":[{"name":"wp","href":"https:\/\/api.w.org\/{rel}","templated":true}]}}