{"id":18713,"date":"2025-09-26T14:48:36","date_gmt":"2025-09-26T12:48:36","guid":{"rendered":"https:\/\/store.astieks.com\/product\/trudon-medie-100-ml\/"},"modified":"2025-10-04T13:39:33","modified_gmt":"2025-10-04T11:39:33","slug":"trudon-medie-100-ml","status":"publish","type":"product","link":"https:\/\/store.astieks.com\/et\/product\/trudon-medie-100-ml\/","title":{"rendered":"TRUDON M\u00e9die 100 ml"},"content":{"rendered":"<dl>\n<dt>Aroomip\u00fcramiid<\/dt>\n<dt>Tipunoodid<\/dt>\n<dd>Mandariin, greip<\/dd>\n<dt>S\u00fcdamenoodid<\/dt>\n<dd>Prantsuse k\u00fcpress, sambac jasmiin<\/dd>\n<dt>P\u00f5hjanoodid<\/dt>\n<dd>Viiruk, vetiver<\/dd>\n<dd><\/dd>\n<dd>\n<dl>\n \tMaht<\/p>\n<dd>100ml<\/dd>\n<\/dl>\n<\/dd>\n<\/dl>\n","protected":false},"excerpt":{"rendered":"<p>Greip, sambac jasmiin ja seedripuu<br \/>\nL\u00f5bus teekond tsitruselise s\u00fcdamega.<br \/>\nV\u00e4rskus, mis jookseb nahal, j\u00e4ttes soovitava merevaigu ja naha j\u00e4rele j\u00e4\u00e4nud j\u00e4lje.<\/p>\n","protected":false},"featured_media":17624,"template":"","meta":{"_acf_changed":false},"product_brand":[492],"product_cat":[469,234,243],"product_tag":[],"class_list":{"0":"post-18713","1":"product","2":"type-product","3":"status-publish","4":"has-post-thumbnail","6":"product_brand-trudon-et","7":"product_cat-parfuumid","8":"product_cat-kehahooldus","9":"product_cat-kingitused","10":"nt-post-class","11":"","17":"first","18":"instock","19":"taxable","20":"shipping-taxable","21":"purchasable","22":"product-type-simple"},"acf":[],"_links":{"self":[{"href":"https:\/\/store.astieks.com\/et\/wp-json\/wp\/v2\/product\/18713","targetHints":{"allow":["GET"]}}],"collection":[{"href":"https:\/\/store.astieks.com\/et\/wp-json\/wp\/v2\/product"}],"about":[{"href":"https:\/\/store.astieks.com\/et\/wp-json\/wp\/v2\/types\/product"}],"version-history":[{"count":1,"href":"https:\/\/store.astieks.com\/et\/wp-json\/wp\/v2\/product\/18713\/revisions"}],"predecessor-version":[{"id":18718,"href":"https:\/\/store.astieks.com\/et\/wp-json\/wp\/v2\/product\/18713\/revisions\/18718"}],"wp:featuredmedia":[{"embeddable":true,"href":"https:\/\/store.astieks.com\/et\/wp-json\/wp\/v2\/media\/17624"}],"wp:attachment":[{"href":"https:\/\/store.astieks.com\/et\/wp-json\/wp\/v2\/media?parent=18713"}],"wp:term":[{"taxonomy":"product_brand","embeddable":true,"href":"https:\/\/store.astieks.com\/et\/wp-json\/wp\/v2\/product_brand?post=18713"},{"taxonomy":"product_cat","embeddable":true,"href":"https:\/\/store.astieks.com\/et\/wp-json\/wp\/v2\/product_cat?post=18713"},{"taxonomy":"product_tag","embeddable":true,"href":"https:\/\/store.astieks.com\/et\/wp-json\/wp\/v2\/product_tag?post=18713"}],"curies":[{"name":"wp","href":"https:\/\/api.w.org\/{rel}","templated":true}]}}