{"id":18693,"date":"2025-10-04T10:59:17","date_gmt":"2025-10-04T08:59:17","guid":{"rendered":"https:\/\/store.astieks.com\/?post_type=product&#038;p=18693"},"modified":"2025-10-04T11:13:52","modified_gmt":"2025-10-04T09:13:52","slug":"vista-alegre-naipes-komplekt-viinakaraafi-ja-4-pitsiga","status":"publish","type":"product","link":"https:\/\/store.astieks.com\/et\/product\/vista-alegre-naipes-komplekt-viinakaraafi-ja-4-pitsiga\/","title":{"rendered":"VISTA ALEGRE Naipes komplekt viinakaraafi ja 4 pitsiga"},"content":{"rendered":"<p>Miks mitte kutsuda s\u00f5brad kaardim\u00e4ngule, mille k\u00f5rvale pakkuda hoolikalt valitud jooke? Lisa siia Vista Alegre kristalli pakutav peenus \u2013 ja sul ongi l\u00f5putu <em data-start=\"269\" data-end=\"277\">Naipes<\/em> (valik) erilisi hetki.<\/p>\n","protected":false},"excerpt":{"rendered":"<p><strong data-start=\"87\" data-end=\"100\">Tooteinfo<\/strong><br data-start=\"100\" data-end=\"103\" \/>Komplekt, mis sisaldab viinakaraafi ja 4 rummiklaasi Naipes. \u00d5iges koguses muudavad m\u00f5ned pahed elu ahvatlevamaks.<br data-start=\"217\" data-end=\"220\" \/>Kaunistatud kullaga<br data-start=\"239\" data-end=\"242\" \/>T\u00e4ielikult k\u00e4sitsi maalitud<br data-start=\"269\" data-end=\"272\" \/>K\u00e4sit\u00f6\u00f6na valminud<\/p>\n","protected":false},"featured_media":16918,"template":"","meta":{"_acf_changed":false},"product_brand":[494],"product_cat":[243,285,281],"product_tag":[],"class_list":{"0":"post-18693","1":"product","2":"type-product","3":"status-publish","4":"has-post-thumbnail","6":"product_brand-vista-alegre-et","7":"product_cat-kingitused","8":"product_cat-kristall","9":"product_cat-serveerimisnou","10":"nt-post-class","11":"","17":"first","18":"instock","19":"taxable","20":"shipping-taxable","21":"purchasable","22":"product-type-simple"},"acf":[],"_links":{"self":[{"href":"https:\/\/store.astieks.com\/et\/wp-json\/wp\/v2\/product\/18693","targetHints":{"allow":["GET"]}}],"collection":[{"href":"https:\/\/store.astieks.com\/et\/wp-json\/wp\/v2\/product"}],"about":[{"href":"https:\/\/store.astieks.com\/et\/wp-json\/wp\/v2\/types\/product"}],"version-history":[{"count":3,"href":"https:\/\/store.astieks.com\/et\/wp-json\/wp\/v2\/product\/18693\/revisions"}],"predecessor-version":[{"id":18696,"href":"https:\/\/store.astieks.com\/et\/wp-json\/wp\/v2\/product\/18693\/revisions\/18696"}],"wp:featuredmedia":[{"embeddable":true,"href":"https:\/\/store.astieks.com\/et\/wp-json\/wp\/v2\/media\/16918"}],"wp:attachment":[{"href":"https:\/\/store.astieks.com\/et\/wp-json\/wp\/v2\/media?parent=18693"}],"wp:term":[{"taxonomy":"product_brand","embeddable":true,"href":"https:\/\/store.astieks.com\/et\/wp-json\/wp\/v2\/product_brand?post=18693"},{"taxonomy":"product_cat","embeddable":true,"href":"https:\/\/store.astieks.com\/et\/wp-json\/wp\/v2\/product_cat?post=18693"},{"taxonomy":"product_tag","embeddable":true,"href":"https:\/\/store.astieks.com\/et\/wp-json\/wp\/v2\/product_tag?post=18693"}],"curies":[{"name":"wp","href":"https:\/\/api.w.org\/{rel}","templated":true}]}}