{"id":18401,"date":"2025-09-29T17:30:03","date_gmt":"2025-09-29T15:30:03","guid":{"rendered":"https:\/\/store.astieks.com\/product\/edzard-bottle-stopper-christmas-tree\/"},"modified":"2025-10-03T13:56:14","modified_gmt":"2025-10-03T11:56:14","slug":"edzard-bottle-stopper-christmas-tree","status":"publish","type":"product","link":"https:\/\/store.astieks.com\/et\/product\/edzard-bottle-stopper-christmas-tree\/","title":{"rendered":"EDZARD pudelikork &#8220;J\u00f5ulupuu&#8221;"},"content":{"rendered":"<p data-start=\"182\" data-end=\"510\">Need erakordsed pudelikorgid on valmistatud Murano klaasipuhumise stiilis.<br data-start=\"269\" data-end=\"272\">Erinevad v\u00e4rvilised klaasit\u00fckid on \u00fchendatud l\u00e4bipaistva klaasiga, luues erksaid vorme ja silmapaistvaid kujusid.<br \/>Iga pudelikork on ainulaadne kunstiteos.<br \/>Korgid sobivad k\u00f5igile standardsetele veini- ja vahuveinipudelitele ning neid soovitatakse pesta k\u00e4sitsi.  <\/p>\n<p data-start=\"512\" data-end=\"800\"><strong data-start=\"514\" data-end=\"551\">\u2714 NAUTIGE VEINI MITME P\u00c4EVA JOOKSUL<\/strong><br data-start=\"551\" data-end=\"554\">Kas soovite l\u00f5\u00f5gastuda klaasikese lemmikveiniga, kuid mitte kogu pudelit korraga \u00e4ra juua? Siis on EDZARD pudelikorgid teile ideaalsed.<br \/>Meie spetsiaalsed klaasist korgid standardsetele veini- ja \u0161ampanjapudelitele takistavad joogi oks\u00fcdeerumist.  <\/p>\n<p data-start=\"802\" data-end=\"1194\"><strong data-start=\"804\" data-end=\"829\"><br \/>\n  <strong data-start=\"864\" data-end=\"890\">\u2714 K\u00d5RGE KVALITEEDIGA MATERJAL<\/strong><br \/>\n<\/strong><br data-start=\"829\" data-end=\"832\">Meie korgid on valmistatud Murano klaasi tehnoloogia j\u00e4rgi \u2014 esmaklassilise klaasit\u00f6\u00f6 kunsti j\u00e4rgi, mis sai alguse XIII sajandil Veneetsia l\u00e4hedal.<br \/>Selle meetodi erip\u00e4ra seisneb mitmete v\u00e4rviliste klaasikildude \u00fchendamises l\u00e4bipaistva klaasiga, luues lummavaid v\u00e4rve ja vorme.<br \/>Murano klaasi t\u00fc\u00fcpiline tunnus on iga eseme erksad v\u00e4rvilised t\u00e4pid.  <\/p>\n<p data-start=\"1196\" data-end=\"1522\"><strong data-start=\"1198\" data-end=\"1222\">\u2714 KINGI R\u00d5\u00d5MU<\/strong><br data-start=\"1222\" data-end=\"1225\">Hellita end, oma pere v\u00f5i s\u00f5pru. Selle klaaskorgiga ei saa valesti minna.<br \/>Pudeliskorgid on suurep\u00e4rane kingitus peaaegu igaks juhuks \u2014 olgu see v\u00e4ike t\u00e4nuavaldus \u00f5htus\u00f6\u00f6gi peremehele v\u00f5i s\u00fcnnip\u00e4evakingitus heale s\u00f5brale.<br \/>Saaja hindab kindlasti seda elegantset baaritarvikut.   <\/p>\n<p data-start=\"1524\" data-end=\"1798\"><strong data-start=\"1526\" data-end=\"1550\">\u2714 J\u00d5ULUARMASTAJALE<\/strong><br data-start=\"1550\" data-end=\"1553\">See ainulaadne disain sobib eriti h\u00e4sti j\u00f5uluhooajaks.<br \/>Vaata kindlasti ka teisi EDZARDi mudeleid \u2013 leiad kindlasti midagi sobivat oma s\u00fcndmuse jaoks.<br \/>Meie valikus on korgid golfipallide, lehmade, naerun\u00e4gude ja paljude teiste originaalsete motiividega&#8230;   <\/p>\n<p data-start=\"1800\" data-end=\"1921\"><strong data-start=\"1802\" data-end=\"1819\">\u2714 TEIE EELISED<\/strong><br data-start=\"1819\" data-end=\"1822\">Kvaliteetne materjal | K\u00f5rgus: 11 cm | Lihtne puhastada | Pilkup\u00fc\u00fcdev disain | K\u00e4sit\u00f6\u00f6 | Murano klaas<\/p>\n","protected":false},"excerpt":{"rendered":"<p>(K\u00f5rgus 13 cm), j\u00f5ulupuu kujuga, Murano klaasi stiilis, k\u00e4sit\u00f6\u00f6na valminud<br data-start=\"88\" data-end=\"91\">Praktiline pudelikork unikaalse disainiga<br \/>\nKorgi abil saab nautida jooki kauem ilma aroomi kadumiseta<br \/>\nSuurep\u00e4rane kingiidee veinide ja vahuveinide s\u00f5pradele<br data-start=\"144\" data-end=\"147\">Pudelikork on valmistatud kvaliteetsest Murano stiilis klaasist<\/p>\n","protected":false},"featured_media":18305,"template":"","meta":{"_acf_changed":false},"product_brand":[],"product_cat":[],"product_tag":[],"class_list":{"0":"post-18401","1":"product","2":"type-product","3":"status-publish","4":"has-post-thumbnail","6":"nt-post-class","7":"","13":"first","14":"outofstock","15":"taxable","16":"shipping-taxable","17":"purchasable","18":"product-type-simple"},"acf":[],"_links":{"self":[{"href":"https:\/\/store.astieks.com\/et\/wp-json\/wp\/v2\/product\/18401","targetHints":{"allow":["GET"]}}],"collection":[{"href":"https:\/\/store.astieks.com\/et\/wp-json\/wp\/v2\/product"}],"about":[{"href":"https:\/\/store.astieks.com\/et\/wp-json\/wp\/v2\/types\/product"}],"version-history":[{"count":1,"href":"https:\/\/store.astieks.com\/et\/wp-json\/wp\/v2\/product\/18401\/revisions"}],"predecessor-version":[{"id":18403,"href":"https:\/\/store.astieks.com\/et\/wp-json\/wp\/v2\/product\/18401\/revisions\/18403"}],"wp:featuredmedia":[{"embeddable":true,"href":"https:\/\/store.astieks.com\/et\/wp-json\/wp\/v2\/media\/18305"}],"wp:attachment":[{"href":"https:\/\/store.astieks.com\/et\/wp-json\/wp\/v2\/media?parent=18401"}],"wp:term":[{"taxonomy":"product_brand","embeddable":true,"href":"https:\/\/store.astieks.com\/et\/wp-json\/wp\/v2\/product_brand?post=18401"},{"taxonomy":"product_cat","embeddable":true,"href":"https:\/\/store.astieks.com\/et\/wp-json\/wp\/v2\/product_cat?post=18401"},{"taxonomy":"product_tag","embeddable":true,"href":"https:\/\/store.astieks.com\/et\/wp-json\/wp\/v2\/product_tag?post=18401"}],"curies":[{"name":"wp","href":"https:\/\/api.w.org\/{rel}","templated":true}]}}