{"id":18398,"date":"2025-08-04T15:12:46","date_gmt":"2025-08-04T13:12:46","guid":{"rendered":"https:\/\/store.astieks.com\/product\/danhera-aromatic-limescale-remover-spray-nr-59\/"},"modified":"2025-10-02T16:53:06","modified_gmt":"2025-10-02T14:53:06","slug":"danhera-aromatic-limescale-remover-spray-nr-59","status":"publish","type":"product","link":"https:\/\/store.astieks.com\/et\/product\/danhera-aromatic-limescale-remover-spray-nr-59\/","title":{"rendered":"DANHERA Aroomiline Katlakivieemaldaja Pihusti Nr. 59"},"content":{"rendered":"<p>DANHERA teadust\u00f6\u00f6 on \u00fcmber defineerinud katlakivi puhastamise m\u00f5iste, luues toote, kus tehniline t\u00f5husus ja l\u00f5hnaline peenus sulanduvad t\u00e4iuslikuks s\u00fcnergiaks.<\/p>\n<p>Aroomiline Katlakivieemaldaja Nr. 59 toimib sihip\u00e4raselt ja \u00f5rnalt, lahustades katlakivij\u00e4\u00e4gid ja ennetades uute ladestuste teket, rikkumata pindade loomulikku ilu.<\/p>\n<p>Spetsiaalselt madala keskkonnam\u00f5juga toimeainetega koostatud, tagab see s\u00fcgava ja austava puhastuse \u2013 ideaalne klaasile, terasele, keraamikale ja sanitaartehnikale. Selle puudutus on t\u00e4pne ja kaitsev: see eemaldab mustuse ja tuhmuse, kahjustamata emaili v\u00f5i peeneid viimistluspindu, taastades ruumide s\u00e4ra ja harmoonia. <\/p>\n<p>Selle l\u00f5hnasignatuur \u00fcmbritseb ruumi rafineeritud v\u00e4rskuse atmosf\u00e4\u00e4riga, muutes igap\u00e4evase hooldusehetke t\u00f5eliseks heaolu kogemuseks.<\/p>\n<p>Tehnoloogia, looduse ja ilu liit, mis on pakendatud 100% taaskasutatud ja taaskasutatavasse PET-pudelisse j\u00e4tkusuutliku h\u00fcgieeni nimel, mis on tulevikku suunatud.<\/p>\n<p>Meeleline kogemus: Sitsiilia tsitrusel\u00f5hn. P\u00e4ikeseline ja elav bukett, kus sidrun, apelsin ja bergamot valmivad l\u00f5unapoolse p\u00e4ikese all. S\u00e4ravad ja kirkad noodid \u00e4ratavad meeled, tuues energiat, v\u00e4rskust ja ehtsat puhtust. Rafineeritud l\u00f5hnasignatuur, mis jutustab kodust kui paigast, mida armastada, milles elada ja mida jagada.   <\/p>\n<p>DANHERA Italy soovitab: pihusta otse pinnale t\u00e4nu mugavale pihustile. Lase m\u00f5juda m\u00f5ni sekund. P\u00fchi mikrokiudlapi v\u00f5i pehme k\u00e4snaga. Loputa kergesti. Igap\u00e4evase s\u00e4ra nimel kasuta regulaarselt p\u00e4rast vannitoa v\u00f5i k\u00f6\u00f6gi kasutamist.    <\/p>\n<p>Koostisosad vastavalt EL m\u00e4\u00e4rusele nr 648\/2004: v\u00e4hem kui 5%: mitteioonilised pindaktiivsed ained, l\u00f5hnaained, bens\u00fc\u00fclsalits\u00fclaat, heks\u00fc\u00fclt\u00adsinnamaal, limoneen.<\/p>\n","protected":false},"excerpt":{"rendered":"<p>DANHERA teadust\u00f6\u00f6 on \u00fcmber defineerinud katlakivi puhastamise m\u00f5iste, luues toote, kus tehniline t\u00f5husus ja l\u00f5hnaline peenus sulanduvad t\u00e4iuslikuks s\u00fcnergiaks. Aroomiline Katlakivieemaldaja Nr. 59 toimib sihip\u00e4raselt ja \u00f5rnalt, lahustades katlakivij\u00e4\u00e4gid ja ennetades uute ladestuste teket, rikkumata pindade loomulikku ilu. Spetsiaalselt madala keskkonnam\u00f5juga toimeainetega koostatud, tagab see s\u00fcgava ja austava puhastuse \u2013 ideaalne klaasile, terasele, keraamikale ja&#8230;<\/p>\n","protected":false},"featured_media":12843,"template":"","meta":{"_acf_changed":false},"product_brand":[483],"product_cat":[261],"product_tag":[],"class_list":{"0":"post-18398","1":"product","2":"type-product","3":"status-publish","4":"has-post-thumbnail","6":"product_brand-danhera-et","7":"product_cat-koduhooldus","8":"nt-post-class","9":"","12":"excerpt-none","15":"first","16":"instock","17":"taxable","18":"shipping-taxable","19":"purchasable","20":"product-type-simple"},"acf":[],"_links":{"self":[{"href":"https:\/\/store.astieks.com\/et\/wp-json\/wp\/v2\/product\/18398","targetHints":{"allow":["GET"]}}],"collection":[{"href":"https:\/\/store.astieks.com\/et\/wp-json\/wp\/v2\/product"}],"about":[{"href":"https:\/\/store.astieks.com\/et\/wp-json\/wp\/v2\/types\/product"}],"version-history":[{"count":1,"href":"https:\/\/store.astieks.com\/et\/wp-json\/wp\/v2\/product\/18398\/revisions"}],"predecessor-version":[{"id":18399,"href":"https:\/\/store.astieks.com\/et\/wp-json\/wp\/v2\/product\/18398\/revisions\/18399"}],"wp:featuredmedia":[{"embeddable":true,"href":"https:\/\/store.astieks.com\/et\/wp-json\/wp\/v2\/media\/12843"}],"wp:attachment":[{"href":"https:\/\/store.astieks.com\/et\/wp-json\/wp\/v2\/media?parent=18398"}],"wp:term":[{"taxonomy":"product_brand","embeddable":true,"href":"https:\/\/store.astieks.com\/et\/wp-json\/wp\/v2\/product_brand?post=18398"},{"taxonomy":"product_cat","embeddable":true,"href":"https:\/\/store.astieks.com\/et\/wp-json\/wp\/v2\/product_cat?post=18398"},{"taxonomy":"product_tag","embeddable":true,"href":"https:\/\/store.astieks.com\/et\/wp-json\/wp\/v2\/product_tag?post=18398"}],"curies":[{"name":"wp","href":"https:\/\/api.w.org\/{rel}","templated":true}]}}