{"id":18394,"date":"2025-08-04T15:21:03","date_gmt":"2025-08-04T13:21:03","guid":{"rendered":"https:\/\/store.astieks.com\/product\/danhera-heavy-duty-cleaner-nr-60\/"},"modified":"2025-08-04T15:21:03","modified_gmt":"2025-08-04T13:21:03","slug":"danhera-heavy-duty-cleaner-nr-60","status":"publish","type":"product","link":"https:\/\/store.astieks.com\/et\/product\/danhera-heavy-duty-cleaner-nr-60\/","title":{"rendered":"DANHERA Tugevatoimeline Puhastusvahend Nr. 60"},"content":{"rendered":"<p>TUGEVATOIMELINE PUHASTUSVAHEND Nr. 60 on \u00fclit\u00f5hus hooldus, mis on v\u00e4lja t\u00f6\u00f6tatud k\u00f5ige raskema mustuse eemaldamiseks, \u00fchendades tehnilise t\u00e4psuse ja esteetilise tundlikkuse.<\/p>\n<p>M\u00f5eldud nii sise- kui ka v\u00e4listingimustesse \u2013 alates k\u00f6\u00f6kidest kuni grillideni, terrassidest garaa\u017eideni, basseini\u00e4\u00e4rsetest aladest kuni erilise kodupuhastuseni \u2013 lahustab see kiiresti k\u00f5rbenud rasva, katlakivij\u00e4\u00e4gid, setted, orgaanilised j\u00e4\u00e4gid ja tugeva m\u00e4\u00e4rdumise, kahjustamata t\u00f6\u00f6deldud pindu.<\/p>\n<p>Selle t\u00e4iustatud valem tungib s\u00fcgavale kirurgilise t\u00e4psusega, lahustades k\u00f5ige kangekaelsemad j\u00e4\u00e4gid \u2013 mitmekihilise rasva, tugeva katlakivi ja rooste kogunemise kivil, terrakotal, tsemendil ja vastupidavatel keraamilistel pindadel.<\/p>\n<p>See tagab v\u00f5imsa, kuid tasakaalustatud t\u00f5hususe, austades materjale ja s\u00e4ilitades nende terviklikkuse.<\/p>\n<p>\u00c4\u00e4rmiselt kontsentreeritud ja mitmek\u00fclgne \u2013 seda v\u00f5ib lahjendada igap\u00e4evaseks puhastuseks v\u00f5i kasutada lahjendamata sihip\u00e4raseks hoolduseks.<\/p>\n<p>Selle l\u00f5hn Seebilike\u00f6\u00f6ri jutustab loo autentsusest ja \u00fcrgsest puhtusest: vanad k\u00e4sit\u00f6\u00f6kojad, p\u00e4ikesest soojendatud kivi, traditsioonis\u00fcgavusse sukeldunud osavad k\u00e4ed.<\/p>\n<p>Pudel, mis on valmistatud 100% taaskasutatud ja taaskasutatavast PET-ist, peegeldab DANHERA filosoofiat: puhastamine kui eetiline \u017eest, armastus kodu vastu ja vastutus maailma ees.<\/p>\n<p>Meeleline kogemus: l\u00f5hn \u201eSeebilike\u00f6\u00f6ri\u201c. S\u00fcgav ja \u00fcrgne aroom. Traditsioonilised seebinoodid p\u00f5imuvad lik\u00f6\u00f6rilaadsete, palsamiliste ja aromaatsete akordidega. Kompositsioon, mis kutsub esile ehtsuse m\u00e4lestuse, p\u00e4ikesesooja pinna ja p\u00f5hjalikult puhta, elatud ruumi. See on t\u00f5e, j\u00f5u ja puhta ilu l\u00f5hn.    <\/p>\n<p>DANHERA Italy soovitab.<br \/>Tavakasutus: lahjenda 1 korgit\u00e4is 1 liitris vees.<br \/>Intensiivne kasutus: kanna lahjendamata v\u00f5i kergelt lahjendatult k\u00f5ige m\u00e4\u00e4rdunumatele pindadele. Lase m\u00f5juda m\u00f5ned minutid, seej\u00e4rel loputa p\u00f5hjalikult.<br \/>\u00d5rnadel v\u00f5i vahaga t\u00f6\u00f6deldud pindadel tee enne kasutamist proovitest.<\/p>\n<p>Ideaalne: ahjude, kubude, pliidiplaatide, grillide, v\u00e4listingimustes p\u00f5randate, poorsete pindade ja professionaalse varustuse jaoks.    <\/p>\n<p>Koostisosad vastavalt EL m\u00e4\u00e4rusele nr. 648\/2004: v\u00e4hem kui 5%: fosfaadid, anioonilised pindaktiivsed ained, mitteioonilised pindaktiivsed ained, l\u00f5hnaained, tsitral, kumariin, heks\u00fc\u00fcltsinnamaaldeh\u00fc\u00fcd, limoneen. <\/p>\n","protected":false},"excerpt":{"rendered":"<p>&nbsp;<\/p>\n<p><em><strong>V\u00f5imas \/ T\u00e4pne \/ Laitmatu<\/strong><\/em><\/p>\n","protected":false},"featured_media":12855,"template":"","meta":{"_acf_changed":false},"product_brand":[483],"product_cat":[261],"product_tag":[],"class_list":{"0":"post-18394","1":"product","2":"type-product","3":"status-publish","4":"has-post-thumbnail","6":"product_brand-danhera-et","7":"product_cat-koduhooldus","8":"nt-post-class","9":"","15":"first","16":"instock","17":"taxable","18":"shipping-taxable","19":"purchasable","20":"product-type-simple"},"acf":[],"_links":{"self":[{"href":"https:\/\/store.astieks.com\/et\/wp-json\/wp\/v2\/product\/18394","targetHints":{"allow":["GET"]}}],"collection":[{"href":"https:\/\/store.astieks.com\/et\/wp-json\/wp\/v2\/product"}],"about":[{"href":"https:\/\/store.astieks.com\/et\/wp-json\/wp\/v2\/types\/product"}],"version-history":[{"count":0,"href":"https:\/\/store.astieks.com\/et\/wp-json\/wp\/v2\/product\/18394\/revisions"}],"wp:featuredmedia":[{"embeddable":true,"href":"https:\/\/store.astieks.com\/et\/wp-json\/wp\/v2\/media\/12855"}],"wp:attachment":[{"href":"https:\/\/store.astieks.com\/et\/wp-json\/wp\/v2\/media?parent=18394"}],"wp:term":[{"taxonomy":"product_brand","embeddable":true,"href":"https:\/\/store.astieks.com\/et\/wp-json\/wp\/v2\/product_brand?post=18394"},{"taxonomy":"product_cat","embeddable":true,"href":"https:\/\/store.astieks.com\/et\/wp-json\/wp\/v2\/product_cat?post=18394"},{"taxonomy":"product_tag","embeddable":true,"href":"https:\/\/store.astieks.com\/et\/wp-json\/wp\/v2\/product_tag?post=18394"}],"curies":[{"name":"wp","href":"https:\/\/api.w.org\/{rel}","templated":true}]}}