{"id":18390,"date":"2025-08-04T15:28:46","date_gmt":"2025-08-04T13:28:46","guid":{"rendered":"https:\/\/store.astieks.com\/product\/danhera-laundry-detergent-ultra-active-treatment-nr-61\/"},"modified":"2026-04-01T16:08:47","modified_gmt":"2026-04-01T14:08:47","slug":"danhera-laundry-detergent-ultra-active-treatment-nr-61","status":"publish","type":"product","link":"https:\/\/store.astieks.com\/et\/product\/danhera-laundry-detergent-ultra-active-treatment-nr-61\/","title":{"rendered":"DANHERA Pesugeel Ultraaktiivne hooldus Nr. 61"},"content":{"rendered":"<p>Danhera pesugeel Nr. 61 s\u00fcndis ideest, et ka kangas v\u00e4\u00e4rib oma ilurituaali. See ei ole lihtsalt pesuvahend, vaid aktiivselt taastav valem, mis toimib molekulaarse t\u00e4psusega kiududes, puhastades neid ja taastades tooni, pehmuse ja algse terviklikkuse. <\/p>\n<p>Taimset p\u00e4ritolu pindaktiivsete ainetega rikastatud koostis t\u00f6\u00f6tab s\u00fcgavpuhastava j\u00f5uga ka madalatel temperatuuridel, samal ajal austades r\u00f5ivaste struktuuri, isegi k\u00f5ige \u00f5rnemaid.<\/p>\n<p>Valgetel kangastel v\u00f5imendab selle toime kirkust, k\u00f5rvaldab tuhmi ilme ja taastab ehtsa valkuse, elustades kiude optilise ja taktiilse v\u00e4rskusetundega.<\/p>\n<p>Iga pesuga saavad r\u00f5ivad uue elu \u2013 need muutuvad puhtamaks, pehmemaks ja l\u00f5hnavamaks: meeleline kogemus \u00fclevast puhtusest, mida t\u00e4iustab DANHERA signatuurl\u00f5hn.<\/p>\n<p>Uus, 100% taaskasutatud ja taaskasutatavast PET-ist pudel v\u00e4ljendab Br\u00e4ndi p\u00fchendumust j\u00e4tkusuutlikule esteetikale ja taastatud harmooniale Loodusega.<\/p>\n<p>Meeleline kogemus: l\u00f5hn \u201eSublime Purity\u201c. Rafineeritud ja \u00fcmbritsev l\u00f5hnasegu, mis kutsub esile koidu v\u00e4rskuse, t\u00f5elise puhtuse \u00f5rnuse ja esmsete essentside kirkuse. L\u00f5hnakogemus, mis rahustab, taastab ja t\u00e4iustab kangaid peaaegu tajumatu t\u00e4iuslikkuse auraga.  <\/p>\n<p>DANHERA Italy soovitab: Pesumasinas: vala toode pesuvahendi sahtlisse v\u00f5i otse trumlisse, j\u00e4rgides soovitatud doseerimist (2,5 kg kuivpesu kohta). K\u00e4sitsi pesuks: lahusta 5 liitris k\u00fclmas v\u00f5i leiges vees, lase m\u00f5juda, masseeri \u00f5rnalt ja loputa.T\u00e4iusliku tulemuse saavutamiseks: kasuta koos PRE-TREATMENT Nr. 65 plekieemalduseks. T\u00e4ienda rituaali Fabric Softener &amp; Fragrant Notes Nr. 66-ga, et pesu oleks pehme, l\u00f5hnav ja lummav.   <\/p>\n<p>Koostisosad vastavalt EL m\u00e4\u00e4rusele nr. 648\/2004: v\u00e4hem kui 5%: amfoteersed pindaktiivsed ained, mitteioonilised pindaktiivsed ained, seep. 5\u201315%: anioonilised pindaktiivsed ained, l\u00f5hnaained, tsitronellool, kumariin, eugenool, geraniool, linalool. <\/p>\n<p>&nbsp;<\/p>\n","protected":false},"excerpt":{"rendered":"<p>S\u00fcgav ja t\u00e4ielik hooldus, mis puhastab, taastab ja annab kangastele uue eluj\u00f5u.<\/p>\n<p>Puhastab p\u00f5hjalikult, samal ajal austades kiude ja tuues esile v\u00f5rreldamatu valkuse. Selle ainulaadne l\u00f5hn muudab iga pesu puhta harmoonia hetkeks. <\/p>\n<p><em><strong>Kirkas \/ Puhas \/ Intensiivne<br \/><\/strong><\/em><\/p>\n","protected":false},"featured_media":12863,"template":"","meta":{"_acf_changed":false},"product_brand":[483],"product_cat":[261,263],"product_tag":[],"class_list":{"0":"post-18390","1":"product","2":"type-product","3":"status-publish","4":"has-post-thumbnail","6":"product_brand-danhera-et","7":"product_cat-koduhooldus","8":"product_cat-pesuhooldus","9":"nt-post-class","10":"","16":"first","17":"outofstock","18":"taxable","19":"shipping-taxable","20":"purchasable","21":"product-type-simple"},"acf":[],"_links":{"self":[{"href":"https:\/\/store.astieks.com\/et\/wp-json\/wp\/v2\/product\/18390","targetHints":{"allow":["GET"]}}],"collection":[{"href":"https:\/\/store.astieks.com\/et\/wp-json\/wp\/v2\/product"}],"about":[{"href":"https:\/\/store.astieks.com\/et\/wp-json\/wp\/v2\/types\/product"}],"version-history":[{"count":1,"href":"https:\/\/store.astieks.com\/et\/wp-json\/wp\/v2\/product\/18390\/revisions"}],"predecessor-version":[{"id":20597,"href":"https:\/\/store.astieks.com\/et\/wp-json\/wp\/v2\/product\/18390\/revisions\/20597"}],"wp:featuredmedia":[{"embeddable":true,"href":"https:\/\/store.astieks.com\/et\/wp-json\/wp\/v2\/media\/12863"}],"wp:attachment":[{"href":"https:\/\/store.astieks.com\/et\/wp-json\/wp\/v2\/media?parent=18390"}],"wp:term":[{"taxonomy":"product_brand","embeddable":true,"href":"https:\/\/store.astieks.com\/et\/wp-json\/wp\/v2\/product_brand?post=18390"},{"taxonomy":"product_cat","embeddable":true,"href":"https:\/\/store.astieks.com\/et\/wp-json\/wp\/v2\/product_cat?post=18390"},{"taxonomy":"product_tag","embeddable":true,"href":"https:\/\/store.astieks.com\/et\/wp-json\/wp\/v2\/product_tag?post=18390"}],"curies":[{"name":"wp","href":"https:\/\/api.w.org\/{rel}","templated":true}]}}