{"id":18387,"date":"2025-08-04T15:37:14","date_gmt":"2025-08-04T13:37:14","guid":{"rendered":"https:\/\/store.astieks.com\/product\/danhera-silk-delicates-nr-62\/"},"modified":"2026-03-20T11:43:56","modified_gmt":"2026-03-20T09:43:56","slug":"danhera-silk-delicates-nr-62","status":"publish","type":"product","link":"https:\/\/store.astieks.com\/et\/product\/danhera-silk-delicates-nr-62\/","title":{"rendered":"DANHERA siidile ja \u00f5rnadele kangastele Nr. 62 pesugeel"},"content":{"rendered":"<p>Selle valem, rikastatud siidivalgudega, toimib kui regenereeriv eliksiir: see tungib \u00f5rnalt kiududesse, eemaldades mustuse ja j\u00e4\u00e4gid \u00e4\u00e4retu \u00f5rnusega, samal ajal niisutades, toites ja kaitstes.<\/p>\n<p>Iga pesuga taastavad kangad oma loomuliku s\u00e4ra, siledapinnalise tekstuuri ja erakordse pehmuse, justkui oleksid need \u00e4sja ostetud.<\/p>\n<p>Roosipulbri l\u00f5hn on peen ja sofistikeeritud, \u00fcmbritsedes r\u00f5ivaid puhta naiselikkuse j\u00e4ljega ning kutsudes esile intiimse elegantsi ajatut v\u00f5lu.<\/p>\n<p>Koostatud k\u00f5rge puhtusastmega botaaniliste pindaktiivsete ainetega, v\u00f5itleb see kiudude vananemise vastu, s\u00e4ilitades kallite r\u00f5ivaste algse ilu.<\/p>\n<p>Koos Fabric Softener &amp; Odor Notes Nr. 66-ga muutub pesu kangaste emotsioonide kogumiks, mida kogeda v\u00f5lu ja naudinguga.<\/p>\n<p>M\u00f5eldud siidi, pitsi, looduslike kiudude ja \u00f5rnade kangaste hoolduseks; ideaalne intiimr\u00f5ivaste, k\u00f5rgmoe ja iga kanga jaoks, mis vajab hellat l\u00e4henemist.<\/p>\n<p>Meeleline kogemus: Roosipulbri l\u00f5hn. Kutsumus ajatusse peenetesse n\u00fcanssidesse, kus pulbri \u00f5rn pehmus sulandub siidse roosi \u00f5rnusega. L\u00f5hn nostalgilise ja sofistikeeritud hingega, mis suudab hellitada meeli vaevum\u00e4rgatava, peaaegu \u00f5hulise puudutusega. Pulbrilised ja lillelised noodid sulanduvad pehmeks ja lohutavaks \u00f5huks, meenutades peente kangaste l\u00f5hna ja intiimseid, kaitsvaid atmosf\u00e4\u00e4re, viies meid igavese elegantsi boudoiri.   <\/p>\n<p>DANHERA Italy soovitused: vala v\u00e4ike kogus toodet pesumasina sahtlisse v\u00f5i leige vette k\u00e4sipesuks. Ideaalne sagedaseks pesuks ja r\u00f5ivaste jaoks, mis vajavad erilist hooldust. \u00c4ra keeruta k\u00f5rgel kiirusel. Parima tulemuse saavutamiseks kuivata r\u00f5ivad varjus tasastel pindadel v\u00f5i riputa h\u00e4sti ventileeritud kohta. T\u00e4iuslikuks rituaaliks: kasuta koos Fabric Softener &amp; Odor Notes Nr. 66-ga. Plekkide eemaldamiseks: kasuta enne pesu PRE-TREATMENT Nr. 65, et kaitsta v\u00e4rve ja optimeerida tulemusi ka madalatel temperatuuridel.     <\/p>\n<p>Koostisosad vastavad CE m\u00e4\u00e4rusele nr. 648\/2004: v\u00e4hem kui 5%: amfoteersed pindaktiivsed ained, mitteioonilised pindaktiivsed ained, seep. 5\u201315%: anioonilised pindaktiivsed ained. L\u00f5hn, kumariin, geraniool, limoneen, linalool.  <\/p>\n","protected":false},"excerpt":{"rendered":"<p>Vedel hellitus, mis puhastab, regenereerib ja toob esile ka k\u00f5ige \u00f5rnemaid r\u00f5ivaid.<br \/>\n\u00d5rn emulsioon, loodud siidi, villa, pesu ja peente kangaste hoolduseks.<br \/>\nH\u00fcdrol\u00fc\u00fcsitud siidivalgudega rikastatud, toidab, pehmendab ja s\u00e4ilitab k\u00f5ige peenemate kangaste loomuliku ilu, austades nende struktuuri ja pikendades eluiga.<br \/>\nAndes kangastele s\u00e4rava, sametise ja siidise v\u00e4ljan\u00e4gemise, s\u00e4ilitades nende algse istuvuse ja elastsuse.<\/p>\n<p>Siidine \/ Regenereeriv \/ Hellitav<\/p>\n","protected":false},"featured_media":12873,"template":"","meta":{"_acf_changed":false},"product_brand":[483],"product_cat":[261,263],"product_tag":[],"class_list":{"0":"post-18387","1":"product","2":"type-product","3":"status-publish","4":"has-post-thumbnail","6":"product_brand-danhera-et","7":"product_cat-koduhooldus","8":"product_cat-pesuhooldus","9":"nt-post-class","10":"","16":"first","17":"outofstock","18":"taxable","19":"shipping-taxable","20":"purchasable","21":"product-type-simple"},"acf":[],"_links":{"self":[{"href":"https:\/\/store.astieks.com\/et\/wp-json\/wp\/v2\/product\/18387","targetHints":{"allow":["GET"]}}],"collection":[{"href":"https:\/\/store.astieks.com\/et\/wp-json\/wp\/v2\/product"}],"about":[{"href":"https:\/\/store.astieks.com\/et\/wp-json\/wp\/v2\/types\/product"}],"version-history":[{"count":1,"href":"https:\/\/store.astieks.com\/et\/wp-json\/wp\/v2\/product\/18387\/revisions"}],"predecessor-version":[{"id":20049,"href":"https:\/\/store.astieks.com\/et\/wp-json\/wp\/v2\/product\/18387\/revisions\/20049"}],"wp:featuredmedia":[{"embeddable":true,"href":"https:\/\/store.astieks.com\/et\/wp-json\/wp\/v2\/media\/12873"}],"wp:attachment":[{"href":"https:\/\/store.astieks.com\/et\/wp-json\/wp\/v2\/media?parent=18387"}],"wp:term":[{"taxonomy":"product_brand","embeddable":true,"href":"https:\/\/store.astieks.com\/et\/wp-json\/wp\/v2\/product_brand?post=18387"},{"taxonomy":"product_cat","embeddable":true,"href":"https:\/\/store.astieks.com\/et\/wp-json\/wp\/v2\/product_cat?post=18387"},{"taxonomy":"product_tag","embeddable":true,"href":"https:\/\/store.astieks.com\/et\/wp-json\/wp\/v2\/product_tag?post=18387"}],"curies":[{"name":"wp","href":"https:\/\/api.w.org\/{rel}","templated":true}]}}