{"id":18381,"date":"2025-08-04T15:44:50","date_gmt":"2025-08-04T13:44:50","guid":{"rendered":"https:\/\/store.astieks.com\/product\/danhera-baby-laundry-nr-63\/"},"modified":"2025-08-04T15:44:50","modified_gmt":"2025-08-04T13:44:50","slug":"danhera-baby-laundry-nr-63","status":"publish","type":"product","link":"https:\/\/store.astieks.com\/et\/product\/danhera-baby-laundry-nr-63\/","title":{"rendered":"Danhera Beebi Pesuvahend Nr. 63"},"content":{"rendered":"<p>DANHERA l\u00f5i Beebi Pesuvahend Nr. 63, et minna kaugemale lihtsast puhastamisest: see on s\u00fcgava hoolitsuse akt, loodud kaitsma vasts\u00fcndinu nahka maksimaalse \u00f5rnusega.<\/p>\n<p>Taimsetel pindaktiivsetel ainetel p\u00f5hinev ja Nisuvalkudega rikastatud valem puhastab t\u00f5husalt, kuid \u00f5rnalt, austades naha loomulikku tasakaalu. Need valgud, mis on tuntud oma erakordsete rahustavate, kaitsvate ja pehmendavate omaduste poolest, toimivad loomuliku kilbina: need seonduvad kangakiududega ja vabastavad \u00f5hukese niisutava kihi, mis aitab v\u00e4ltida h\u00f5\u00f5rdumisest tingitud \u00e4rritust ja punetust. <\/p>\n<p>Nahale s\u00f5bralik pH ning s\u00fcnteetiliste l\u00f5hnade ja potentsiaalselt \u00e4rritavate koostisosade t\u00e4ielik puudumine muudavad selle pesuvahendi ideaalseks nii vasts\u00fcndinute riiete kui ka k\u00f5igi jaoks, kes otsivad puhast, \u00f5rna ning naha- ja keskkonnas\u00f5bralikku pesuvahendit.<\/p>\n<p>Esmapuhas hooldus<\/p>\n<p>Bucato Baby N\u00b063 on v\u00e4ike kaitserituaal, mis saadab kasvamist armastusega. Iga tilk selle nahaga \u00fchilduvast valemist on innovatsiooni, puhtuse ja t\u00f5hususe kontsentraat, mis muudab iga pesu heaolu hetkeks. <\/p>\n<p>H\u00fcdrol\u00fc\u00fcsitud nisuvalgud \u2013 tundliku naha looduslikud liitlased \u2013 pakuvad t\u00f5husat hooldavat, rahustavat ja taastavat toimet, parandades kanga tekstuuri ja muutes r\u00f5ivad puudutades veelgi pehmemaks, nagu hell pai.<\/p>\n<p>T\u00e4iuslik pesuks body\u2019dele, beebis\u00e4rkidele, tekkidele, marlim\u00e4hkmetele, luttidele ja k\u00f5igile kangastele, mis puutuvad kokku vasts\u00fcndinu \u00f5rna nahaga.<\/p>\n<p>Meeleline kogemus: l\u00f5hn \u201ePrimordial Purity\u201c. Kutse absoluutsele puhtusele, kus iga noot sulandub rikkumatu, rahustava v\u00e4rskuse tundesse. \u201ePrimordial Purity\u201c l\u00f5hn on kerge, \u00f5huline ja \u00fcmbritsev nagu vatipilv, mida tuul \u00f5rnalt puudutab. Selle n\u00fcansid meenutavad t\u00f5elise, loodusliku puhtuse hellitavat embust. \u00d5rn puudritoon ja peen magusus, peaaegu \u00f5huline. Hinnaline aroom nagu esimene kallistus, nagu vasts\u00fcndinud elu puhas hingus.    <\/p>\n<p>DANHERA Italy soovitab: vala soovitatud kogus pesuvahendi sahtlisse v\u00f5i otse trumlisse. K\u00e4sitsipesu puhul lahusta soojas vees ja lase m\u00f5ni minut seista. Loputa p\u00f5hjalikult.   Sobib igap\u00e4evaseks kasutamiseks body\u2019de, beebiriiete, tekkide, marlim\u00e4hkmete, luttide, aluspesu ja k\u00f5igi r\u00f5ivaste pesuks, mis puutuvad otseselt kokku beebide ja laste \u00f5rna nahaga. Plekkide eemaldamiseks: kasuta enne pesu PRE-TREATMENT N\u00b065, et saavutada parim tulemus ka madalatel temperatuuridel. T\u00e4iusliku hoolduse ja pehmuse saavutamiseks kasuta koos Fabric Softener &amp; Fragrant Notes N\u00b066-ga.  <\/p>\n<p>Koostis vastab m\u00e4\u00e4rusele (E\u00dc) nr 648\/2004: 5\u201315%: katioonsed pindaktiivsed ained. L\u00f5hnaained: Amyl Cinnamal, Bens\u00fc\u00fclalkohol, Citronellol, Kumariin, Geraniool, H\u00fcdroks\u00fctsitronellal, Linalool <\/p>\n","protected":false},"excerpt":{"rendered":"<p>Puhas ja eksklusiivne valem, loodud hoolitsema k\u00f5ige \u00f5rnemate kangaste ja k\u00f5ige tundlikuma naha eest. Bucato Baby N\u00b063 on igap\u00e4evane armastuse \u017eest, mis tagab laitmatu puhtuse, t\u00e4ieliku ohutuse ja pideva kaitse. T\u00e4nu allergeenivabale ja mitte\u00e4rritavale koostisele m\u00e4hkub iga r\u00f5ivas \u00f5rna \u00fcrgse puhtuse embusesse, saates elu esimesi hetki austuse ja hellusega.  <\/p>\n<p><em><strong>T\u00e4ielik Biokooslus<\/strong><\/em><\/p>\n<p><em><strong>Kaitsev \/ Puhas \/ \u00d5rn<\/strong><\/em><\/p>\n","protected":false},"featured_media":12881,"template":"","meta":{"_acf_changed":false},"product_brand":[483],"product_cat":[261,263],"product_tag":[],"class_list":{"0":"post-18381","1":"product","2":"type-product","3":"status-publish","4":"has-post-thumbnail","6":"product_brand-danhera-et","7":"product_cat-koduhooldus","8":"product_cat-pesuhooldus","9":"nt-post-class","10":"","16":"first","17":"instock","18":"taxable","19":"shipping-taxable","20":"purchasable","21":"product-type-simple"},"acf":[],"_links":{"self":[{"href":"https:\/\/store.astieks.com\/et\/wp-json\/wp\/v2\/product\/18381","targetHints":{"allow":["GET"]}}],"collection":[{"href":"https:\/\/store.astieks.com\/et\/wp-json\/wp\/v2\/product"}],"about":[{"href":"https:\/\/store.astieks.com\/et\/wp-json\/wp\/v2\/types\/product"}],"version-history":[{"count":0,"href":"https:\/\/store.astieks.com\/et\/wp-json\/wp\/v2\/product\/18381\/revisions"}],"wp:featuredmedia":[{"embeddable":true,"href":"https:\/\/store.astieks.com\/et\/wp-json\/wp\/v2\/media\/12881"}],"wp:attachment":[{"href":"https:\/\/store.astieks.com\/et\/wp-json\/wp\/v2\/media?parent=18381"}],"wp:term":[{"taxonomy":"product_brand","embeddable":true,"href":"https:\/\/store.astieks.com\/et\/wp-json\/wp\/v2\/product_brand?post=18381"},{"taxonomy":"product_cat","embeddable":true,"href":"https:\/\/store.astieks.com\/et\/wp-json\/wp\/v2\/product_cat?post=18381"},{"taxonomy":"product_tag","embeddable":true,"href":"https:\/\/store.astieks.com\/et\/wp-json\/wp\/v2\/product_tag?post=18381"}],"curies":[{"name":"wp","href":"https:\/\/api.w.org\/{rel}","templated":true}]}}