{"id":18378,"date":"2025-08-04T15:55:06","date_gmt":"2025-08-04T13:55:06","guid":{"rendered":"https:\/\/store.astieks.com\/product\/danhera-darks-colored-detergent-nr-64\/"},"modified":"2026-04-01T16:07:02","modified_gmt":"2026-04-01T14:07:02","slug":"danhera-darks-colored-detergent-nr-64","status":"publish","type":"product","link":"https:\/\/store.astieks.com\/et\/product\/danhera-darks-colored-detergent-nr-64\/","title":{"rendered":"DANHERA Tume- ja V\u00e4rviliste Riiete Pesugeel Nr. 64"},"content":{"rendered":"<p>DARK &amp; COLORED LAUNDRY DETERGENT Nr. 64 on k\u00f5rgetasemeline valem, mis on loodud s\u00e4ilitama musta s\u00fcgavust ja v\u00e4rvide kirkust ka p\u00e4rast korduvaid pesuts\u00fckleid. T\u00f5eline iluhooldus kangastele, mis \u00fchendab t\u00f5husa puhastuse ja v\u00e4rvitugevust s\u00e4ilitava tehnoloogia. <\/p>\n<p>T\u00e4nu taimsetel pindaktiivsetel ainetel ja v\u00e4rvistabilisaatoritel p\u00f5hinevale s\u00fcnergilisele toimele hoiab see \u00e4ra v\u00e4rvide v\u00e4lja pesemise ja pigmentide \u00fclekande, tagades, et r\u00f5ivad j\u00e4\u00e4vad silman\u00e4htavalt erksamad, rikkalikumad ja kauakestvamad. Toimib ka madalatel temperatuuridel, s\u00e4ilitades musta intensiivsuse ja s\u00fcgavamad toonid ning v\u00e4ltides tuhmumist. <\/p>\n<p>Uue p\u00f5lvkonna botaaniliste pindaktiivsete ainetega rikastatud koostis toimib molekulaarse t\u00e4psusega, eemaldades mustuse, samal ajal kaitstes t\u00e4ielikult kiudude struktuuri. Selle sihip\u00e4rane toime madalatel temperatuuridel aitab r\u00f5iva v\u00e4limust uuendada, s\u00e4ilitades elastsuse, vormi ja v\u00e4rvi intensiivsuse. <\/p>\n<p>Iga pesuga muutuvad r\u00f5ivad kompaktsemaks, siidisemaks ja s\u00fcgavpuhastatuks, neid kaitseb n\u00e4htamatu loor, mis s\u00e4ilitab pigmendid ja toob esile visuaalse s\u00e4ra. Rafineeritud ja elav l\u00f5hn t\u00e4iendab meelelist kogemust peene elegantsi puudutusega. <\/p>\n<p>Meeleline kogemus: l\u00f5hn Nature\u2019s Emotions. Intensiivne ja eluj\u00f5uline aroom, mis jutustab metsa hingusest, juurte v\u00e4est ja mahla vibratsioonist. Rohelised, niisked ja \u00fcmbritsevad noodid, mis kajastavad \u00fcrgset sidet Maa ja Kanga vahel, muutes pesemise s\u00fcgavaks meeleliseks kogemuseks.  <\/p>\n<p>DANHERA Italy soovitab: vala soovitatud kogus vastavalt mustuse tasemele ja vee karedusele. Sobib nii masin- kui ka k\u00e4sitsipesuks. Parima v\u00e4rvihoolduse tagamiseks pese sarnaseid r\u00f5ivaid koos ja pahupidi p\u00f6\u00f6ratuna.  <\/p>\n<p>Koostis vastab m\u00e4\u00e4rusele (E\u00dc) nr 648\/2004. <br \/>5\u201315%: katioonsed pindaktiivsed ained. L\u00f5hnaained: Amyl Cinnamal, Bens\u00fc\u00fclalkohol, Citronellol, Kumariin, Geraniool, H\u00fcdroks\u00fctsitronellal, Linalool   <\/p>\n","protected":false},"excerpt":{"rendered":"<p>Tehniline ja meeleline pesuvahend, mis on loodud kaitsma v\u00e4rvide intensiivsust ja tumedate kiudude struktuuri.<br \/>\nSelle biokoosluslik valem toimib \u00f5rnalt ja t\u00f5husalt, elustades toone ja hoides \u00e4ra tuhmumise.<br \/>\nSee puhastab s\u00fcgavalt, j\u00e4ttes kangad kompaktseks, pehmeks ja s\u00e4ravalt kirkaks.<\/p>\n<p>V\u00e4rvikaitsev hooldus \/ Kromaatiline intensiivsus<\/p>\n","protected":false},"featured_media":12892,"template":"","meta":{"_acf_changed":false},"product_brand":[483],"product_cat":[261,263],"product_tag":[],"class_list":{"0":"post-18378","1":"product","2":"type-product","3":"status-publish","4":"has-post-thumbnail","6":"product_brand-danhera-et","7":"product_cat-koduhooldus","8":"product_cat-pesuhooldus","9":"nt-post-class","10":"","16":"first","17":"instock","18":"taxable","19":"shipping-taxable","20":"purchasable","21":"product-type-simple"},"acf":[],"_links":{"self":[{"href":"https:\/\/store.astieks.com\/et\/wp-json\/wp\/v2\/product\/18378","targetHints":{"allow":["GET"]}}],"collection":[{"href":"https:\/\/store.astieks.com\/et\/wp-json\/wp\/v2\/product"}],"about":[{"href":"https:\/\/store.astieks.com\/et\/wp-json\/wp\/v2\/types\/product"}],"version-history":[{"count":1,"href":"https:\/\/store.astieks.com\/et\/wp-json\/wp\/v2\/product\/18378\/revisions"}],"predecessor-version":[{"id":18380,"href":"https:\/\/store.astieks.com\/et\/wp-json\/wp\/v2\/product\/18378\/revisions\/18380"}],"wp:featuredmedia":[{"embeddable":true,"href":"https:\/\/store.astieks.com\/et\/wp-json\/wp\/v2\/media\/12892"}],"wp:attachment":[{"href":"https:\/\/store.astieks.com\/et\/wp-json\/wp\/v2\/media?parent=18378"}],"wp:term":[{"taxonomy":"product_brand","embeddable":true,"href":"https:\/\/store.astieks.com\/et\/wp-json\/wp\/v2\/product_brand?post=18378"},{"taxonomy":"product_cat","embeddable":true,"href":"https:\/\/store.astieks.com\/et\/wp-json\/wp\/v2\/product_cat?post=18378"},{"taxonomy":"product_tag","embeddable":true,"href":"https:\/\/store.astieks.com\/et\/wp-json\/wp\/v2\/product_tag?post=18378"}],"curies":[{"name":"wp","href":"https:\/\/api.w.org\/{rel}","templated":true}]}}