{"id":18360,"date":"2025-08-05T10:51:28","date_gmt":"2025-08-05T08:51:28","guid":{"rendered":"https:\/\/store.astieks.com\/product\/danhera-stain-solution-nr-65\/"},"modified":"2025-10-17T11:33:29","modified_gmt":"2025-10-17T09:33:29","slug":"danhera-stain-solution-nr-65","status":"publish","type":"product","link":"https:\/\/store.astieks.com\/et\/product\/danhera-stain-solution-nr-65\/","title":{"rendered":"DANHERA Universaalne plekieemaldusvahend Nr. 65"},"content":{"rendered":"<p>Nr. 65 on tulemus t\u00e4iustatud kosmeetikaalases uurimist\u00f6\u00f6s selektiivse puhastuse valdkonnas.<\/p>\n<p>See k\u00f5rgkontsentreeritud valem toimib kirurgilise t\u00e4psusega k\u00f5ige probleemsetele pesu aladele, eemaldades k\u00f5ik j\u00e4ljed orgaanilisest mustusest, rasust, keharasvast, toidu plekkidest ja kangekaelsetest pigmentidest.<\/p>\n<p>T\u00e4nu biolagunevate pindaktiivsete ainete ja k\u00f5rge ens\u00fcmaatilise aktiivsusega komponentide s\u00fcnergiale lahustab see kiiresti ebapuhtused, kahjustamata samas kanga struktuuri.<\/p>\n<p>Sobib ka \u00f5rnade r\u00f5ivastele, villale, peenele puuvillale, linale ja tehnilistele micro kiududele \u2013 t\u00f5eline liitlane sinu pesurituaalis.<\/p>\n<p>Tehniline toode, mis muutub hoolitsuseks, on suletud 100% taaskasutatud ja taaskasutatavast PET-ist valmistatud kompaktsesse pudelisse \u2013 teadlik elegants, mis algab detailidest.<\/p>\n<p>DANHERA Italy n\u00f5uanded: Kanna v\u00e4ike kogus toodet otse plekile, kraele, mansetile v\u00f5i soovitud alale. H\u00f5\u00f5ru \u00f5rnalt aplikaatoriotsikuga, et toode imenduks kiududesse. Pese riiet sobiva DANHERA pesuvahendiga.  <\/p>\n<p>Meeleline kogemus: Fragrance Journey into Purity. L\u00f5hn, mis \u00fchendab looduse taastava j\u00f5u autentse puhtuse v\u00e4rskusega. Journey into Purity \u00fcmbritseb meeled valge muskuselise ja \u00f5rna talginoodiga, meenutades \u00f5hu puhtust p\u00e4rast tormi ja kangaste pehmust, mida hellitab tuul.  <\/p>\n<p>Pre-Wash Treatment Nr. 65 aitab enne pesemist:<br \/>\nEemaldada plekke t\u00f5husalt ka madalal temperatuuril<br \/>\nV\u00e4ltida pesuvahendi raiskamist<br \/>\nV\u00e4hendada energiatarbimist<br \/>\nS\u00e4ilitada kangaste kvaliteeti <\/p>\n<p>Kasuta seda ka valgete r\u00f5ivaste ereduse taastamiseks. Silmapaistva tulemuse saamiseks aegunud ja pesuts\u00fcklitest tuhmiks muutunud valgetel kangastel, kasuta Stain Solution\u2019i koos Pesuvahendi Nr. 61\u2019ga. Kasutamine: Lisa v\u00e4ike kogus Nr. 65 otse pesumasina trumli koos valge pesu ja Detergent Nr. 61\u2019ga.<\/p>\n<p>See s\u00fcnergia:<\/p>\n<p>Tugevdab valgendavat toimet<br \/>\nNeutraliseerib j\u00e4\u00e4kidest ja katlakivist tingitud hallika varjundi<br \/>\nElustab valged kangad, muutes need n\u00e4htavalt heledamaks<br \/>\n <br \/>See on nagu anda oma valgetele r\u00f5ivastele uus elu \u2013 ilma karmide pleegitajateta.<\/p>\n<p><em><strong>Kaitsev pleekieemaldusvahend\/ kontsentreeritud koostis<\/strong><\/em><\/p>\n","protected":false},"excerpt":{"rendered":"<p>Intensiivne ja sihip\u00e4rane hooldus, mis on loodud kaotama isegi k\u00f5ige visamad plekid kraedelt, mansettidelt, kaenlaalustelt ja \u00f5rnadelt kangastelt.<\/p>\n<p>Tagab silmapaistva t\u00f5hususe, austades samal ajal nii kiude kui ka nahka.<\/p>\n<p>Toimib juba madalatel temperatuuridel ja valmistab r\u00f5ivad ette pesuks \u00fclimalt hoolival ja \u00f5rnal viisil.<\/p>\n<p>Kaitsev plekieemaldus \/ kontsentreeritud valem<\/p>\n","protected":false},"featured_media":12903,"template":"","meta":{"_acf_changed":false},"product_brand":[483],"product_cat":[261,263],"product_tag":[],"class_list":{"0":"post-18360","1":"product","2":"type-product","3":"status-publish","4":"has-post-thumbnail","6":"product_brand-danhera-et","7":"product_cat-koduhooldus","8":"product_cat-pesuhooldus","9":"nt-post-class","10":"","16":"first","17":"instock","18":"taxable","19":"shipping-taxable","20":"purchasable","21":"product-type-simple"},"acf":[],"_links":{"self":[{"href":"https:\/\/store.astieks.com\/et\/wp-json\/wp\/v2\/product\/18360","targetHints":{"allow":["GET"]}}],"collection":[{"href":"https:\/\/store.astieks.com\/et\/wp-json\/wp\/v2\/product"}],"about":[{"href":"https:\/\/store.astieks.com\/et\/wp-json\/wp\/v2\/types\/product"}],"version-history":[{"count":2,"href":"https:\/\/store.astieks.com\/et\/wp-json\/wp\/v2\/product\/18360\/revisions"}],"predecessor-version":[{"id":18982,"href":"https:\/\/store.astieks.com\/et\/wp-json\/wp\/v2\/product\/18360\/revisions\/18982"}],"wp:featuredmedia":[{"embeddable":true,"href":"https:\/\/store.astieks.com\/et\/wp-json\/wp\/v2\/media\/12903"}],"wp:attachment":[{"href":"https:\/\/store.astieks.com\/et\/wp-json\/wp\/v2\/media?parent=18360"}],"wp:term":[{"taxonomy":"product_brand","embeddable":true,"href":"https:\/\/store.astieks.com\/et\/wp-json\/wp\/v2\/product_brand?post=18360"},{"taxonomy":"product_cat","embeddable":true,"href":"https:\/\/store.astieks.com\/et\/wp-json\/wp\/v2\/product_cat?post=18360"},{"taxonomy":"product_tag","embeddable":true,"href":"https:\/\/store.astieks.com\/et\/wp-json\/wp\/v2\/product_tag?post=18360"}],"curies":[{"name":"wp","href":"https:\/\/api.w.org\/{rel}","templated":true}]}}