{"id":18345,"date":"2025-08-05T10:56:15","date_gmt":"2025-08-05T08:56:15","guid":{"rendered":"https:\/\/store.astieks.com\/product\/danhera-perfuming-conditioner-nr-66\/"},"modified":"2025-10-02T11:51:01","modified_gmt":"2025-10-02T09:51:01","slug":"danhera-perfuming-conditioner-nr-66","status":"publish","type":"product","link":"https:\/\/store.astieks.com\/et\/product\/danhera-perfuming-conditioner-nr-66\/","title":{"rendered":"DANHERA kontsentreeritud l\u00f5hnastatud pesupehmendi Nr. 66"},"content":{"rendered":"<p>Kontsentreeritud l\u00f5hnastatud pesupehmendi unikaalse pehmendava toime ja KOLLASTE LILLEDE j\u00f5ulise aroomiga.<\/p>\n<p>K\u00fcllastunud kreemjas tekstuur. Aktiivsete toitvate komponentidega koostis tagab kangakiudude s\u00fcgava hoolduse ja v\u00e4rskendamise. Annab pesule \u00f5rna aroomi ja loob hubase emotsionaalse \u00f5hkkonna. T\u00e4nu erilisele taimeekstraktidel p\u00f5hinevale pehmendavale koostisele saavad kangakiud t\u00e4iendavat t\u00e4helepanu ja kaitset, mis omakorda h\u00f5lbustab triikimist.<\/p>\n<p>Sensoorne kogemus: Metsikute kollaste lillede l\u00f5hn. Ere, p\u00e4ikeseline ja elav l\u00f5hn. See toob esile \u00f5ues, \u00f5itsvate p\u00f5ldude, suvise p\u00e4ikesepaiste ja \u00f5rna tuulekese vahel veedetud p\u00e4evade magususe. L\u00f5hnakompositsioon, mis paitab meeli, annab kergust ja annab kangastele loomuliku \u00f5nne aura.   <\/p>\n<p>Selle vol\u00fc\u00fcmi andev ja taastav toime annab kangastele kohevust ja kergust, muudab triikimise lihtsamaks ning aitab v\u00e4ltida kulumist.<\/p>\n<p>T\u00e4nu \u00f5rnale emulsioonile ja t\u00e4ielikule silikoonide, v\u00e4rvainete ja agressiivsete ainete puudumisele sobib see ka k\u00f5ige tundlikumale nahale, sealhulgas beebiriietele, pesule ja kangastele, mis puutuvad otse kokku nahaga.<\/p>\n<p>Nr. 66 toimib ideaalses s\u00fcnergias DANHERA pesuvahenditega \u2013 Nr. 61, 62, 63, 64, 68, tugevdades hooldust ja pikendades l\u00f5hnaelamust: iga liigutusega vabaneb peen j\u00e4ljeke \u2013 \u00f5rn embus, mis saadab kandjat kogu p\u00e4eva. KONTSENTREERITUD VAHEND. 2,5 kg kuiva pesu kohta lisage 2 korgit\u00e4it vahendit pesumasinasse enne viimast loputamist. Sobib k\u00e4sipesuks. P\u00e4rast pesu ja loputust pange esemed k\u00fclma vee ja pesupehmendi lahusesse (2 korgit\u00e4it vahendit 5 l vee kohta). Eemaldage p\u00e4rast leotamist ettevaatlikult \u00fcleliigne vesi, pesu ei tohi v\u00e4lja v\u00e4\u00e4nata.<\/p>\n<p>Lisaloputust ei ole vaja. Kohanda l\u00f5hna tugevust vastavalt eelistusele, muutes doseeringut.<\/p>\n","protected":false},"excerpt":{"rendered":"<p>Auline ja pehmendav hooldus, mis muudab iga pesukorra puhta ilu rituaaliks.<\/p>\n<p>Pesupehmendi ja l\u00f5hnanoodid Nr. 66 m\u00e4hivad kangad siidisesse paitusesse, andes neile pehmust, vol\u00fc\u00fcmi ja rafineeritud, kauakestva aroomi.<\/p>\n<p>Iga kiud on uuendatud, kaitstud ja valgusega t\u00e4idetud, samal ajal kui Metsikute Kollaste Lillede p\u00e4ikeseline l\u00f5hn kingib heaolu ja harmoonia tunde.<\/p>\n<p>Igap\u00e4evane \u017eest, mis katab pesu v\u00f5lu ja \u00f5rnusega. Ainulaadne. <\/p>\n<p><em><strong>Pehmus, Puhtus, Harmoonia<\/strong><\/em><\/p>\n","protected":false},"featured_media":12913,"template":"","meta":{"_acf_changed":false},"product_brand":[483],"product_cat":[261,263],"product_tag":[],"class_list":{"0":"post-18345","1":"product","2":"type-product","3":"status-publish","4":"has-post-thumbnail","6":"product_brand-danhera-et","7":"product_cat-koduhooldus","8":"product_cat-pesuhooldus","9":"nt-post-class","10":"","16":"first","17":"instock","18":"taxable","19":"shipping-taxable","20":"purchasable","21":"product-type-simple"},"acf":[],"_links":{"self":[{"href":"https:\/\/store.astieks.com\/et\/wp-json\/wp\/v2\/product\/18345","targetHints":{"allow":["GET"]}}],"collection":[{"href":"https:\/\/store.astieks.com\/et\/wp-json\/wp\/v2\/product"}],"about":[{"href":"https:\/\/store.astieks.com\/et\/wp-json\/wp\/v2\/types\/product"}],"version-history":[{"count":3,"href":"https:\/\/store.astieks.com\/et\/wp-json\/wp\/v2\/product\/18345\/revisions"}],"predecessor-version":[{"id":18374,"href":"https:\/\/store.astieks.com\/et\/wp-json\/wp\/v2\/product\/18345\/revisions\/18374"}],"wp:featuredmedia":[{"embeddable":true,"href":"https:\/\/store.astieks.com\/et\/wp-json\/wp\/v2\/media\/12913"}],"wp:attachment":[{"href":"https:\/\/store.astieks.com\/et\/wp-json\/wp\/v2\/media?parent=18345"}],"wp:term":[{"taxonomy":"product_brand","embeddable":true,"href":"https:\/\/store.astieks.com\/et\/wp-json\/wp\/v2\/product_brand?post=18345"},{"taxonomy":"product_cat","embeddable":true,"href":"https:\/\/store.astieks.com\/et\/wp-json\/wp\/v2\/product_cat?post=18345"},{"taxonomy":"product_tag","embeddable":true,"href":"https:\/\/store.astieks.com\/et\/wp-json\/wp\/v2\/product_tag?post=18345"}],"curies":[{"name":"wp","href":"https:\/\/api.w.org\/{rel}","templated":true}]}}