{"id":18339,"date":"2025-08-05T12:05:24","date_gmt":"2025-08-05T10:05:24","guid":{"rendered":"https:\/\/store.astieks.com\/product\/danhera-la-carezza-laundry-fragrance\/"},"modified":"2025-08-05T12:05:24","modified_gmt":"2025-08-05T10:05:24","slug":"danhera-la-carezza-laundry-fragrance","status":"publish","type":"product","link":"https:\/\/store.astieks.com\/et\/product\/danhera-la-carezza-laundry-fragrance\/","title":{"rendered":"DANHERA La Carezza pesul\u00f5hn 500 ml"},"content":{"rendered":"<p>La Carezza pesul\u00f5hn kutsub esile s\u00fcgava intiimsuse, m\u00e4ssides sind \u00f5rna embusse, mis sulab kallistuste ja armastuse pesaks. \u00d5rna talki ja rikkaliku tonka oa s\u00fcdamega loob see luksuslik aroom lohutava atmosf\u00e4\u00e4ri, \u00fcmbritsedes sind soojust ja kiindumust t\u00e4is tundega ning muutes iga hetke armastavaks paituseks. <\/p>\n","protected":false},"excerpt":{"rendered":"<p>Parf\u00fc\u00fcmieliksiir teie pesule<\/p>\n<p>V\u00e4\u00e4rtuslikud veeslahustuvad koostised on loodud selleks, et teie kangad saaksid kauakestva ja lummava l\u00f5hna. Need unikaalsed segud sobivad kasutamiseks pesumasinas, k\u00e4sipesus v\u00f5i triikimisel. Kogege luksust \u2013 lummavad ja peened l\u00f5hnad \u00fcmbritsevad teie riideid, j\u00e4ttes need v\u00e4rskeks ja meeldivaks. <\/p>\n","protected":false},"featured_media":12952,"template":"","meta":{"_acf_changed":false},"product_brand":[483],"product_cat":[261,263],"product_tag":[],"class_list":{"0":"post-18339","1":"product","2":"type-product","3":"status-publish","4":"has-post-thumbnail","6":"product_brand-danhera-et","7":"product_cat-koduhooldus","8":"product_cat-pesuhooldus","9":"nt-post-class","10":"","16":"first","17":"instock","18":"taxable","19":"shipping-taxable","20":"purchasable","21":"product-type-simple"},"acf":[],"_links":{"self":[{"href":"https:\/\/store.astieks.com\/et\/wp-json\/wp\/v2\/product\/18339","targetHints":{"allow":["GET"]}}],"collection":[{"href":"https:\/\/store.astieks.com\/et\/wp-json\/wp\/v2\/product"}],"about":[{"href":"https:\/\/store.astieks.com\/et\/wp-json\/wp\/v2\/types\/product"}],"version-history":[{"count":0,"href":"https:\/\/store.astieks.com\/et\/wp-json\/wp\/v2\/product\/18339\/revisions"}],"wp:featuredmedia":[{"embeddable":true,"href":"https:\/\/store.astieks.com\/et\/wp-json\/wp\/v2\/media\/12952"}],"wp:attachment":[{"href":"https:\/\/store.astieks.com\/et\/wp-json\/wp\/v2\/media?parent=18339"}],"wp:term":[{"taxonomy":"product_brand","embeddable":true,"href":"https:\/\/store.astieks.com\/et\/wp-json\/wp\/v2\/product_brand?post=18339"},{"taxonomy":"product_cat","embeddable":true,"href":"https:\/\/store.astieks.com\/et\/wp-json\/wp\/v2\/product_cat?post=18339"},{"taxonomy":"product_tag","embeddable":true,"href":"https:\/\/store.astieks.com\/et\/wp-json\/wp\/v2\/product_tag?post=18339"}],"curies":[{"name":"wp","href":"https:\/\/api.w.org\/{rel}","templated":true}]}}