{"id":16772,"date":"2025-08-05T11:00:51","date_gmt":"2025-08-05T09:00:51","guid":{"rendered":"https:\/\/store.astieks.com\/product\/danhera-precious-fabrics-conditioner-nr-103\/"},"modified":"2025-10-13T15:19:27","modified_gmt":"2025-10-13T13:19:27","slug":"danhera-precious-fabrics-conditioner-nr-103","status":"publish","type":"product","link":"https:\/\/store.astieks.com\/et\/product\/danhera-precious-fabrics-conditioner-nr-103\/","title":{"rendered":"Danhera V\u00e4\u00e4riskangade pesupehmendaja Nr. 103 \u2013 BALSAMO DOLCE Nr. 103"},"content":{"rendered":"<p>BALSAMO DOLCE Nr. 103 on loodud rafineeritud taimset p\u00e4ritolu pindaktiivsete ainetega ega sisalda ohtlikke koostisosi.<\/p>\n<p>See on t\u00e4iuslik viimistlus luksuslike r\u00f5ivaste hooldusele, lisades neile pehmust ja elegantsi.<\/p>\n<p>\u00d5rn ja hooldav koostis annab kiududele erakordse pehmuse, kaitstes nende loomulikku ilu ja kohevust.<\/p>\n<p>Ideaalne valik neile, kes otsivad luksuslikku ja ohutut kangahooldust.<\/p>\n<p>Sobib suurep\u00e4raselt: ka\u0161miir, guanako, alpakavill, angoravill, meriinovill, moh\u00e4\u00e4r, cashgora, vikunja, jakivill, kaamelivill, neitsivill, l\u00f5ngad, siid.<\/p>\n<p>DANHERA Italy n\u00f5uanded:<br \/>Pesumasinas: vala 2 korgit\u00e4it Sweet Balm\u2019i pesupehmendaja sektsiooni. Lisa enne viimast loputust. Soovitatud kogus vastab 2,5 kg kuivpesule.<br \/>K\u00e4sitsi pesemisel: p\u00e4rast pesemist ja hoolikat loputamist kasta r\u00f5ivad k\u00fclma vee ja Sweet Balm\u2019i lahusesse vastavalt juhistele. Eemalda liigne vesi \u00f5rnalt tupsutades \u2013 \u00e4ra v\u00e4\u00e4na. \u00c4ra loputa.<br \/>Ideaalne: ka\u0161miir, meriinovill, siid, angora, moh\u00e4\u00e4r, looduslikud kangad, \u00f5rnad r\u00f5ivad, peen kudumid.      <\/p>\n<p>Meeleline kogemus: Noble Sandalwood \u2013 v\u00e4\u00e4rika sandlipuu embus. Soe ja sametine kompositsioon, kus \u00fcllad puidunoodid p\u00f5imuvad talkjate, muskuslike ja kreemjate n\u00fcanssidega. Intiimne ja p\u00fcsiv aroom, mis ei ole kunagi pealet\u00fckkiv, vaid saadab sind graatsiliselt igas p\u00e4evarituaalis. Peen, elegantne ja s\u00fcgavalt rahustav \u2013 muudab iga kanga emotsionaalseks kogemuseks   <\/p>\n","protected":false},"excerpt":{"rendered":"<p>BALSAMO DOLCE Nr. 103 on DANHERA kollektsiooni k\u00f5ige sensoorsem ja eksklusiivsem pehmendaja \u2013 t\u00f5eline l\u00f5plik ilu rituaal igale kangale, loodud materjali kaunistamiseks ja naha \u00f5rnaks hellitamiseks.<\/p>\n<p>Uue generatsiooni vedel palsam hellitab \u00f5rnalt k\u00f5ige peenemaid kiude, pakkudes niisutavat, l\u00f5\u00f5gastavat ja taastavat m\u00f5ju.<\/p>\n<p>Ideaalne: vill, siid, ka\u0161miir ja \u00f5rnad riided \u2013 katab kangad pehmusega, mis on l\u00f5hnav, mugav ja loomulikult elegantne.<\/p>\n","protected":false},"featured_media":12923,"template":"","meta":{"_acf_changed":false},"product_brand":[483],"product_cat":[261,263],"product_tag":[],"class_list":{"0":"post-16772","1":"product","2":"type-product","3":"status-publish","4":"has-post-thumbnail","6":"product_brand-danhera-et","7":"product_cat-koduhooldus","8":"product_cat-pesuhooldus","9":"nt-post-class","10":"","16":"first","17":"instock","18":"taxable","19":"shipping-taxable","20":"purchasable","21":"product-type-simple"},"acf":[],"_links":{"self":[{"href":"https:\/\/store.astieks.com\/et\/wp-json\/wp\/v2\/product\/16772","targetHints":{"allow":["GET"]}}],"collection":[{"href":"https:\/\/store.astieks.com\/et\/wp-json\/wp\/v2\/product"}],"about":[{"href":"https:\/\/store.astieks.com\/et\/wp-json\/wp\/v2\/types\/product"}],"version-history":[{"count":1,"href":"https:\/\/store.astieks.com\/et\/wp-json\/wp\/v2\/product\/16772\/revisions"}],"predecessor-version":[{"id":18950,"href":"https:\/\/store.astieks.com\/et\/wp-json\/wp\/v2\/product\/16772\/revisions\/18950"}],"wp:featuredmedia":[{"embeddable":true,"href":"https:\/\/store.astieks.com\/et\/wp-json\/wp\/v2\/media\/12923"}],"wp:attachment":[{"href":"https:\/\/store.astieks.com\/et\/wp-json\/wp\/v2\/media?parent=16772"}],"wp:term":[{"taxonomy":"product_brand","embeddable":true,"href":"https:\/\/store.astieks.com\/et\/wp-json\/wp\/v2\/product_brand?post=16772"},{"taxonomy":"product_cat","embeddable":true,"href":"https:\/\/store.astieks.com\/et\/wp-json\/wp\/v2\/product_cat?post=16772"},{"taxonomy":"product_tag","embeddable":true,"href":"https:\/\/store.astieks.com\/et\/wp-json\/wp\/v2\/product_tag?post=16772"}],"curies":[{"name":"wp","href":"https:\/\/api.w.org\/{rel}","templated":true}]}}