{"id":16771,"date":"2025-08-05T11:52:35","date_gmt":"2025-08-05T09:52:35","guid":{"rendered":"https:\/\/store.astieks.com\/product\/danhera-l-appuntamento-laundry-fragrance\/"},"modified":"2025-09-30T13:14:02","modified_gmt":"2025-09-30T11:14:02","slug":"danhera-l-appuntamento-laundry-fragrance","status":"publish","type":"product","link":"https:\/\/store.astieks.com\/et\/product\/danhera-l-appuntamento-laundry-fragrance\/","title":{"rendered":"DANHERA L`Appuntamento pesul\u00f5hn 500 ml"},"content":{"rendered":"<p>L`Appuntamento Laundry Fragrance kehastab ilu, mis peitub ootuses. V\u00fcrtsikate nootide s\u00fcdamega avab see end, kattes pehmete ja ajatutena tunduvate emotsioonidega. <\/p>\n","protected":false},"excerpt":{"rendered":"<div class=\"row product-container js-product-container\">\n<div class=\"col-md-6\">\n<div class=\"product-middle\">\n<div class=\"product-middle-action\">\n<div class=\"product-middle-action-round\">\n<div class=\"pro-desc-custom\">\n<div id=\"product-description-short-1075\" class=\"product-description\">\n<p>Parf\u00fc\u00fcmieliksiir teie pesule<\/p>\n<p>V\u00e4\u00e4rtuslikud veeslahustuvad koostised on loodud selleks, et teie kangad saaksid kauakestva ja lummava l\u00f5hna. Need unikaalsed segud sobivad kasutamiseks pesumasinas, k\u00e4sipesus v\u00f5i triikimisel. Kogege luksust \u2013 lummavad ja peened l\u00f5hnad \u00fcmbritsevad teie riideid, j\u00e4ttes need v\u00e4rskeks ja meeldivaks. <\/p>\n<\/div>\n<\/div>\n<div class=\"product-information\">\n<div class=\"product-actions js-product-actions\">\n<form id=\"add-to-cart-or-refresh\" action=\"https:\/\/www.danhera.com\/en\/cart\" method=\"post\">\n<div class=\"product-add-to-cart js-product-add-to-cart\">\n<div class=\"product-quantity clearfix\">\n<div class=\"add\"><\/div>\n<\/div>\n<p class=\"product-minimal-quantity js-product-minimal-quantity\">\n<\/div>\n<div class=\"product-additional-info js-product-additional-info\"><\/div>\n<\/form>\n<\/div>\n<\/div>\n<\/div>\n<\/div>\n<\/div>\n<\/div>\n<\/div>\n<div class=\"product-attribute-container\">\n<div class=\"product-attribute-innner\">\n<div class=\"attr-item\">\n<div class=\"product-description\"><\/div>\n<\/div>\n<\/div>\n<\/div>\n","protected":false},"featured_media":12945,"template":"","meta":{"_acf_changed":false},"product_brand":[483],"product_cat":[261,263],"product_tag":[],"class_list":{"0":"post-16771","1":"product","2":"type-product","3":"status-publish","4":"has-post-thumbnail","6":"product_brand-danhera-et","7":"product_cat-koduhooldus","8":"product_cat-pesuhooldus","9":"nt-post-class","10":"","16":"first","17":"instock","18":"taxable","19":"shipping-taxable","20":"purchasable","21":"product-type-simple"},"acf":[],"_links":{"self":[{"href":"https:\/\/store.astieks.com\/et\/wp-json\/wp\/v2\/product\/16771","targetHints":{"allow":["GET"]}}],"collection":[{"href":"https:\/\/store.astieks.com\/et\/wp-json\/wp\/v2\/product"}],"about":[{"href":"https:\/\/store.astieks.com\/et\/wp-json\/wp\/v2\/types\/product"}],"version-history":[{"count":1,"href":"https:\/\/store.astieks.com\/et\/wp-json\/wp\/v2\/product\/16771\/revisions"}],"predecessor-version":[{"id":18340,"href":"https:\/\/store.astieks.com\/et\/wp-json\/wp\/v2\/product\/16771\/revisions\/18340"}],"wp:featuredmedia":[{"embeddable":true,"href":"https:\/\/store.astieks.com\/et\/wp-json\/wp\/v2\/media\/12945"}],"wp:attachment":[{"href":"https:\/\/store.astieks.com\/et\/wp-json\/wp\/v2\/media?parent=16771"}],"wp:term":[{"taxonomy":"product_brand","embeddable":true,"href":"https:\/\/store.astieks.com\/et\/wp-json\/wp\/v2\/product_brand?post=16771"},{"taxonomy":"product_cat","embeddable":true,"href":"https:\/\/store.astieks.com\/et\/wp-json\/wp\/v2\/product_cat?post=16771"},{"taxonomy":"product_tag","embeddable":true,"href":"https:\/\/store.astieks.com\/et\/wp-json\/wp\/v2\/product_tag?post=16771"}],"curies":[{"name":"wp","href":"https:\/\/api.w.org\/{rel}","templated":true}]}}