{"id":16770,"date":"2025-08-05T12:31:04","date_gmt":"2025-08-05T10:31:04","guid":{"rendered":"https:\/\/store.astieks.com\/product\/danhera-ilsegreto-laundry-fragrance\/"},"modified":"2026-03-24T13:29:58","modified_gmt":"2026-03-24T11:29:58","slug":"danhera-ilsegreto-laundry-fragrance","status":"publish","type":"product","link":"https:\/\/store.astieks.com\/et\/product\/danhera-ilsegreto-laundry-fragrance\/","title":{"rendered":"DANHERA Il Segreto pesul\u00f5hn 500 ml"},"content":{"rendered":"<p>Il Segreto pesul\u00f5hn pakub kohest lummust, mis k\u00f6idab meeled ja kutsub esile puhta naudingutunde. Avastage maagiline maailm, mis on t\u00e4idetud avastamist ootavate peente n\u00fcanssidega. <\/p>\n","protected":false},"excerpt":{"rendered":"<p>Parf\u00fc\u00fcmieliksiir teie pesule<\/p>\n<p>V\u00e4\u00e4rtuslikud veeslahustuvad koostised on loodud selleks, et teie kangad saaksid kauakestva ja lummava l\u00f5hna. Need unikaalsed segud sobivad kasutamiseks pesumasinas, k\u00e4sipesus v\u00f5i triikimisel. Kogege luksust \u2013 lummavad ja peened l\u00f5hnad \u00fcmbritsevad teie riideid, j\u00e4ttes need v\u00e4rskeks ja meeldivaks. <\/p>\n","protected":false},"featured_media":12961,"template":"","meta":{"_acf_changed":false},"product_brand":[483],"product_cat":[261,263],"product_tag":[],"class_list":{"0":"post-16770","1":"product","2":"type-product","3":"status-publish","4":"has-post-thumbnail","6":"product_brand-danhera-et","7":"product_cat-koduhooldus","8":"product_cat-pesuhooldus","9":"nt-post-class","10":"","16":"first","17":"instock","18":"taxable","19":"shipping-taxable","20":"purchasable","21":"product-type-simple"},"acf":[],"_links":{"self":[{"href":"https:\/\/store.astieks.com\/et\/wp-json\/wp\/v2\/product\/16770","targetHints":{"allow":["GET"]}}],"collection":[{"href":"https:\/\/store.astieks.com\/et\/wp-json\/wp\/v2\/product"}],"about":[{"href":"https:\/\/store.astieks.com\/et\/wp-json\/wp\/v2\/types\/product"}],"version-history":[{"count":1,"href":"https:\/\/store.astieks.com\/et\/wp-json\/wp\/v2\/product\/16770\/revisions"}],"predecessor-version":[{"id":18341,"href":"https:\/\/store.astieks.com\/et\/wp-json\/wp\/v2\/product\/16770\/revisions\/18341"}],"wp:featuredmedia":[{"embeddable":true,"href":"https:\/\/store.astieks.com\/et\/wp-json\/wp\/v2\/media\/12961"}],"wp:attachment":[{"href":"https:\/\/store.astieks.com\/et\/wp-json\/wp\/v2\/media?parent=16770"}],"wp:term":[{"taxonomy":"product_brand","embeddable":true,"href":"https:\/\/store.astieks.com\/et\/wp-json\/wp\/v2\/product_brand?post=16770"},{"taxonomy":"product_cat","embeddable":true,"href":"https:\/\/store.astieks.com\/et\/wp-json\/wp\/v2\/product_cat?post=16770"},{"taxonomy":"product_tag","embeddable":true,"href":"https:\/\/store.astieks.com\/et\/wp-json\/wp\/v2\/product_tag?post=16770"}],"curies":[{"name":"wp","href":"https:\/\/api.w.org\/{rel}","templated":true}]}}