{"id":16616,"date":"2025-08-05T14:58:07","date_gmt":"2025-08-05T12:58:07","guid":{"rendered":"https:\/\/store.astieks.com\/product\/danhera-il-segreto-natural-spray\/"},"modified":"2025-08-05T14:58:07","modified_gmt":"2025-08-05T12:58:07","slug":"danhera-il-segreto-natural-spray","status":"publish","type":"product","link":"https:\/\/store.astieks.com\/et\/product\/danhera-il-segreto-natural-spray\/","title":{"rendered":"DANHERA Il Segreto Looduslik Sprei 200 ml"},"content":{"rendered":"<p>Vahetu v\u00f5lu, mis lummab meeled ja kingib nauditava tunde. V\u00f5lumaailm, t\u00e4is avastamist ootavaid hinnalisi n\u00fcansse. <\/p>\n","protected":false},"excerpt":{"rendered":"<p>Unistus ja elegants padjadel, linadel ja r\u00e4tikutel. Unikaalsed l\u00f5hnan\u00fcansid \u00fcmbritsevad sinu maailma kauni peenusega. <\/p>\n<p>Hinnalised looduslikud toorained avalduvad kogu oma loomulikkuses, et riietada sinu kangaste tekstuure v\u00f5lu ja harmooniaga.<\/p>\n","protected":false},"featured_media":13019,"template":"","meta":{"_acf_changed":false},"product_brand":[483],"product_cat":[261,263],"product_tag":[],"class_list":{"0":"post-16616","1":"product","2":"type-product","3":"status-publish","4":"has-post-thumbnail","6":"product_brand-danhera-et","7":"product_cat-koduhooldus","8":"product_cat-pesuhooldus","9":"nt-post-class","10":"","16":"first","17":"instock","18":"taxable","19":"shipping-taxable","20":"purchasable","21":"product-type-simple"},"acf":[],"_links":{"self":[{"href":"https:\/\/store.astieks.com\/et\/wp-json\/wp\/v2\/product\/16616","targetHints":{"allow":["GET"]}}],"collection":[{"href":"https:\/\/store.astieks.com\/et\/wp-json\/wp\/v2\/product"}],"about":[{"href":"https:\/\/store.astieks.com\/et\/wp-json\/wp\/v2\/types\/product"}],"version-history":[{"count":0,"href":"https:\/\/store.astieks.com\/et\/wp-json\/wp\/v2\/product\/16616\/revisions"}],"wp:featuredmedia":[{"embeddable":true,"href":"https:\/\/store.astieks.com\/et\/wp-json\/wp\/v2\/media\/13019"}],"wp:attachment":[{"href":"https:\/\/store.astieks.com\/et\/wp-json\/wp\/v2\/media?parent=16616"}],"wp:term":[{"taxonomy":"product_brand","embeddable":true,"href":"https:\/\/store.astieks.com\/et\/wp-json\/wp\/v2\/product_brand?post=16616"},{"taxonomy":"product_cat","embeddable":true,"href":"https:\/\/store.astieks.com\/et\/wp-json\/wp\/v2\/product_cat?post=16616"},{"taxonomy":"product_tag","embeddable":true,"href":"https:\/\/store.astieks.com\/et\/wp-json\/wp\/v2\/product_tag?post=16616"}],"curies":[{"name":"wp","href":"https:\/\/api.w.org\/{rel}","templated":true}]}}