{"id":16612,"date":"2025-08-05T14:42:53","date_gmt":"2025-08-05T12:42:53","guid":{"rendered":"https:\/\/store.astieks.com\/product\/il-giardino-incantato-natural-spray\/"},"modified":"2026-04-16T13:18:54","modified_gmt":"2026-04-16T11:18:54","slug":"il-giardino-incantato-natural-spray","status":"publish","type":"product","link":"https:\/\/store.astieks.com\/et\/product\/il-giardino-incantato-natural-spray\/","title":{"rendered":"DANHERA Il Giardino Incantato Looduslik Sprei 200 ml"},"content":{"rendered":"<p>Il Giardino Incantato pesul\u00f5hn tabab \u00e4sja \u00f5idepuhkenud lillede ja \u00f5rnade puuviljanootide olemust, \u00e4ratades meeled looduse ilu v\u00f5luga. Lase kangastel t\u00e4ituda puhaste maastike harmoonilise seguga, kinkides neile pehme ja lummava elegantsi. <\/p>\n","protected":false},"excerpt":{"rendered":"<p>Unistus ja elegants padjadel, linadel ja r\u00e4tikutel. Unikaalsed l\u00f5hnan\u00fcansid \u00fcmbritsevad sinu maailma kauni peenusega.  Hinnalised looduslikud toorained avalduvad kogu oma loomulikkuses, et riietada sinu kangaste tekstuure v\u00f5lu ja harmooniaga.<\/p>\n","protected":false},"featured_media":13012,"template":"","meta":{"_acf_changed":false},"product_brand":[483],"product_cat":[261,263],"product_tag":[],"class_list":{"0":"post-16612","1":"product","2":"type-product","3":"status-publish","4":"has-post-thumbnail","6":"product_brand-danhera-et","7":"product_cat-koduhooldus","8":"product_cat-pesuhooldus","9":"nt-post-class","10":"","16":"first","17":"instock","18":"taxable","19":"shipping-taxable","20":"purchasable","21":"product-type-simple"},"acf":[],"_links":{"self":[{"href":"https:\/\/store.astieks.com\/et\/wp-json\/wp\/v2\/product\/16612","targetHints":{"allow":["GET"]}}],"collection":[{"href":"https:\/\/store.astieks.com\/et\/wp-json\/wp\/v2\/product"}],"about":[{"href":"https:\/\/store.astieks.com\/et\/wp-json\/wp\/v2\/types\/product"}],"version-history":[{"count":1,"href":"https:\/\/store.astieks.com\/et\/wp-json\/wp\/v2\/product\/16612\/revisions"}],"predecessor-version":[{"id":16614,"href":"https:\/\/store.astieks.com\/et\/wp-json\/wp\/v2\/product\/16612\/revisions\/16614"}],"wp:featuredmedia":[{"embeddable":true,"href":"https:\/\/store.astieks.com\/et\/wp-json\/wp\/v2\/media\/13012"}],"wp:attachment":[{"href":"https:\/\/store.astieks.com\/et\/wp-json\/wp\/v2\/media?parent=16612"}],"wp:term":[{"taxonomy":"product_brand","embeddable":true,"href":"https:\/\/store.astieks.com\/et\/wp-json\/wp\/v2\/product_brand?post=16612"},{"taxonomy":"product_cat","embeddable":true,"href":"https:\/\/store.astieks.com\/et\/wp-json\/wp\/v2\/product_cat?post=16612"},{"taxonomy":"product_tag","embeddable":true,"href":"https:\/\/store.astieks.com\/et\/wp-json\/wp\/v2\/product_tag?post=16612"}],"curies":[{"name":"wp","href":"https:\/\/api.w.org\/{rel}","templated":true}]}}