{"id":16240,"date":"2025-08-12T15:46:47","date_gmt":"2025-08-12T13:46:47","guid":{"rendered":"https:\/\/test.astieks.com\/product\/danhera-white-candle-brillini-the-emperors-tea\/"},"modified":"2025-10-30T16:08:14","modified_gmt":"2025-10-30T14:08:14","slug":"danhera-white-candle-brillini-the-emperors-tea","status":"publish","type":"product","link":"https:\/\/store.astieks.com\/et\/product\/danhera-white-candle-brillini-the-emperors-tea\/","title":{"rendered":"DANHERA VALGE K\u00dc\u00dcNAL BRILLINI \u2013 The Emperor\u2019s Tea"},"content":{"rendered":"<p>Sandaalipuu vallandatud kirg ja m\u00fcstika jutustavad loo intensiivsetest ja elavatest emotsioonidest. Tules peituv maagia on suletud ehteks, mis pole vaid elegantsi s\u00fcmbol, vaid aare, mis suudab avada vaimsust ja rafineeritust.  <\/p>\n<p>V\u00f5luv laegas, mille ornamendid on meisterlikult valminud Itaalia k\u00e4sit\u00f6\u00f6liste k\u00e4te all \u2013 riigis, kus ilu ja puhta kunsti kultus asub s\u00fcgaval s\u00fcdames. S\u00e4ra ja lumm, mis kingivad valgust koos \u00f5rna l\u00f5hna\u00f5hu puudutusega. <\/p>\n<p>Kristallklaas \u2013 peenelt kullaga dekoreeritud ja kristallidega kaunistatud \u2013 Vaha 250 g \u2013 50 h.<\/p>\n","protected":false},"excerpt":{"rendered":"<p>Luksuslik l\u00f5hnak\u00fc\u00fcnal, mis on ehtsate kristallidega kaunistatud.<\/p>\n<p>Iga looming on kordumatu k\u00e4sit\u00f6\u00f6na valmistatud teos. Piiratud koguses v\u00e4ljaanne, mis on s\u00fcndinud v\u00e4\u00e4rtuslikemast Itaalia kunstilisest k\u00e4sit\u00f6\u00f6st. <\/p>\n","protected":false},"featured_media":14022,"template":"","meta":{"_acf_changed":false},"product_brand":[483],"product_cat":[245,249],"product_tag":[],"class_list":{"0":"post-16240","1":"product","2":"type-product","3":"status-publish","4":"has-post-thumbnail","6":"product_brand-danhera-et","7":"product_cat-kodulohnad","8":"product_cat-kuunlad","9":"nt-post-class","10":"","16":"first","17":"instock","18":"taxable","19":"shipping-taxable","20":"purchasable","21":"product-type-simple"},"acf":[],"_links":{"self":[{"href":"https:\/\/store.astieks.com\/et\/wp-json\/wp\/v2\/product\/16240","targetHints":{"allow":["GET"]}}],"collection":[{"href":"https:\/\/store.astieks.com\/et\/wp-json\/wp\/v2\/product"}],"about":[{"href":"https:\/\/store.astieks.com\/et\/wp-json\/wp\/v2\/types\/product"}],"version-history":[{"count":1,"href":"https:\/\/store.astieks.com\/et\/wp-json\/wp\/v2\/product\/16240\/revisions"}],"predecessor-version":[{"id":19129,"href":"https:\/\/store.astieks.com\/et\/wp-json\/wp\/v2\/product\/16240\/revisions\/19129"}],"wp:featuredmedia":[{"embeddable":true,"href":"https:\/\/store.astieks.com\/et\/wp-json\/wp\/v2\/media\/14022"}],"wp:attachment":[{"href":"https:\/\/store.astieks.com\/et\/wp-json\/wp\/v2\/media?parent=16240"}],"wp:term":[{"taxonomy":"product_brand","embeddable":true,"href":"https:\/\/store.astieks.com\/et\/wp-json\/wp\/v2\/product_brand?post=16240"},{"taxonomy":"product_cat","embeddable":true,"href":"https:\/\/store.astieks.com\/et\/wp-json\/wp\/v2\/product_cat?post=16240"},{"taxonomy":"product_tag","embeddable":true,"href":"https:\/\/store.astieks.com\/et\/wp-json\/wp\/v2\/product_tag?post=16240"}],"curies":[{"name":"wp","href":"https:\/\/api.w.org\/{rel}","templated":true}]}}