{"id":16229,"date":"2025-08-05T16:24:14","date_gmt":"2025-08-05T14:24:14","guid":{"rendered":"https:\/\/test.astieks.com\/product\/danhera-anima-hand-wash\/"},"modified":"2025-09-30T16:09:25","modified_gmt":"2025-09-30T14:09:25","slug":"danhera-anima-hand-wash","status":"publish","type":"product","link":"https:\/\/store.astieks.com\/et\/product\/danhera-anima-hand-wash\/","title":{"rendered":"DANHERA ANIMA Vedelseep 500 ml"},"content":{"rendered":"<p>Puhas taimsete pindaktiivsete ainete baasil loodud koostis, mis sobib isegi k\u00f5ige tundlikumale nahale. Aaloe (Aloe Barbadensis) niisutav ja vananemisvastane toime p\u00f5imub saialille (Calendula Officinalis) rahustavate ja kaitsvate omadustega. <\/p>\n<p>See j\u00e4tab k\u00e4ed imeliselt pehmeks ja sametiseks, kattes need elegantsete l\u00f5hnanootide rikkaliku aroomiga<\/p>\n","protected":false},"excerpt":{"rendered":"<p>ANIMA \u2013 Hing. See lummava ja sensuaalse ilu rituaal viib meelte suurejoonelisele r\u00e4nnakule, t\u00e4is emotsioone, mida kogeda ja nautida.<br \/>\nPuhtast ja s\u00e4ravast s\u00fcdamenoodist moodustub harmooniline kompositsioon, kus rohelised viinamarjalehed (ivy notes) loovad l\u00f5hnalise portree r\u00f5\u00f5msast ja eluj\u00f5ulisest maailmast, kus spontaanseid l\u00f5hnu voolab puutumatu looduse keskkonnas: maa, vesi, lehed, \u00f5ied, juured, puud. <\/p>\n","protected":false},"featured_media":13056,"template":"","meta":{"_acf_changed":false},"product_brand":[483],"product_cat":[234],"product_tag":[],"class_list":{"0":"post-16229","1":"product","2":"type-product","3":"status-publish","4":"has-post-thumbnail","6":"product_brand-danhera-et","7":"product_cat-kehahooldus","8":"nt-post-class","9":"","15":"first","16":"instock","17":"taxable","18":"shipping-taxable","19":"purchasable","20":"product-type-simple"},"acf":[],"_links":{"self":[{"href":"https:\/\/store.astieks.com\/et\/wp-json\/wp\/v2\/product\/16229","targetHints":{"allow":["GET"]}}],"collection":[{"href":"https:\/\/store.astieks.com\/et\/wp-json\/wp\/v2\/product"}],"about":[{"href":"https:\/\/store.astieks.com\/et\/wp-json\/wp\/v2\/types\/product"}],"version-history":[{"count":1,"href":"https:\/\/store.astieks.com\/et\/wp-json\/wp\/v2\/product\/16229\/revisions"}],"predecessor-version":[{"id":18346,"href":"https:\/\/store.astieks.com\/et\/wp-json\/wp\/v2\/product\/16229\/revisions\/18346"}],"wp:featuredmedia":[{"embeddable":true,"href":"https:\/\/store.astieks.com\/et\/wp-json\/wp\/v2\/media\/13056"}],"wp:attachment":[{"href":"https:\/\/store.astieks.com\/et\/wp-json\/wp\/v2\/media?parent=16229"}],"wp:term":[{"taxonomy":"product_brand","embeddable":true,"href":"https:\/\/store.astieks.com\/et\/wp-json\/wp\/v2\/product_brand?post=16229"},{"taxonomy":"product_cat","embeddable":true,"href":"https:\/\/store.astieks.com\/et\/wp-json\/wp\/v2\/product_cat?post=16229"},{"taxonomy":"product_tag","embeddable":true,"href":"https:\/\/store.astieks.com\/et\/wp-json\/wp\/v2\/product_tag?post=16229"}],"curies":[{"name":"wp","href":"https:\/\/api.w.org\/{rel}","templated":true}]}}