{"id":16225,"date":"2025-08-05T17:35:33","date_gmt":"2025-08-05T15:35:33","guid":{"rendered":"https:\/\/test.astieks.com\/product\/danhera-altezza-reale-body-wash\/"},"modified":"2025-09-17T13:10:33","modified_gmt":"2025-09-17T11:10:33","slug":"danhera-altezza-reale-body-wash","status":"publish","type":"product","link":"https:\/\/store.astieks.com\/et\/product\/danhera-altezza-reale-body-wash\/","title":{"rendered":"DANHERA ALTEZZA REALE Du\u0161igeel 500 ml"},"content":{"rendered":"<p>Aaloe (Aloe Barbadensis) loomulik energia ja saialille (Calendula Officinalis) pehmus p\u00f5imuvad lummavate aroomidega, luues vannielamuse, mis on erakordne luksusliku intiimsuse hetk. Nauding, mis virgutab keha ja j\u00e4tab nahale kestva puhta heaolu tunde. <\/p>\n","protected":false},"excerpt":{"rendered":"<p>ALTEZZA REALE \u2013 Kuninglik Majesteet. Vastupandamatu v\u00fcrtsikate ja aromaatsete aktsentide lumm, mis sulandub elegantseteks ja rafineeritud toonideks, \u00e4ratades iidseid m\u00e4lestusi. Auv\u00e4\u00e4rsed valge tee lehed avavad sametiste nootide prel\u00fc\u00fcdi \u2013 kuninglikule pruudile omase peene elegantsi.  <\/p>\n<p>See lummava ja sensuaalse ilu rituaal viib meelte suurejoonelisele r\u00e4nnakule, t\u00e4is emotsioone, mida kogeda ja nautida.<\/p>\n","protected":false},"featured_media":13076,"template":"","meta":{"_acf_changed":false},"product_brand":[483],"product_cat":[234],"product_tag":[],"class_list":{"0":"post-16225","1":"product","2":"type-product","3":"status-publish","4":"has-post-thumbnail","6":"product_brand-danhera-et","7":"product_cat-kehahooldus","8":"nt-post-class","9":"","15":"first","16":"instock","17":"taxable","18":"shipping-taxable","19":"purchasable","20":"product-type-simple"},"acf":[],"_links":{"self":[{"href":"https:\/\/store.astieks.com\/et\/wp-json\/wp\/v2\/product\/16225","targetHints":{"allow":["GET"]}}],"collection":[{"href":"https:\/\/store.astieks.com\/et\/wp-json\/wp\/v2\/product"}],"about":[{"href":"https:\/\/store.astieks.com\/et\/wp-json\/wp\/v2\/types\/product"}],"version-history":[{"count":1,"href":"https:\/\/store.astieks.com\/et\/wp-json\/wp\/v2\/product\/16225\/revisions"}],"predecessor-version":[{"id":16746,"href":"https:\/\/store.astieks.com\/et\/wp-json\/wp\/v2\/product\/16225\/revisions\/16746"}],"wp:featuredmedia":[{"embeddable":true,"href":"https:\/\/store.astieks.com\/et\/wp-json\/wp\/v2\/media\/13076"}],"wp:attachment":[{"href":"https:\/\/store.astieks.com\/et\/wp-json\/wp\/v2\/media?parent=16225"}],"wp:term":[{"taxonomy":"product_brand","embeddable":true,"href":"https:\/\/store.astieks.com\/et\/wp-json\/wp\/v2\/product_brand?post=16225"},{"taxonomy":"product_cat","embeddable":true,"href":"https:\/\/store.astieks.com\/et\/wp-json\/wp\/v2\/product_cat?post=16225"},{"taxonomy":"product_tag","embeddable":true,"href":"https:\/\/store.astieks.com\/et\/wp-json\/wp\/v2\/product_tag?post=16225"}],"curies":[{"name":"wp","href":"https:\/\/api.w.org\/{rel}","templated":true}]}}