{"id":16220,"date":"2025-08-05T17:51:45","date_gmt":"2025-08-05T15:51:45","guid":{"rendered":"https:\/\/test.astieks.com\/product\/danhera-altezza-reale-body-cream\/"},"modified":"2025-09-30T12:59:19","modified_gmt":"2025-09-30T10:59:19","slug":"danhera-altezza-reale-body-cream","status":"publish","type":"product","link":"https:\/\/store.astieks.com\/et\/product\/danhera-altezza-reale-body-cream\/","title":{"rendered":"DANHERA ALTEZZA REALE Kehakreem 250 ml"},"content":{"rendered":"<p>ALTEZZA REALE \u2013 Kuninglik Majesteet. Vastupandamatu v\u00fcrtsikate ja aromaatsete aktsentide lumm, mis sulandub elegantseteks ja rafineeritud toonideks, \u00e4ratades iidseid m\u00e4lestusi. Auv\u00e4\u00e4rsed valge tee lehed avavad sametiste nootide prel\u00fc\u00fcdi \u2013 kuninglikule pruudile omase peene elegantsi.  <\/p>\n","protected":false},"excerpt":{"rendered":"<p>Kallihinnaline ja puhas emulsioon, mis on loodud ka k\u00f5ige tundlikuma naha jaoks. Selle jumalik tekstuur, rikastatud aaloe (Aloe Barbadensis) ja saialille (Calendula Officinalis) ekstraktidega, hoolitseb \u00f5rnalt naha eest, pakkudes intensiivset toitumist ning j\u00e4ttes naha vastupandamatult pehmeks ja siidiseks. <\/p>\n<p>Harmooniline segu v\u00f5lust ja salap\u00e4rast, mis kutsub esile puhta heaolu tunde.<\/p>\n","protected":false},"featured_media":13089,"template":"","meta":{"_acf_changed":false},"product_brand":[483],"product_cat":[234],"product_tag":[],"class_list":{"0":"post-16220","1":"product","2":"type-product","3":"status-publish","4":"has-post-thumbnail","6":"product_brand-danhera-et","7":"product_cat-kehahooldus","8":"nt-post-class","9":"","15":"first","16":"outofstock","17":"taxable","18":"shipping-taxable","19":"purchasable","20":"product-type-simple"},"acf":[],"_links":{"self":[{"href":"https:\/\/store.astieks.com\/et\/wp-json\/wp\/v2\/product\/16220","targetHints":{"allow":["GET"]}}],"collection":[{"href":"https:\/\/store.astieks.com\/et\/wp-json\/wp\/v2\/product"}],"about":[{"href":"https:\/\/store.astieks.com\/et\/wp-json\/wp\/v2\/types\/product"}],"version-history":[{"count":1,"href":"https:\/\/store.astieks.com\/et\/wp-json\/wp\/v2\/product\/16220\/revisions"}],"predecessor-version":[{"id":16222,"href":"https:\/\/store.astieks.com\/et\/wp-json\/wp\/v2\/product\/16220\/revisions\/16222"}],"wp:featuredmedia":[{"embeddable":true,"href":"https:\/\/store.astieks.com\/et\/wp-json\/wp\/v2\/media\/13089"}],"wp:attachment":[{"href":"https:\/\/store.astieks.com\/et\/wp-json\/wp\/v2\/media?parent=16220"}],"wp:term":[{"taxonomy":"product_brand","embeddable":true,"href":"https:\/\/store.astieks.com\/et\/wp-json\/wp\/v2\/product_brand?post=16220"},{"taxonomy":"product_cat","embeddable":true,"href":"https:\/\/store.astieks.com\/et\/wp-json\/wp\/v2\/product_cat?post=16220"},{"taxonomy":"product_tag","embeddable":true,"href":"https:\/\/store.astieks.com\/et\/wp-json\/wp\/v2\/product_tag?post=16220"}],"curies":[{"name":"wp","href":"https:\/\/api.w.org\/{rel}","templated":true}]}}