{"id":16219,"date":"2025-08-12T15:58:21","date_gmt":"2025-08-12T13:58:21","guid":{"rendered":"https:\/\/test.astieks.com\/product\/danhera-black-candle-brillini-maraja-gold\/"},"modified":"2025-10-30T16:10:42","modified_gmt":"2025-10-30T14:10:42","slug":"danhera-black-candle-brillini-maraja-gold","status":"publish","type":"product","link":"https:\/\/store.astieks.com\/et\/product\/danhera-black-candle-brillini-maraja-gold\/","title":{"rendered":"DANHERA MUST K\u00dc\u00dcNAL BRILLINI \u2013 Maraj\u00e0 Gold"},"content":{"rendered":"<p>Auv\u00e4\u00e4rsed haruldase valge tee l\u00f5hnanoodid, salap\u00e4raselt v\u00f5luvad, s\u00fcmboliseerides s\u00e4ra ja puhtust.<\/p>\n<p>Tule maagia on suletud kalliskivisse, mis pole vaid elegantsi s\u00fcmbol. See on aare, mis toob esile vaimsuse ja rafineerituse. V\u00f5lulik karp, mille ornamendid on loodud Itaalia meistrite k\u00e4te l\u00e4bi \u2013 riigis, mille s\u00fcdames peitub ilu ja puhta kunsti kultus. S\u00e4ra ja v\u00f5lu, mis kingivad valgust koos parf\u00fc\u00fcmi\u00f5hinal\u00f5hnaga.   <\/p>\n<p>Kristallklaas \u2013 peenelt kullaga dekoreeritud ja kristallidega kaunistatud \u2013 Vaha 250 g \u2013 50 h.<\/p>\n<p>M\u00fcrgivabad k\u00fc\u00fcnlad. Vastavad REACH-standardile ja valmistatud RAL-sertifitseeritud toorainest. 100% rafineeritud toidukvaliteediga h\u00fcdrogeenitud parafiinvaha, mis ei sisalda benseeni ega tolueeni. Puhas puuvillane taht ilma plii v\u00f5i plastmassist s\u00fcdamikuta. M\u00fcrgivabad v\u00e4rvained, mis p\u00f5hinevad toidupigmentidel. IFRA-sertifikaadiga l\u00f5hnaained.     <\/p>\n<p>K\u00e4sit\u00f6\u00f6na valmistatud ITAALIAS<\/p>\n","protected":false},"excerpt":{"rendered":"<p>Luksuslik l\u00f5hnak\u00fc\u00fcnal, mis on ehtsate kristallidega kaunistatud.<\/p>\n<p>Iga looming on kordumatu k\u00e4sit\u00f6\u00f6na valmistatud teos. Piiratud koguses v\u00e4ljaanne, mis on s\u00fcndinud v\u00e4\u00e4rtuslikemast Itaalia kunstilisest k\u00e4sit\u00f6\u00f6st. <\/p>\n","protected":false},"featured_media":14032,"template":"","meta":{"_acf_changed":false},"product_brand":[483],"product_cat":[245,249],"product_tag":[],"class_list":{"0":"post-16219","1":"product","2":"type-product","3":"status-publish","4":"has-post-thumbnail","6":"product_brand-danhera-et","7":"product_cat-kodulohnad","8":"product_cat-kuunlad","9":"nt-post-class","10":"","16":"first","17":"instock","18":"taxable","19":"shipping-taxable","20":"purchasable","21":"product-type-simple"},"acf":[],"_links":{"self":[{"href":"https:\/\/store.astieks.com\/et\/wp-json\/wp\/v2\/product\/16219","targetHints":{"allow":["GET"]}}],"collection":[{"href":"https:\/\/store.astieks.com\/et\/wp-json\/wp\/v2\/product"}],"about":[{"href":"https:\/\/store.astieks.com\/et\/wp-json\/wp\/v2\/types\/product"}],"version-history":[{"count":1,"href":"https:\/\/store.astieks.com\/et\/wp-json\/wp\/v2\/product\/16219\/revisions"}],"predecessor-version":[{"id":19130,"href":"https:\/\/store.astieks.com\/et\/wp-json\/wp\/v2\/product\/16219\/revisions\/19130"}],"wp:featuredmedia":[{"embeddable":true,"href":"https:\/\/store.astieks.com\/et\/wp-json\/wp\/v2\/media\/14032"}],"wp:attachment":[{"href":"https:\/\/store.astieks.com\/et\/wp-json\/wp\/v2\/media?parent=16219"}],"wp:term":[{"taxonomy":"product_brand","embeddable":true,"href":"https:\/\/store.astieks.com\/et\/wp-json\/wp\/v2\/product_brand?post=16219"},{"taxonomy":"product_cat","embeddable":true,"href":"https:\/\/store.astieks.com\/et\/wp-json\/wp\/v2\/product_cat?post=16219"},{"taxonomy":"product_tag","embeddable":true,"href":"https:\/\/store.astieks.com\/et\/wp-json\/wp\/v2\/product_tag?post=16219"}],"curies":[{"name":"wp","href":"https:\/\/api.w.org\/{rel}","templated":true}]}}