{"id":16218,"date":"2025-08-12T15:38:51","date_gmt":"2025-08-12T13:38:51","guid":{"rendered":"https:\/\/test.astieks.com\/product\/danhera-luxury-white-candle-the-emperors-tea\/"},"modified":"2025-10-30T16:06:14","modified_gmt":"2025-10-30T14:06:14","slug":"danhera-luxury-white-candle-the-emperors-tea","status":"publish","type":"product","link":"https:\/\/store.astieks.com\/et\/product\/danhera-luxury-white-candle-the-emperors-tea\/","title":{"rendered":"DANHERA LUKSUSLIK VALGE K\u00dc\u00dcNAL \u2013 Keisri Tee"},"content":{"rendered":"<p>Auv\u00e4\u00e4rsed valge tee noodid, mis s\u00fcmboliseerivad haruldust ja puhtust. V\u00f5lulike kuldsete ornamendiga kaunistatud karp, mille on loonud Itaalia meistrid \u2013 riigis, kus ilu ja puhta kunsti kultus elab rahva s\u00fcdames. <\/p>\n<p>Kristallklaas \u2013 Vaha 250 g \u2013 50 h<\/p>\n<p>K\u00e4sit\u00f6\u00f6na valmistatud Itaalias<\/p>\n","protected":false},"excerpt":{"rendered":"<p>Tule maagia on suletud kalliskivisse, mis kehastab enamat kui pelgalt elegantsi. See on aare, mis toob esile vaimsuse ja rafineerituse. S\u00e4ra ja v\u00f5lu parf\u00fc\u00fcmil\u00f5hnade keskel.  <\/p>\n","protected":false},"featured_media":14015,"template":"","meta":{"_acf_changed":false},"product_brand":[483],"product_cat":[245,249],"product_tag":[],"class_list":{"0":"post-16218","1":"product","2":"type-product","3":"status-publish","4":"has-post-thumbnail","6":"product_brand-danhera-et","7":"product_cat-kodulohnad","8":"product_cat-kuunlad","9":"nt-post-class","10":"","16":"first","17":"instock","18":"taxable","19":"shipping-taxable","20":"purchasable","21":"product-type-simple"},"acf":[],"_links":{"self":[{"href":"https:\/\/store.astieks.com\/et\/wp-json\/wp\/v2\/product\/16218","targetHints":{"allow":["GET"]}}],"collection":[{"href":"https:\/\/store.astieks.com\/et\/wp-json\/wp\/v2\/product"}],"about":[{"href":"https:\/\/store.astieks.com\/et\/wp-json\/wp\/v2\/types\/product"}],"version-history":[{"count":1,"href":"https:\/\/store.astieks.com\/et\/wp-json\/wp\/v2\/product\/16218\/revisions"}],"predecessor-version":[{"id":19128,"href":"https:\/\/store.astieks.com\/et\/wp-json\/wp\/v2\/product\/16218\/revisions\/19128"}],"wp:featuredmedia":[{"embeddable":true,"href":"https:\/\/store.astieks.com\/et\/wp-json\/wp\/v2\/media\/14015"}],"wp:attachment":[{"href":"https:\/\/store.astieks.com\/et\/wp-json\/wp\/v2\/media?parent=16218"}],"wp:term":[{"taxonomy":"product_brand","embeddable":true,"href":"https:\/\/store.astieks.com\/et\/wp-json\/wp\/v2\/product_brand?post=16218"},{"taxonomy":"product_cat","embeddable":true,"href":"https:\/\/store.astieks.com\/et\/wp-json\/wp\/v2\/product_cat?post=16218"},{"taxonomy":"product_tag","embeddable":true,"href":"https:\/\/store.astieks.com\/et\/wp-json\/wp\/v2\/product_tag?post=16218"}],"curies":[{"name":"wp","href":"https:\/\/api.w.org\/{rel}","templated":true}]}}