{"id":15954,"date":"2025-08-07T09:13:35","date_gmt":"2025-08-07T07:13:35","guid":{"rendered":"https:\/\/test.astieks.com\/product\/danhera-avorio-nero-body-wash\/"},"modified":"2025-09-17T13:08:18","modified_gmt":"2025-09-17T11:08:18","slug":"danhera-avorio-nero-body-wash","status":"publish","type":"product","link":"https:\/\/store.astieks.com\/et\/product\/danhera-avorio-nero-body-wash\/","title":{"rendered":"DANHERA AVORIO NERO Kehapesugeel 500 ml"},"content":{"rendered":"<p>Aaloe (Aloe Barbadensis) loomulik energia ja saialille (Calendula Officinalis) pehmus p\u00f5imuvad lummavate aroomidega, luues vannielamuse, mis on erakordne luksusliku intiimsuse hetk. Nauding, mis virgutab keha ja j\u00e4tab nahale kestva puhta heaolu tunde. <\/p>\n","protected":false},"excerpt":{"rendered":"<p>AVORIO NERO, Must Elevandiluu. See lummav ja sensuaalne ilurituaal viib sind imelisele meelte r\u00e4nnakule, t\u00e4is emotsioone, mida kogeda ja nautida. Salap\u00e4rane l\u00f5hna\u00adkirjutis, millel on v\u00f5imas ja naudinguline iseloom. Puidune ja m\u00fcstiline s\u00fcda on m\u00e4hitud vaigude ja viiruki s\u00fcgavusse. Bergamoti v\u00e4rsked puudutused sulanduvad seedripuu ja pat\u0161uli essentsidega.    <\/p>\n","protected":false},"featured_media":13109,"template":"","meta":{"_acf_changed":false},"product_brand":[483],"product_cat":[234],"product_tag":[],"class_list":{"0":"post-15954","1":"product","2":"type-product","3":"status-publish","4":"has-post-thumbnail","6":"product_brand-danhera-et","7":"product_cat-kehahooldus","8":"nt-post-class","9":"","15":"first","16":"instock","17":"taxable","18":"shipping-taxable","19":"purchasable","20":"product-type-simple"},"acf":[],"_links":{"self":[{"href":"https:\/\/store.astieks.com\/et\/wp-json\/wp\/v2\/product\/15954","targetHints":{"allow":["GET"]}}],"collection":[{"href":"https:\/\/store.astieks.com\/et\/wp-json\/wp\/v2\/product"}],"about":[{"href":"https:\/\/store.astieks.com\/et\/wp-json\/wp\/v2\/types\/product"}],"version-history":[{"count":1,"href":"https:\/\/store.astieks.com\/et\/wp-json\/wp\/v2\/product\/15954\/revisions"}],"predecessor-version":[{"id":16744,"href":"https:\/\/store.astieks.com\/et\/wp-json\/wp\/v2\/product\/15954\/revisions\/16744"}],"wp:featuredmedia":[{"embeddable":true,"href":"https:\/\/store.astieks.com\/et\/wp-json\/wp\/v2\/media\/13109"}],"wp:attachment":[{"href":"https:\/\/store.astieks.com\/et\/wp-json\/wp\/v2\/media?parent=15954"}],"wp:term":[{"taxonomy":"product_brand","embeddable":true,"href":"https:\/\/store.astieks.com\/et\/wp-json\/wp\/v2\/product_brand?post=15954"},{"taxonomy":"product_cat","embeddable":true,"href":"https:\/\/store.astieks.com\/et\/wp-json\/wp\/v2\/product_cat?post=15954"},{"taxonomy":"product_tag","embeddable":true,"href":"https:\/\/store.astieks.com\/et\/wp-json\/wp\/v2\/product_tag?post=15954"}],"curies":[{"name":"wp","href":"https:\/\/api.w.org\/{rel}","templated":true}]}}