{"id":15946,"date":"2025-08-07T09:55:22","date_gmt":"2025-08-07T07:55:22","guid":{"rendered":"https:\/\/test.astieks.com\/product\/danhera-milleunanotte-body-wash\/"},"modified":"2025-09-17T13:06:57","modified_gmt":"2025-09-17T11:06:57","slug":"danhera-milleunanotte-body-wash","status":"publish","type":"product","link":"https:\/\/store.astieks.com\/et\/product\/danhera-milleunanotte-body-wash\/","title":{"rendered":"DANHERA MILLEUNANOTTE Kehapesugeel 500 ml"},"content":{"rendered":"<p>Aaloe (Aloe Barbadensis) loomulik energia ja saialille (Calendula Officinalis) pehmus p\u00f5imuvad lummavate aroomidega, luues vannielamuse, mis on erakordne luksusliku intiimsuse hetk. Nauding, mis virgutab keha ja j\u00e4tab nahale kestva puhta heaolu tunde. <\/p>\n","protected":false},"excerpt":{"rendered":"<p>Idamaised ja maagilised \u00f6\u00f6d, mis juhatavad unustusse. Haruldaste v\u00fcrtside voogavad aroomid p\u00f5imuvad v\u00e4\u00e4rikate India puidunootidega. Meelte lumm, mis hellitab nahka ja kutsub avastama imet. See sensuaalne ja lummav ilurituaal viib sind imelisele meelte r\u00e4nnakule, t\u00e4is emotsioone, mida kogeda ja nautida.   <\/p>\n","protected":false},"featured_media":13138,"template":"","meta":{"_acf_changed":false},"product_brand":[483],"product_cat":[234],"product_tag":[],"class_list":{"0":"post-15946","1":"product","2":"type-product","3":"status-publish","4":"has-post-thumbnail","6":"product_brand-danhera-et","7":"product_cat-kehahooldus","8":"nt-post-class","9":"","15":"first","16":"instock","17":"taxable","18":"shipping-taxable","19":"purchasable","20":"product-type-simple"},"acf":[],"_links":{"self":[{"href":"https:\/\/store.astieks.com\/et\/wp-json\/wp\/v2\/product\/15946","targetHints":{"allow":["GET"]}}],"collection":[{"href":"https:\/\/store.astieks.com\/et\/wp-json\/wp\/v2\/product"}],"about":[{"href":"https:\/\/store.astieks.com\/et\/wp-json\/wp\/v2\/types\/product"}],"version-history":[{"count":1,"href":"https:\/\/store.astieks.com\/et\/wp-json\/wp\/v2\/product\/15946\/revisions"}],"predecessor-version":[{"id":16742,"href":"https:\/\/store.astieks.com\/et\/wp-json\/wp\/v2\/product\/15946\/revisions\/16742"}],"wp:featuredmedia":[{"embeddable":true,"href":"https:\/\/store.astieks.com\/et\/wp-json\/wp\/v2\/media\/13138"}],"wp:attachment":[{"href":"https:\/\/store.astieks.com\/et\/wp-json\/wp\/v2\/media?parent=15946"}],"wp:term":[{"taxonomy":"product_brand","embeddable":true,"href":"https:\/\/store.astieks.com\/et\/wp-json\/wp\/v2\/product_brand?post=15946"},{"taxonomy":"product_cat","embeddable":true,"href":"https:\/\/store.astieks.com\/et\/wp-json\/wp\/v2\/product_cat?post=15946"},{"taxonomy":"product_tag","embeddable":true,"href":"https:\/\/store.astieks.com\/et\/wp-json\/wp\/v2\/product_tag?post=15946"}],"curies":[{"name":"wp","href":"https:\/\/api.w.org\/{rel}","templated":true}]}}