{"id":15940,"date":"2025-08-07T10:14:05","date_gmt":"2025-08-07T08:14:05","guid":{"rendered":"https:\/\/test.astieks.com\/product\/danhera-milleunanotte-body-cream\/"},"modified":"2025-09-17T13:06:19","modified_gmt":"2025-09-17T11:06:19","slug":"danhera-milleunanotte-body-cream","status":"publish","type":"product","link":"https:\/\/store.astieks.com\/et\/product\/danhera-milleunanotte-body-cream\/","title":{"rendered":"DANHERA MILLEUNANOTTE Kehakreem 250 ml"},"content":{"rendered":"<p>Kallihinnaline ja puhas emulsioon, mis on loodud ka k\u00f5ige tundlikuma naha jaoks. Selle jumalik tekstuur, rikastatud aaloe (Aloe Barbadensis) ja saialille (Calendula Officinalis) ekstraktidega, hoolitseb \u00f5rnalt naha eest, pakkudes intensiivset toitumist ning j\u00e4ttes naha vastupandamatult pehmeks ja siidiseks. <\/p>\n<p>Harmooniline segu v\u00f5lust ja salap\u00e4rast, mis kutsub esile puhta heaolu tunde.<\/p>\n","protected":false},"excerpt":{"rendered":"<p>See lummav ja sensuaalne ilurituaal viib sind nauditavale meelte r\u00e4nnakule, t\u00e4is emotsioone, mida kogeda ja maitsta. Idamaised ja maagilised \u00f6\u00f6d, mis juhatavad unustusse. Haruldaste v\u00fcrtside voogav aroom p\u00f5imub v\u00e4\u00e4rikate India puidunootidega. Meelte v\u00f5lu, mis hellitab nahka ja kutsub avastama imet.  <\/p>\n","protected":false},"featured_media":13151,"template":"","meta":{"_acf_changed":false},"product_brand":[483],"product_cat":[234],"product_tag":[],"class_list":{"0":"post-15940","1":"product","2":"type-product","3":"status-publish","4":"has-post-thumbnail","6":"product_brand-danhera-et","7":"product_cat-kehahooldus","8":"nt-post-class","9":"","15":"first","16":"instock","17":"taxable","18":"shipping-taxable","19":"purchasable","20":"product-type-simple"},"acf":[],"_links":{"self":[{"href":"https:\/\/store.astieks.com\/et\/wp-json\/wp\/v2\/product\/15940","targetHints":{"allow":["GET"]}}],"collection":[{"href":"https:\/\/store.astieks.com\/et\/wp-json\/wp\/v2\/product"}],"about":[{"href":"https:\/\/store.astieks.com\/et\/wp-json\/wp\/v2\/types\/product"}],"version-history":[{"count":1,"href":"https:\/\/store.astieks.com\/et\/wp-json\/wp\/v2\/product\/15940\/revisions"}],"predecessor-version":[{"id":16740,"href":"https:\/\/store.astieks.com\/et\/wp-json\/wp\/v2\/product\/15940\/revisions\/16740"}],"wp:featuredmedia":[{"embeddable":true,"href":"https:\/\/store.astieks.com\/et\/wp-json\/wp\/v2\/media\/13151"}],"wp:attachment":[{"href":"https:\/\/store.astieks.com\/et\/wp-json\/wp\/v2\/media?parent=15940"}],"wp:term":[{"taxonomy":"product_brand","embeddable":true,"href":"https:\/\/store.astieks.com\/et\/wp-json\/wp\/v2\/product_brand?post=15940"},{"taxonomy":"product_cat","embeddable":true,"href":"https:\/\/store.astieks.com\/et\/wp-json\/wp\/v2\/product_cat?post=15940"},{"taxonomy":"product_tag","embeddable":true,"href":"https:\/\/store.astieks.com\/et\/wp-json\/wp\/v2\/product_tag?post=15940"}],"curies":[{"name":"wp","href":"https:\/\/api.w.org\/{rel}","templated":true}]}}