{"id":15938,"date":"2025-08-07T10:20:07","date_gmt":"2025-08-07T08:20:07","guid":{"rendered":"https:\/\/test.astieks.com\/product\/danhera-milleunanotte-hand-cream\/"},"modified":"2025-09-15T13:37:33","modified_gmt":"2025-09-15T11:37:33","slug":"danhera-milleunanotte-hand-cream","status":"publish","type":"product","link":"https:\/\/store.astieks.com\/et\/product\/danhera-milleunanotte-hand-cream\/","title":{"rendered":"DANHERA MILLEUNANOTTE K\u00e4tekreem 100 ml"},"content":{"rendered":"<p>See dermakaitsev emulsioon toidab, niisutab ja taastab sinu k\u00e4enahka, j\u00e4ttes selle pehmeks ja siidiselt sametiseks.<\/p>\n<p>Intensiivne hooldus, mis oma \u00f5rna ja luksuslikult siidise tekstuuriga pakub nii kaitset kui ka taastamist. Spetsiaalselt loodud igap\u00e4evase niiskuse taastamiseks, imendub kiiresti ega j\u00e4ta nahale rasvast kihti. <\/p>\n","protected":false},"excerpt":{"rendered":"<p>See lummav ja sensuaalne ilurituaal viib sind nauditavale meelte r\u00e4nnakule, t\u00e4is emotsioone, mida kogeda ja maitsta. Idamaised ja maagilised \u00f6\u00f6d, mis juhatavad unustusse. Haruldaste v\u00fcrtside voogav aroom p\u00f5imub v\u00e4\u00e4rikate India puidunootidega. Meelte v\u00f5lu, mis hellitab nahka ja kutsub avastama imet.  <\/p>\n","protected":false},"featured_media":13158,"template":"","meta":{"_acf_changed":false},"product_brand":[483],"product_cat":[234],"product_tag":[],"class_list":{"0":"post-15938","1":"product","2":"type-product","3":"status-publish","4":"has-post-thumbnail","6":"product_brand-danhera-et","7":"product_cat-kehahooldus","8":"nt-post-class","9":"","15":"first","16":"instock","17":"taxable","18":"shipping-taxable","19":"purchasable","20":"product-type-simple"},"acf":[],"_links":{"self":[{"href":"https:\/\/store.astieks.com\/et\/wp-json\/wp\/v2\/product\/15938","targetHints":{"allow":["GET"]}}],"collection":[{"href":"https:\/\/store.astieks.com\/et\/wp-json\/wp\/v2\/product"}],"about":[{"href":"https:\/\/store.astieks.com\/et\/wp-json\/wp\/v2\/types\/product"}],"version-history":[{"count":1,"href":"https:\/\/store.astieks.com\/et\/wp-json\/wp\/v2\/product\/15938\/revisions"}],"predecessor-version":[{"id":16233,"href":"https:\/\/store.astieks.com\/et\/wp-json\/wp\/v2\/product\/15938\/revisions\/16233"}],"wp:featuredmedia":[{"embeddable":true,"href":"https:\/\/store.astieks.com\/et\/wp-json\/wp\/v2\/media\/13158"}],"wp:attachment":[{"href":"https:\/\/store.astieks.com\/et\/wp-json\/wp\/v2\/media?parent=15938"}],"wp:term":[{"taxonomy":"product_brand","embeddable":true,"href":"https:\/\/store.astieks.com\/et\/wp-json\/wp\/v2\/product_brand?post=15938"},{"taxonomy":"product_cat","embeddable":true,"href":"https:\/\/store.astieks.com\/et\/wp-json\/wp\/v2\/product_cat?post=15938"},{"taxonomy":"product_tag","embeddable":true,"href":"https:\/\/store.astieks.com\/et\/wp-json\/wp\/v2\/product_tag?post=15938"}],"curies":[{"name":"wp","href":"https:\/\/api.w.org\/{rel}","templated":true}]}}