{"id":15650,"date":"2025-08-05T15:13:49","date_gmt":"2025-08-05T13:13:49","guid":{"rendered":"https:\/\/test.astieks.com\/product\/danhera-il-sogno-natural-spray\/"},"modified":"2025-10-02T09:28:17","modified_gmt":"2025-10-02T07:28:17","slug":"danhera-il-sogno-natural-spray","status":"publish","type":"product","link":"https:\/\/store.astieks.com\/et\/product\/danhera-il-sogno-natural-spray\/","title":{"rendered":"DANHERA Il Sogno Looduslik Sprei 200 ml"},"content":{"rendered":"<p>K\u00f5ige kaunim teekond l\u00e4bi kujutlusv\u00f5ime aarete. Pariisi vastupandamatu v\u00f5lu unistuste ja Belle \u00c9poque\u2019i m\u00e4lestuste vahel. Elu, kunstiteos, mida jutustab k\u00f6itev parf\u00fc\u00fcm.<\/p>\n","protected":false},"excerpt":{"rendered":"<p>Unistus ja elegants padjadel, linadel ja r\u00e4tikutel. Unikaalsed l\u00f5hnan\u00fcansid \u00fcmbritsevad sinu maailma kauni peenusega. <\/p>\n<p>Hinnalised looduslikud toorained avalduvad kogu oma loomulikkuses, et riietada sinu kangaste tekstuure v\u00f5lu ja harmooniaga.<\/p>\n","protected":false},"featured_media":13032,"template":"","meta":{"_acf_changed":false},"product_brand":[483],"product_cat":[261,263],"product_tag":[],"class_list":{"0":"post-15650","1":"product","2":"type-product","3":"status-publish","4":"has-post-thumbnail","6":"product_brand-danhera-et","7":"product_cat-koduhooldus","8":"product_cat-pesuhooldus","9":"nt-post-class","10":"","16":"first","17":"instock","18":"taxable","19":"shipping-taxable","20":"purchasable","21":"product-type-simple"},"acf":[],"_links":{"self":[{"href":"https:\/\/store.astieks.com\/et\/wp-json\/wp\/v2\/product\/15650","targetHints":{"allow":["GET"]}}],"collection":[{"href":"https:\/\/store.astieks.com\/et\/wp-json\/wp\/v2\/product"}],"about":[{"href":"https:\/\/store.astieks.com\/et\/wp-json\/wp\/v2\/types\/product"}],"version-history":[{"count":2,"href":"https:\/\/store.astieks.com\/et\/wp-json\/wp\/v2\/product\/15650\/revisions"}],"predecessor-version":[{"id":18348,"href":"https:\/\/store.astieks.com\/et\/wp-json\/wp\/v2\/product\/15650\/revisions\/18348"}],"wp:featuredmedia":[{"embeddable":true,"href":"https:\/\/store.astieks.com\/et\/wp-json\/wp\/v2\/media\/13032"}],"wp:attachment":[{"href":"https:\/\/store.astieks.com\/et\/wp-json\/wp\/v2\/media?parent=15650"}],"wp:term":[{"taxonomy":"product_brand","embeddable":true,"href":"https:\/\/store.astieks.com\/et\/wp-json\/wp\/v2\/product_brand?post=15650"},{"taxonomy":"product_cat","embeddable":true,"href":"https:\/\/store.astieks.com\/et\/wp-json\/wp\/v2\/product_cat?post=15650"},{"taxonomy":"product_tag","embeddable":true,"href":"https:\/\/store.astieks.com\/et\/wp-json\/wp\/v2\/product_tag?post=15650"}],"curies":[{"name":"wp","href":"https:\/\/api.w.org\/{rel}","templated":true}]}}