{"id":15649,"date":"2025-08-05T15:41:15","date_gmt":"2025-08-05T13:41:15","guid":{"rendered":"https:\/\/test.astieks.com\/product\/danhera-lappuntamento-natural-spray\/"},"modified":"2025-10-02T09:59:44","modified_gmt":"2025-10-02T07:59:44","slug":"danhera-lappuntamento-natural-spray","status":"publish","type":"product","link":"https:\/\/store.astieks.com\/et\/product\/danhera-lappuntamento-natural-spray\/","title":{"rendered":"DANHERA L\u00b4Appuntamento Looduslik Sprei 200 ml"},"content":{"rendered":"<p>Ootamise ilu saab l\u00f5hnaks. S\u00fcda, mis laseb end lahti ja avaneb pehmetele ja ajatutele emotsioonidele. <\/p>\n<p>Pihusta l\u00f5hna otse kangastele, hoides v\u00e4hemalt 40 cm kaugust. Enne kogu kanga t\u00f6\u00f6tlemist tee proov v\u00e4ikesele varjatud alale. Ole ettevaatlik, kui kasutad siidil.  <\/p>\n<p>Peanoodid: lit\u0161<\/p>\n<p>S\u00fcdamenoodid: musta tee lehed, oud<\/p>\n<p>P\u00f5hinoodid: must pipar, vetiver<\/p>\n","protected":false},"excerpt":{"rendered":"<p>Unistus ja elegants padjadel, linadel ja r\u00e4tikutel. Unikaalsed l\u00f5hnan\u00fcansid \u00fcmbritsevad sinu maailma kauni peenusega. <\/p>\n<p>Hinnalised looduslikud toorained avalduvad kogu oma loomulikkuses, et riietada sinu kangaste tekstuure v\u00f5lu ja harmooniaga.<\/p>\n","protected":false},"featured_media":13038,"template":"","meta":{"_acf_changed":false},"product_brand":[483],"product_cat":[261,263],"product_tag":[],"class_list":{"0":"post-15649","1":"product","2":"type-product","3":"status-publish","4":"has-post-thumbnail","6":"product_brand-danhera-et","7":"product_cat-koduhooldus","8":"product_cat-pesuhooldus","9":"nt-post-class","10":"","16":"first","17":"instock","18":"taxable","19":"shipping-taxable","20":"purchasable","21":"product-type-simple"},"acf":[],"_links":{"self":[{"href":"https:\/\/store.astieks.com\/et\/wp-json\/wp\/v2\/product\/15649","targetHints":{"allow":["GET"]}}],"collection":[{"href":"https:\/\/store.astieks.com\/et\/wp-json\/wp\/v2\/product"}],"about":[{"href":"https:\/\/store.astieks.com\/et\/wp-json\/wp\/v2\/types\/product"}],"version-history":[{"count":4,"href":"https:\/\/store.astieks.com\/et\/wp-json\/wp\/v2\/product\/15649\/revisions"}],"predecessor-version":[{"id":18368,"href":"https:\/\/store.astieks.com\/et\/wp-json\/wp\/v2\/product\/15649\/revisions\/18368"}],"wp:featuredmedia":[{"embeddable":true,"href":"https:\/\/store.astieks.com\/et\/wp-json\/wp\/v2\/media\/13038"}],"wp:attachment":[{"href":"https:\/\/store.astieks.com\/et\/wp-json\/wp\/v2\/media?parent=15649"}],"wp:term":[{"taxonomy":"product_brand","embeddable":true,"href":"https:\/\/store.astieks.com\/et\/wp-json\/wp\/v2\/product_brand?post=15649"},{"taxonomy":"product_cat","embeddable":true,"href":"https:\/\/store.astieks.com\/et\/wp-json\/wp\/v2\/product_cat?post=15649"},{"taxonomy":"product_tag","embeddable":true,"href":"https:\/\/store.astieks.com\/et\/wp-json\/wp\/v2\/product_tag?post=15649"}],"curies":[{"name":"wp","href":"https:\/\/api.w.org\/{rel}","templated":true}]}}