{"id":15647,"date":"2025-08-08T14:00:10","date_gmt":"2025-08-08T12:00:10","guid":{"rendered":"https:\/\/test.astieks.com\/product\/kriso-gift-set-i\/"},"modified":"2025-10-30T16:44:55","modified_gmt":"2025-10-30T14:44:55","slug":"kriso-gift-set-i","status":"publish","type":"product","link":"https:\/\/store.astieks.com\/et\/product\/kriso-gift-set-i\/","title":{"rendered":"DANHERA KRISO Kingikomplekt I"},"content":{"rendered":"<p>Ol\u00fcmpose elanikud seisavad paigal, lummatud, maitstes igavese elu lille \u2013 Helichrysumit, lillede lille, Jumalate l\u00f5hna. L\u00f5hnanoodid, mis on meeldej\u00e4\u00e4vad nagu k\u00f5ik legendid.<br \/>\n<br \/>Kriso on teekond l\u00e4bi ilu ja h\u00e4mmastuse, mida juhib s\u00fcgav ja d\u00fcnaamiline muskusenoot. Virtuoossus ja maagia p\u00f5imuvad, et pakkuda hingelist hetke meditatsiooniks ja kuulamiseks.  <\/p>\n<p><strong>Kingituskomplektis:<\/strong><\/p>\n<ul>\n<li>Impero Aroomidiffusor 250 ml ja Mikrofiibrist pulgad aroomidifuusori jaoks<\/li>\n<li>Kriso Looduslik Sprei 100 ml<\/li>\n<li>Luksuslik karp tekkstiilviimistlusega<\/li>\n<li>Kollektsioonil\u00f5hnade album<\/li>\n<\/ul>\n","protected":false},"excerpt":{"rendered":"<p>L\u00f5hnaaine KRISO kingikomplektis, loodud l\u00f5hnastlike stsenaariumite loomiseks ja end Danhera legendi keskkonda sukeldumiseks. Peen looming parf\u00fc\u00fcmikunsti armastajatele. Emotsioonid, mida kogeda, kanda ja s\u00fcdames hoida.  <\/p>\n","protected":false},"featured_media":13330,"template":"","meta":{"_acf_changed":false},"product_brand":[483],"product_cat":[253,245,257],"product_tag":[],"class_list":{"0":"post-15647","1":"product","2":"type-product","3":"status-publish","4":"has-post-thumbnail","6":"product_brand-danhera-et","7":"product_cat-difuuserid","8":"product_cat-kodulohnad","9":"product_cat-pihustid","10":"nt-post-class","11":"","17":"first","18":"instock","19":"taxable","20":"shipping-taxable","21":"purchasable","22":"product-type-simple"},"acf":[],"_links":{"self":[{"href":"https:\/\/store.astieks.com\/et\/wp-json\/wp\/v2\/product\/15647","targetHints":{"allow":["GET"]}}],"collection":[{"href":"https:\/\/store.astieks.com\/et\/wp-json\/wp\/v2\/product"}],"about":[{"href":"https:\/\/store.astieks.com\/et\/wp-json\/wp\/v2\/types\/product"}],"version-history":[{"count":1,"href":"https:\/\/store.astieks.com\/et\/wp-json\/wp\/v2\/product\/15647\/revisions"}],"predecessor-version":[{"id":19153,"href":"https:\/\/store.astieks.com\/et\/wp-json\/wp\/v2\/product\/15647\/revisions\/19153"}],"wp:featuredmedia":[{"embeddable":true,"href":"https:\/\/store.astieks.com\/et\/wp-json\/wp\/v2\/media\/13330"}],"wp:attachment":[{"href":"https:\/\/store.astieks.com\/et\/wp-json\/wp\/v2\/media?parent=15647"}],"wp:term":[{"taxonomy":"product_brand","embeddable":true,"href":"https:\/\/store.astieks.com\/et\/wp-json\/wp\/v2\/product_brand?post=15647"},{"taxonomy":"product_cat","embeddable":true,"href":"https:\/\/store.astieks.com\/et\/wp-json\/wp\/v2\/product_cat?post=15647"},{"taxonomy":"product_tag","embeddable":true,"href":"https:\/\/store.astieks.com\/et\/wp-json\/wp\/v2\/product_tag?post=15647"}],"curies":[{"name":"wp","href":"https:\/\/api.w.org\/{rel}","templated":true}]}}