{"id":15638,"date":"2025-08-08T13:10:50","date_gmt":"2025-08-08T11:10:50","guid":{"rendered":"https:\/\/test.astieks.com\/product\/danhera-kriso-decanter-medium\/"},"modified":"2025-10-30T16:44:52","modified_gmt":"2025-10-30T14:44:52","slug":"danhera-kriso-decanter-medium","status":"publish","type":"product","link":"https:\/\/store.astieks.com\/et\/product\/danhera-kriso-decanter-medium\/","title":{"rendered":"DANHERA KRISO Aroomidiffusor Medium 250 ml"},"content":{"rendered":"<p>Ol\u00fcmpose elanikud seisavad paigal, lummatud, maitstes igavese elu lille \u2013 Helichrysumit, lillede lille, Jumalate l\u00f5hna. L\u00f5hnanoodid, mis on meeldej\u00e4\u00e4vad nagu k\u00f5ik legendid.<x id=\"gid_0\"><\/x><br \/>Kriso on teekond l\u00e4bi ilu ja h\u00e4mmastuse, mida juhib s\u00fcgav ja d\u00fcnaamiline muskusenoot. Virtuoossus ja maagia p\u00f5imuvad, et pakkuda hingelist hetke meditatsiooniks ja kuulamiseks.  <\/p>\n<p><strong>Komplektis:<\/strong><\/p>\n<ul>\n<li>Impero Aroomidiffusor 250 ml<\/li>\n<li>Mikrofiibrist pulgad aroomidifuusori jaoks<\/li>\n<li>Must kinkekarp<\/li>\n<li>Tootevoldik<\/li>\n<\/ul>\n","protected":false},"excerpt":{"rendered":"<p>Parf\u00fc\u00fcm KRISO ikoonilises Decanter Medium pudelis ja k\u00e4sitsi valmistatud Sculpture Box karbis. Hinnaline kirst l\u00f5hnavatest emotsioonidest legendaarse Olfaktoorse Dekoori jaoks. <\/p>\n","protected":false},"featured_media":13316,"template":"","meta":{"_acf_changed":false},"product_brand":[483],"product_cat":[253,245],"product_tag":[],"class_list":{"0":"post-15638","1":"product","2":"type-product","3":"status-publish","4":"has-post-thumbnail","6":"product_brand-danhera-et","7":"product_cat-difuuserid","8":"product_cat-kodulohnad","9":"nt-post-class","10":"","16":"first","17":"instock","18":"taxable","19":"shipping-taxable","20":"purchasable","21":"product-type-simple"},"acf":[],"_links":{"self":[{"href":"https:\/\/store.astieks.com\/et\/wp-json\/wp\/v2\/product\/15638","targetHints":{"allow":["GET"]}}],"collection":[{"href":"https:\/\/store.astieks.com\/et\/wp-json\/wp\/v2\/product"}],"about":[{"href":"https:\/\/store.astieks.com\/et\/wp-json\/wp\/v2\/types\/product"}],"version-history":[{"count":1,"href":"https:\/\/store.astieks.com\/et\/wp-json\/wp\/v2\/product\/15638\/revisions"}],"predecessor-version":[{"id":19151,"href":"https:\/\/store.astieks.com\/et\/wp-json\/wp\/v2\/product\/15638\/revisions\/19151"}],"wp:featuredmedia":[{"embeddable":true,"href":"https:\/\/store.astieks.com\/et\/wp-json\/wp\/v2\/media\/13316"}],"wp:attachment":[{"href":"https:\/\/store.astieks.com\/et\/wp-json\/wp\/v2\/media?parent=15638"}],"wp:term":[{"taxonomy":"product_brand","embeddable":true,"href":"https:\/\/store.astieks.com\/et\/wp-json\/wp\/v2\/product_brand?post=15638"},{"taxonomy":"product_cat","embeddable":true,"href":"https:\/\/store.astieks.com\/et\/wp-json\/wp\/v2\/product_cat?post=15638"},{"taxonomy":"product_tag","embeddable":true,"href":"https:\/\/store.astieks.com\/et\/wp-json\/wp\/v2\/product_tag?post=15638"}],"curies":[{"name":"wp","href":"https:\/\/api.w.org\/{rel}","templated":true}]}}