{"id":15634,"date":"2025-08-11T14:12:51","date_gmt":"2025-08-11T12:12:51","guid":{"rendered":"https:\/\/test.astieks.com\/product\/danhera-infinito-decanter-premium-500-ml\/"},"modified":"2025-10-29T13:45:45","modified_gmt":"2025-10-29T11:45:45","slug":"danhera-infinito-decanter-premium-500-ml","status":"publish","type":"product","link":"https:\/\/store.astieks.com\/et\/product\/danhera-infinito-decanter-premium-500-ml\/","title":{"rendered":"DANHERA INFINITO Aroomidiffusor Premium 500 ml"},"content":{"rendered":"<p>Puudutavad maastikud, maa, mere ja silmapiiri harmooniline kohtumine on inspireerinud selle l\u00f5hna nime, mis jutustab Itaalia l\u00f5pututest ja hingeminevatest paikadest.<\/p>\n<p>Poeet Giacomo Leopardi ja DANHERA Italy kodumaa vaimust s\u00fcndinud, kehastab see s\u00fcdantsoojendavat ja k\u00f6itvat l\u00f5hnanootide s\u00fcnteesi, mis \u00fchendab v\u00e4rskuse, soojuse ja v\u00e4rvid. See haarab t\u00e4iusliku kontrasti jaheda meretuule ja tiheda oudi puidu vahel, luues olfaktoorse m\u00e4lestuse, mis r\u00f5\u00f5mustab, erutab ja kutsub alati tagasi p\u00f6\u00f6rduma. <\/p>\n<p>Incanto INFINITO oli l\u00f5hn, mis valiti esindama Marche regiooni Expo2015 ja BIT Milano 2015 messidel.<\/p>\n<p><strong>Komplektis:<\/strong><\/p>\n<ul>\n<li>Impero Aroomidiffusor 500 ml<\/li>\n<li>Mikrofiibrist pulgad aroomidifuusori jaoks<\/li>\n<li>Valge skulptuurikarp<\/li>\n<li>Tootevoldik<\/li>\n<\/ul>\n","protected":false},"excerpt":{"rendered":"<p>L\u00f5hn INFINITO ikoonilises Decanter Premium\u2019is ja t\u00e4ielikult k\u00e4sitsi valmistatud Sculpture Box\u2019is. V\u00e4\u00e4rikas aare l\u00f5hnavatest emotsioonidest legendaarse olfaktoorse dekori jaoks. <\/p>\n","protected":false},"featured_media":13619,"template":"","meta":{"_acf_changed":false},"product_brand":[483],"product_cat":[253,245],"product_tag":[],"class_list":{"0":"post-15634","1":"product","2":"type-product","3":"status-publish","4":"has-post-thumbnail","6":"product_brand-danhera-et","7":"product_cat-difuuserid","8":"product_cat-kodulohnad","9":"nt-post-class","10":"","16":"first","17":"instock","18":"taxable","19":"shipping-taxable","20":"purchasable","21":"product-type-simple"},"acf":[],"_links":{"self":[{"href":"https:\/\/store.astieks.com\/et\/wp-json\/wp\/v2\/product\/15634","targetHints":{"allow":["GET"]}}],"collection":[{"href":"https:\/\/store.astieks.com\/et\/wp-json\/wp\/v2\/product"}],"about":[{"href":"https:\/\/store.astieks.com\/et\/wp-json\/wp\/v2\/types\/product"}],"version-history":[{"count":1,"href":"https:\/\/store.astieks.com\/et\/wp-json\/wp\/v2\/product\/15634\/revisions"}],"predecessor-version":[{"id":15636,"href":"https:\/\/store.astieks.com\/et\/wp-json\/wp\/v2\/product\/15634\/revisions\/15636"}],"wp:featuredmedia":[{"embeddable":true,"href":"https:\/\/store.astieks.com\/et\/wp-json\/wp\/v2\/media\/13619"}],"wp:attachment":[{"href":"https:\/\/store.astieks.com\/et\/wp-json\/wp\/v2\/media?parent=15634"}],"wp:term":[{"taxonomy":"product_brand","embeddable":true,"href":"https:\/\/store.astieks.com\/et\/wp-json\/wp\/v2\/product_brand?post=15634"},{"taxonomy":"product_cat","embeddable":true,"href":"https:\/\/store.astieks.com\/et\/wp-json\/wp\/v2\/product_cat?post=15634"},{"taxonomy":"product_tag","embeddable":true,"href":"https:\/\/store.astieks.com\/et\/wp-json\/wp\/v2\/product_tag?post=15634"}],"curies":[{"name":"wp","href":"https:\/\/api.w.org\/{rel}","templated":true}]}}