{"id":15632,"date":"2025-08-11T15:42:41","date_gmt":"2025-08-11T13:42:41","guid":{"rendered":"https:\/\/test.astieks.com\/product\/danhera-niro-refill-500-ml\/"},"modified":"2025-10-30T16:40:39","modified_gmt":"2025-10-30T14:40:39","slug":"danhera-niro-refill-500-ml","status":"publish","type":"product","link":"https:\/\/store.astieks.com\/et\/product\/danhera-niro-refill-500-ml\/","title":{"rendered":"DANHERA NIRO Refill 500 ml"},"content":{"rendered":"<p>Oneiros, unejumala Hypnose ja \u00f6\u00f6 poeg, saadeti Zeusi poolt tiivulise k\u00e4skjala kuju v\u00f5tmas inimkonnale jumalikku ilmutust tooma. Unen\u00e4gude ingel, oma h\u00f5bedasvalges r\u00fc\u00fcs, laskub maa peale ja valab inimestele transcendentse joogiohvri: une. Niro \u2013 unen\u00e4gude olemus, v\u00fcrtsikas, tume, v\u00f5imas ja s\u00fcdant lummav. L\u00f5hn, mis kutsub esile intensiivseid s\u00fcnesteetilisi aistinguid, haarates k\u00f5iki meeli l\u00f5putusse r\u00e4nnakusse.   <\/p>\n<p><strong>Komplektis:<br \/>\n<\/strong><\/p>\n<ul>\n<li>Aroomit\u00e4ide Refill 500 ml<\/li>\n<\/ul>\n","protected":false},"excerpt":{"rendered":"<p>L\u00f5hn NIRO praktilises Refill-formaadis, loodud sinu Decanter\u2019i ja Spray t\u00e4iendamiseks.<\/p>\n","protected":false},"featured_media":13720,"template":"","meta":{"_acf_changed":false},"product_brand":[483],"product_cat":[253,245,257],"product_tag":[],"class_list":{"0":"post-15632","1":"product","2":"type-product","3":"status-publish","4":"has-post-thumbnail","6":"product_brand-danhera-et","7":"product_cat-difuuserid","8":"product_cat-kodulohnad","9":"product_cat-pihustid","10":"nt-post-class","11":"","17":"first","18":"outofstock","19":"taxable","20":"shipping-taxable","21":"purchasable","22":"product-type-simple"},"acf":[],"_links":{"self":[{"href":"https:\/\/store.astieks.com\/et\/wp-json\/wp\/v2\/product\/15632","targetHints":{"allow":["GET"]}}],"collection":[{"href":"https:\/\/store.astieks.com\/et\/wp-json\/wp\/v2\/product"}],"about":[{"href":"https:\/\/store.astieks.com\/et\/wp-json\/wp\/v2\/types\/product"}],"version-history":[{"count":1,"href":"https:\/\/store.astieks.com\/et\/wp-json\/wp\/v2\/product\/15632\/revisions"}],"predecessor-version":[{"id":19145,"href":"https:\/\/store.astieks.com\/et\/wp-json\/wp\/v2\/product\/15632\/revisions\/19145"}],"wp:featuredmedia":[{"embeddable":true,"href":"https:\/\/store.astieks.com\/et\/wp-json\/wp\/v2\/media\/13720"}],"wp:attachment":[{"href":"https:\/\/store.astieks.com\/et\/wp-json\/wp\/v2\/media?parent=15632"}],"wp:term":[{"taxonomy":"product_brand","embeddable":true,"href":"https:\/\/store.astieks.com\/et\/wp-json\/wp\/v2\/product_brand?post=15632"},{"taxonomy":"product_cat","embeddable":true,"href":"https:\/\/store.astieks.com\/et\/wp-json\/wp\/v2\/product_cat?post=15632"},{"taxonomy":"product_tag","embeddable":true,"href":"https:\/\/store.astieks.com\/et\/wp-json\/wp\/v2\/product_tag?post=15632"}],"curies":[{"name":"wp","href":"https:\/\/api.w.org\/{rel}","templated":true}]}}