{"id":15631,"date":"2025-08-11T15:36:58","date_gmt":"2025-08-11T13:36:58","guid":{"rendered":"https:\/\/test.astieks.com\/product\/danhera-niro-decanter-medium-250-ml\/"},"modified":"2025-10-30T16:40:38","modified_gmt":"2025-10-30T14:40:38","slug":"danhera-niro-decanter-medium-250-ml","status":"publish","type":"product","link":"https:\/\/store.astieks.com\/et\/product\/danhera-niro-decanter-medium-250-ml\/","title":{"rendered":"DANHERA NIRO Aroomidiffusor Medium 250 ml"},"content":{"rendered":"<p>Oneiros, unejumala Hypnose ja \u00f6\u00f6 poeg, saadeti Zeusi poolt tiivulise k\u00e4skjala kuju v\u00f5tmas inimkonnale jumalikku ilmutust tooma. Unen\u00e4gude ingel, oma h\u00f5bedasvalges r\u00fc\u00fcs, laskub maa peale ja valab inimestele transcendentse joogiohvri: une. Niro \u2013 unen\u00e4gude olemus, v\u00fcrtsikas, tume, v\u00f5imas ja s\u00fcdant lummav. L\u00f5hn, mis kutsub esile intensiivseid s\u00fcnesteetilisi aistinguid, haarates k\u00f5iki meeli l\u00f5putusse r\u00e4nnakusse.   <\/p>\n<p><strong>Komplektis:<\/strong><\/p>\n<ul>\n<li>Impero Aroomidiffusor 250 ml<\/li>\n<li>Mikrofiibrist pulgad aroomidifuusori jaoks<\/li>\n<li>Must kinkekarp<\/li>\n<li>Tootevoldik<\/li>\n<\/ul>\n","protected":false},"excerpt":{"rendered":"<p>L\u00f5hn NIRO ikoonilises Decanter Medium\u2019is ja t\u00e4ielikult k\u00e4sitsi valmistatud Sculpture Box\u2019is. V\u00e4\u00e4rikas aare l\u00f5hnavatest emotsioonidest legendaarse olfaktoorse dekori jaoks. <\/p>\n","protected":false},"featured_media":13713,"template":"","meta":{"_acf_changed":false},"product_brand":[483],"product_cat":[253,245],"product_tag":[],"class_list":{"0":"post-15631","1":"product","2":"type-product","3":"status-publish","4":"has-post-thumbnail","6":"product_brand-danhera-et","7":"product_cat-difuuserid","8":"product_cat-kodulohnad","9":"nt-post-class","10":"","16":"first","17":"outofstock","18":"taxable","19":"shipping-taxable","20":"purchasable","21":"product-type-simple"},"acf":[],"_links":{"self":[{"href":"https:\/\/store.astieks.com\/et\/wp-json\/wp\/v2\/product\/15631","targetHints":{"allow":["GET"]}}],"collection":[{"href":"https:\/\/store.astieks.com\/et\/wp-json\/wp\/v2\/product"}],"about":[{"href":"https:\/\/store.astieks.com\/et\/wp-json\/wp\/v2\/types\/product"}],"version-history":[{"count":1,"href":"https:\/\/store.astieks.com\/et\/wp-json\/wp\/v2\/product\/15631\/revisions"}],"predecessor-version":[{"id":19144,"href":"https:\/\/store.astieks.com\/et\/wp-json\/wp\/v2\/product\/15631\/revisions\/19144"}],"wp:featuredmedia":[{"embeddable":true,"href":"https:\/\/store.astieks.com\/et\/wp-json\/wp\/v2\/media\/13713"}],"wp:attachment":[{"href":"https:\/\/store.astieks.com\/et\/wp-json\/wp\/v2\/media?parent=15631"}],"wp:term":[{"taxonomy":"product_brand","embeddable":true,"href":"https:\/\/store.astieks.com\/et\/wp-json\/wp\/v2\/product_brand?post=15631"},{"taxonomy":"product_cat","embeddable":true,"href":"https:\/\/store.astieks.com\/et\/wp-json\/wp\/v2\/product_cat?post=15631"},{"taxonomy":"product_tag","embeddable":true,"href":"https:\/\/store.astieks.com\/et\/wp-json\/wp\/v2\/product_tag?post=15631"}],"curies":[{"name":"wp","href":"https:\/\/api.w.org\/{rel}","templated":true}]}}