{"id":15629,"date":"2025-08-12T12:17:33","date_gmt":"2025-08-12T10:17:33","guid":{"rendered":"https:\/\/test.astieks.com\/product\/danhera-narkao-decanter-medium-250-ml\/"},"modified":"2025-10-30T15:21:51","modified_gmt":"2025-10-30T13:21:51","slug":"danhera-narkao-decanter-medium-250-ml","status":"publish","type":"product","link":"https:\/\/store.astieks.com\/et\/product\/danhera-narkao-decanter-medium-250-ml\/","title":{"rendered":"DANHERA NARKAO Aroomidiffusor Medium 250 ml"},"content":{"rendered":"<p>Noore jumala Narkissose m\u00fc\u00fct jutustatuna uhkes ja m\u00f5istatuslikus parf\u00fc\u00fcmis. See androgiinne ja lummav ilu viib meid ajatutesse atmosf\u00e4\u00e4ridesse. Narkao on enneolematu armukohtumise l\u00f5hn, mis j\u00e4\u00e4b igaveseks m\u00e4llu.  <\/p>\n<p>Pimestavad valged nartsissid p\u00f5imuvad jasmiini ja liilia puhtusega, sulandudes ootamatusse lagritsa ja sireli kohtumisse. M\u00fcstiline merevaigu ja pat\u0161uli embus l\u00f5petab selle erakordse aroomiakordi, tuues esile s\u00fcgava sisemise heaolu. Sellest ainulaadsest buketist \u00f5itseb harmoonia, mis on uute aastaaegade eelm\u00e4ng. Unustamatu.   <\/p>\n<p><strong>Komplektis:<\/strong><\/p>\n<ul>\n<li style=\"list-style-type: none;\">\n<ul>\n<li>Impero Aroomidiffusor 250 ml<\/li>\n<li>Mikrofiibrist pulgad aroomidifuusori jaoks<\/li>\n<li>Valge skulptuurikarp<\/li>\n<li>Tootevoldik<\/li>\n<\/ul>\n<\/li>\n<\/ul>\n","protected":false},"excerpt":{"rendered":"<p>L\u00f5hn NARKAO ikoonilises Decanter Medium\u2019is ja t\u00e4ielikult k\u00e4sitsi valmistatud Sculpture Box\u2019is. V\u00e4\u00e4rikas aare l\u00f5hnavatest emotsioonidest legendaarse olfaktoorse dekori jaoks. <\/p>\n","protected":false},"featured_media":13910,"template":"","meta":{"_acf_changed":false},"product_brand":[483],"product_cat":[253,245],"product_tag":[],"class_list":{"0":"post-15629","1":"product","2":"type-product","3":"status-publish","4":"has-post-thumbnail","6":"product_brand-danhera-et","7":"product_cat-difuuserid","8":"product_cat-kodulohnad","9":"nt-post-class","10":"","16":"first","17":"instock","18":"taxable","19":"shipping-taxable","20":"purchasable","21":"product-type-simple"},"acf":[],"_links":{"self":[{"href":"https:\/\/store.astieks.com\/et\/wp-json\/wp\/v2\/product\/15629","targetHints":{"allow":["GET"]}}],"collection":[{"href":"https:\/\/store.astieks.com\/et\/wp-json\/wp\/v2\/product"}],"about":[{"href":"https:\/\/store.astieks.com\/et\/wp-json\/wp\/v2\/types\/product"}],"version-history":[{"count":1,"href":"https:\/\/store.astieks.com\/et\/wp-json\/wp\/v2\/product\/15629\/revisions"}],"predecessor-version":[{"id":19116,"href":"https:\/\/store.astieks.com\/et\/wp-json\/wp\/v2\/product\/15629\/revisions\/19116"}],"wp:featuredmedia":[{"embeddable":true,"href":"https:\/\/store.astieks.com\/et\/wp-json\/wp\/v2\/media\/13910"}],"wp:attachment":[{"href":"https:\/\/store.astieks.com\/et\/wp-json\/wp\/v2\/media?parent=15629"}],"wp:term":[{"taxonomy":"product_brand","embeddable":true,"href":"https:\/\/store.astieks.com\/et\/wp-json\/wp\/v2\/product_brand?post=15629"},{"taxonomy":"product_cat","embeddable":true,"href":"https:\/\/store.astieks.com\/et\/wp-json\/wp\/v2\/product_cat?post=15629"},{"taxonomy":"product_tag","embeddable":true,"href":"https:\/\/store.astieks.com\/et\/wp-json\/wp\/v2\/product_tag?post=15629"}],"curies":[{"name":"wp","href":"https:\/\/api.w.org\/{rel}","templated":true}]}}