{"id":15627,"date":"2025-08-11T14:49:15","date_gmt":"2025-08-11T12:49:15","guid":{"rendered":"https:\/\/test.astieks.com\/product\/danhera-innocentia-refill-500-ml\/"},"modified":"2026-04-18T13:49:39","modified_gmt":"2026-04-18T11:49:39","slug":"danhera-innocentia-refill-500-ml","status":"publish","type":"product","link":"https:\/\/store.astieks.com\/et\/product\/danhera-innocentia-refill-500-ml\/","title":{"rendered":"DANHERA INNOCENTIA Refill 500 ml"},"content":{"rendered":"<p>Jumalanna HERA jutustab Elu algustest, puhtuse l\u00f5hnalist emotsiooni, vaba \u00f5uem\u00e4ngude r\u00f5\u00f5mu ja jumalate magusat nektarit.<br \/>\nS\u00fc\u00fctu unen\u00e4gu, mida l\u00e4bivad sametised l\u00f5hnavarjundid. Talla pehmus kutsub esile hoolivad embused, unustamatud p\u00e4evad s\u00fcdames, hetked muretusest, armastusest ja \u00f5nnest. \u00d5rnad ja delikaatsed n\u00fcansid, mis annavad l\u00f5putu peenuse puudutuse maagilises talki, rohelise tee ja pehme merevaigu koosluses, mis hellitab ja harmoniseerib. Aeg voolab ja loob puhast luulet.   <\/p>\n<p><strong>Komplektis:<\/strong><\/p>\n<ul>\n<li>Ringlussev]etav PET pudel<\/li>\n<\/ul>\n","protected":false},"excerpt":{"rendered":"<p class=\"head-accordion active\">L\u00f5hn INNOCENTIA praktilises Refill-formaadis, mis on loodud sinu Decanter\u2019i ja Spray t\u00e4iendamiseks.<\/p>\n","protected":false},"featured_media":13656,"template":"","meta":{"_acf_changed":false},"product_brand":[483],"product_cat":[245],"product_tag":[],"class_list":{"0":"post-15627","1":"product","2":"type-product","3":"status-publish","4":"has-post-thumbnail","6":"product_brand-danhera-et","7":"product_cat-kodulohnad","8":"nt-post-class","9":"","15":"first","16":"instock","17":"taxable","18":"shipping-taxable","19":"purchasable","20":"product-type-simple"},"acf":[],"_links":{"self":[{"href":"https:\/\/store.astieks.com\/et\/wp-json\/wp\/v2\/product\/15627","targetHints":{"allow":["GET"]}}],"collection":[{"href":"https:\/\/store.astieks.com\/et\/wp-json\/wp\/v2\/product"}],"about":[{"href":"https:\/\/store.astieks.com\/et\/wp-json\/wp\/v2\/types\/product"}],"version-history":[{"count":1,"href":"https:\/\/store.astieks.com\/et\/wp-json\/wp\/v2\/product\/15627\/revisions"}],"predecessor-version":[{"id":18317,"href":"https:\/\/store.astieks.com\/et\/wp-json\/wp\/v2\/product\/15627\/revisions\/18317"}],"wp:featuredmedia":[{"embeddable":true,"href":"https:\/\/store.astieks.com\/et\/wp-json\/wp\/v2\/media\/13656"}],"wp:attachment":[{"href":"https:\/\/store.astieks.com\/et\/wp-json\/wp\/v2\/media?parent=15627"}],"wp:term":[{"taxonomy":"product_brand","embeddable":true,"href":"https:\/\/store.astieks.com\/et\/wp-json\/wp\/v2\/product_brand?post=15627"},{"taxonomy":"product_cat","embeddable":true,"href":"https:\/\/store.astieks.com\/et\/wp-json\/wp\/v2\/product_cat?post=15627"},{"taxonomy":"product_tag","embeddable":true,"href":"https:\/\/store.astieks.com\/et\/wp-json\/wp\/v2\/product_tag?post=15627"}],"curies":[{"name":"wp","href":"https:\/\/api.w.org\/{rel}","templated":true}]}}