{"id":15624,"date":"2025-08-11T11:32:40","date_gmt":"2025-08-11T09:32:40","guid":{"rendered":"https:\/\/test.astieks.com\/product\/danhera-arzana-refill-500-ml\/"},"modified":"2026-04-18T13:28:01","modified_gmt":"2026-04-18T11:28:01","slug":"danhera-arzana-refill-500-ml","status":"publish","type":"product","link":"https:\/\/store.astieks.com\/et\/product\/danhera-arzana-refill-500-ml\/","title":{"rendered":"DANHERA ARZAN\u00c0 Refill 500 ml"},"content":{"rendered":"<p>Arzan\u00e0 on Veneetsia Arsenali muistne nimi, mida mainis ja j\u00e4\u00e4dvustas Itaalia poeet.<\/p>\n<p>Arzan\u00e0 on Veneetsia Arsenali muistne nimi, mida mainis ja j\u00e4\u00e4dvustas Itaalia poeet Dante Alighieri oma Jumalikus kom\u00f6\u00f6dias. Just siin, kus minevik kohtub tulevikuga, toimub igal aastal rahvusvaheine arhitektuurin\u00e4itus. Selle ajalugu, seosed Idaga ja maitseained, mis kunagi \u00fchendasid Serenissima islami riikidega, on sulandunud ainulaadseks l\u00f5hnaks, loodud Veneetsia ilu t\u00e4histamiseks ja m\u00f5tiskluse inspireerimiseks.  <\/p>\n<p>Intensiivsed ja jahedad l\u00f5hnanoodid, l\u00e4bip\u00f5imunud laguuni ja osooniste \u00f5huhingustega, kaunistavad elegantselt k\u00f5ige eksklusiivsemaid paiku.<\/p>\n<p><em>Eriline l\u00f5hn erandlikule seisundile.<\/em><br \/>\n<em>14th International Architecture Exhibition<\/em><br \/>\n<em>La Biennale di Venezia<\/em><\/p>\n<p><strong>Komplektis:<\/strong><\/p>\n<ul>\n<li>Ringlussev]etav PET pudel<\/li>\n<\/ul>\n","protected":false},"excerpt":{"rendered":"<p>L\u00f5hn ARZAN\u00c0 praktilises Refill-formaadis, mis on loodud sinu Decanter\u2019i ja Spray t\u00e4iendamiseks.<\/p>\n","protected":false},"featured_media":13524,"template":"","meta":{"_acf_changed":false},"product_brand":[483],"product_cat":[245],"product_tag":[],"class_list":{"0":"post-15624","1":"product","2":"type-product","3":"status-publish","4":"has-post-thumbnail","6":"product_brand-danhera-et","7":"product_cat-kodulohnad","8":"nt-post-class","9":"","15":"first","16":"instock","17":"taxable","18":"shipping-taxable","19":"purchasable","20":"product-type-simple"},"acf":[],"_links":{"self":[{"href":"https:\/\/store.astieks.com\/et\/wp-json\/wp\/v2\/product\/15624","targetHints":{"allow":["GET"]}}],"collection":[{"href":"https:\/\/store.astieks.com\/et\/wp-json\/wp\/v2\/product"}],"about":[{"href":"https:\/\/store.astieks.com\/et\/wp-json\/wp\/v2\/types\/product"}],"version-history":[{"count":1,"href":"https:\/\/store.astieks.com\/et\/wp-json\/wp\/v2\/product\/15624\/revisions"}],"predecessor-version":[{"id":15628,"href":"https:\/\/store.astieks.com\/et\/wp-json\/wp\/v2\/product\/15624\/revisions\/15628"}],"wp:featuredmedia":[{"embeddable":true,"href":"https:\/\/store.astieks.com\/et\/wp-json\/wp\/v2\/media\/13524"}],"wp:attachment":[{"href":"https:\/\/store.astieks.com\/et\/wp-json\/wp\/v2\/media?parent=15624"}],"wp:term":[{"taxonomy":"product_brand","embeddable":true,"href":"https:\/\/store.astieks.com\/et\/wp-json\/wp\/v2\/product_brand?post=15624"},{"taxonomy":"product_cat","embeddable":true,"href":"https:\/\/store.astieks.com\/et\/wp-json\/wp\/v2\/product_cat?post=15624"},{"taxonomy":"product_tag","embeddable":true,"href":"https:\/\/store.astieks.com\/et\/wp-json\/wp\/v2\/product_tag?post=15624"}],"curies":[{"name":"wp","href":"https:\/\/api.w.org\/{rel}","templated":true}]}}