{"id":15623,"date":"2025-08-11T11:25:38","date_gmt":"2025-08-11T09:25:38","guid":{"rendered":"https:\/\/test.astieks.com\/product\/danhera-arzana-decanter-premium\/"},"modified":"2025-10-29T14:07:24","modified_gmt":"2025-10-29T12:07:24","slug":"danhera-arzana-decanter-premium","status":"publish","type":"product","link":"https:\/\/store.astieks.com\/et\/product\/danhera-arzana-decanter-premium\/","title":{"rendered":"DANHERA ARZAN\u00c0 Aroomidiffusor Medium 250 ml"},"content":{"rendered":"<p>Arzan\u00e0 on Veneetsia Arsenali muistne nimi, mida mainis ja j\u00e4\u00e4dvustas Itaalia poeet Dante Alighieri oma Jumalikus kom\u00f6\u00f6dias. Just siin, kus minevik kohtub tulevikuga, toimub igal aastal rahvusvaheine arhitektuurin\u00e4itus. Selle ajalugu, seosed Idaga ja maitseained, mis kunagi \u00fchendasid Serenissima islami riikidega, on sulandunud ainulaadseks l\u00f5hnaks, loodud Veneetsia ilu t\u00e4histamiseks ja m\u00f5tiskluse inspireerimiseks.  <\/p>\n<p>Intensiivsed ja jahedad l\u00f5hnanoodid, l\u00e4bip\u00f5imunud laguuni ja osooniste \u00f5huhingustega, kaunistavad elegantselt k\u00f5ige eksklusiivsemaid paiku.<\/p>\n<p><em>Eriline l\u00f5hn erandlikule seisundile.<\/em><br \/>\n<em>14th International Architecture Exhibition<\/em><br \/>\n<em>La Biennale di Venezia<\/em><\/p>\n<p><strong>Komplektis:<\/strong><\/p>\n<ul>\n<li>\n<ul>\n<li>Impero Aroomidiffusor 250 ml<\/li>\n<li>Mikrofiibrist pulgad aroomidifuusori jaoks<\/li>\n<li>Valge skulptuurikarp<\/li>\n<li>Tootevoldik<\/li>\n<\/ul>\n<\/li>\n<\/ul>\n","protected":false},"excerpt":{"rendered":"<p>Parf\u00fc\u00fcm ARZAN\u00c0 ikoonilises Decanter Medium\u2019is ja t\u00e4ielikult k\u00e4sitsi valmistatud Sculpture Box\u2019is. V\u00e4\u00e4rikas aare l\u00f5hnavatest emotsioonidest legendaarse olfaktoorse dekori jaoks. <\/p>\n","protected":false},"featured_media":13508,"template":"","meta":{"_acf_changed":false},"product_brand":[483],"product_cat":[253,245],"product_tag":[],"class_list":{"0":"post-15623","1":"product","2":"type-product","3":"status-publish","4":"has-post-thumbnail","6":"product_brand-danhera-et","7":"product_cat-difuuserid","8":"product_cat-kodulohnad","9":"nt-post-class","10":"","16":"first","17":"instock","18":"taxable","19":"shipping-taxable","20":"purchasable","21":"product-type-simple"},"acf":[],"_links":{"self":[{"href":"https:\/\/store.astieks.com\/et\/wp-json\/wp\/v2\/product\/15623","targetHints":{"allow":["GET"]}}],"collection":[{"href":"https:\/\/store.astieks.com\/et\/wp-json\/wp\/v2\/product"}],"about":[{"href":"https:\/\/store.astieks.com\/et\/wp-json\/wp\/v2\/types\/product"}],"version-history":[{"count":1,"href":"https:\/\/store.astieks.com\/et\/wp-json\/wp\/v2\/product\/15623\/revisions"}],"predecessor-version":[{"id":19104,"href":"https:\/\/store.astieks.com\/et\/wp-json\/wp\/v2\/product\/15623\/revisions\/19104"}],"wp:featuredmedia":[{"embeddable":true,"href":"https:\/\/store.astieks.com\/et\/wp-json\/wp\/v2\/media\/13508"}],"wp:attachment":[{"href":"https:\/\/store.astieks.com\/et\/wp-json\/wp\/v2\/media?parent=15623"}],"wp:term":[{"taxonomy":"product_brand","embeddable":true,"href":"https:\/\/store.astieks.com\/et\/wp-json\/wp\/v2\/product_brand?post=15623"},{"taxonomy":"product_cat","embeddable":true,"href":"https:\/\/store.astieks.com\/et\/wp-json\/wp\/v2\/product_cat?post=15623"},{"taxonomy":"product_tag","embeddable":true,"href":"https:\/\/store.astieks.com\/et\/wp-json\/wp\/v2\/product_tag?post=15623"}],"curies":[{"name":"wp","href":"https:\/\/api.w.org\/{rel}","templated":true}]}}