{"id":15444,"date":"2025-08-11T12:45:05","date_gmt":"2025-08-11T10:45:05","guid":{"rendered":"https:\/\/test.astieks.com\/product\/danhera-daunia-gift-set-ii\/"},"modified":"2026-04-18T13:24:50","modified_gmt":"2026-04-18T11:24:50","slug":"danhera-daunia-gift-set-ii","status":"publish","type":"product","link":"https:\/\/store.astieks.com\/et\/product\/danhera-daunia-gift-set-ii\/","title":{"rendered":"DANHERA DAUNIA Kingitusekomplekt II 250ml + 500ml"},"content":{"rendered":"<p>The Goddess HERA embraces Us with the Scent of Sweetness. Vanilla berries and Icing Sugar reinvent our Dream Dwelling.<\/p>\n<p>Mahlaste tsitruseliste viljakajad saavad s\u00fcdameks kaunis, puutumatus atmosf\u00e4\u00e4ris. Siirad gurmeenoansid lummavad meie haistmismeele ja seovad selle naudinguterohke magususe stseeni k\u00fclge.<br \/>\nSiin elame taas l\u00e4bi l\u00f5hnam\u00e4lestused \u00f5uem\u00e4ngudest, kookidest, kergusest ja turvalistest kallistustest. <\/p>\n<p><strong>Kingituskomplektis:<\/strong><\/p>\n<ul>\n<li>Impero Aroomidiffusor 250 ml ja Mikrofiibrist pulgad aroomidifuusori jaoks<\/li>\n<li>Daunia Refill 500 ml<\/li>\n<li>Luksuslik karp tekkstiilviimistlusega<\/li>\n<li>Kollektsioonil\u00f5hnade album<\/li>\n<\/ul>\n","protected":false},"excerpt":{"rendered":"<p>Parf\u00fc\u00fcm DAUNIA kinkekomplektis, mis on loodud looma l\u00f5hnastatud stseene ja sukeldama end Danhera legendi. Peen looming parf\u00fc\u00fcmikunsti armastajatele. Emotsioonid, mida kogeda, kanda ja s\u00fcdames hoida.  <\/p>\n","protected":false},"featured_media":13573,"template":"","meta":{"_acf_changed":false},"product_brand":[483],"product_cat":[253,245],"product_tag":[],"class_list":{"0":"post-15444","1":"product","2":"type-product","3":"status-publish","4":"has-post-thumbnail","6":"product_brand-danhera-et","7":"product_cat-difuuserid","8":"product_cat-kodulohnad","9":"nt-post-class","10":"","16":"first","17":"instock","18":"taxable","19":"shipping-taxable","20":"purchasable","21":"product-type-simple"},"acf":[],"_links":{"self":[{"href":"https:\/\/store.astieks.com\/et\/wp-json\/wp\/v2\/product\/15444","targetHints":{"allow":["GET"]}}],"collection":[{"href":"https:\/\/store.astieks.com\/et\/wp-json\/wp\/v2\/product"}],"about":[{"href":"https:\/\/store.astieks.com\/et\/wp-json\/wp\/v2\/types\/product"}],"version-history":[{"count":4,"href":"https:\/\/store.astieks.com\/et\/wp-json\/wp\/v2\/product\/15444\/revisions"}],"predecessor-version":[{"id":21146,"href":"https:\/\/store.astieks.com\/et\/wp-json\/wp\/v2\/product\/15444\/revisions\/21146"}],"wp:featuredmedia":[{"embeddable":true,"href":"https:\/\/store.astieks.com\/et\/wp-json\/wp\/v2\/media\/13573"}],"wp:attachment":[{"href":"https:\/\/store.astieks.com\/et\/wp-json\/wp\/v2\/media?parent=15444"}],"wp:term":[{"taxonomy":"product_brand","embeddable":true,"href":"https:\/\/store.astieks.com\/et\/wp-json\/wp\/v2\/product_brand?post=15444"},{"taxonomy":"product_cat","embeddable":true,"href":"https:\/\/store.astieks.com\/et\/wp-json\/wp\/v2\/product_cat?post=15444"},{"taxonomy":"product_tag","embeddable":true,"href":"https:\/\/store.astieks.com\/et\/wp-json\/wp\/v2\/product_tag?post=15444"}],"curies":[{"name":"wp","href":"https:\/\/api.w.org\/{rel}","templated":true}]}}