{"id":15441,"date":"2025-08-11T12:52:13","date_gmt":"2025-08-11T10:52:13","guid":{"rendered":"https:\/\/test.astieks.com\/product\/danhera-daunia-refill-500-ml\/"},"modified":"2026-04-18T13:25:22","modified_gmt":"2026-04-18T11:25:22","slug":"danhera-daunia-refill-500-ml","status":"publish","type":"product","link":"https:\/\/store.astieks.com\/et\/product\/danhera-daunia-refill-500-ml\/","title":{"rendered":"DANHERA DAUNIA Refill 500 ml"},"content":{"rendered":"<p>The Goddess HERA embraces Us with the Scent of Sweetness. Vanilla berries and Icing Sugar reinvent our Dream Dwelling.<\/p>\n<p>Mahlaste tsitruseliste viljade viljakaja saab s\u00fcdameks kaunis, puutumatus atmosf\u00e4\u00e4ris. Siirad gurmeenoansid lummavad meie haistmismeele ja seovad selle naudinguterohke magususe stseeni k\u00fclge. Siin elame uuesti l\u00e4bi l\u00f5hnam\u00e4lestused \u00f5uem\u00e4ngudest, kookidest, kergusest ja turvalistest kallistustest.  <\/p>\n<p><strong>Komplektis:<\/strong><\/p>\n<ul>\n<li>Ringlussev]etav PET pudel<\/li>\n<\/ul>\n","protected":false},"excerpt":{"rendered":"<p>Parf\u00fc\u00fcm DAUNIA praktilises t\u00e4itepakendis, mis on loodud sinu dekantri ja spreipudeli t\u00e4iendamiseks.<\/p>\n","protected":false},"featured_media":13585,"template":"","meta":{"_acf_changed":false},"product_brand":[483],"product_cat":[245],"product_tag":[],"class_list":{"0":"post-15441","1":"product","2":"type-product","3":"status-publish","4":"has-post-thumbnail","6":"product_brand-danhera-et","7":"product_cat-kodulohnad","8":"nt-post-class","9":"","15":"first","16":"instock","17":"taxable","18":"shipping-taxable","19":"purchasable","20":"product-type-simple"},"acf":[],"_links":{"self":[{"href":"https:\/\/store.astieks.com\/et\/wp-json\/wp\/v2\/product\/15441","targetHints":{"allow":["GET"]}}],"collection":[{"href":"https:\/\/store.astieks.com\/et\/wp-json\/wp\/v2\/product"}],"about":[{"href":"https:\/\/store.astieks.com\/et\/wp-json\/wp\/v2\/types\/product"}],"version-history":[{"count":2,"href":"https:\/\/store.astieks.com\/et\/wp-json\/wp\/v2\/product\/15441\/revisions"}],"predecessor-version":[{"id":21143,"href":"https:\/\/store.astieks.com\/et\/wp-json\/wp\/v2\/product\/15441\/revisions\/21143"}],"wp:featuredmedia":[{"embeddable":true,"href":"https:\/\/store.astieks.com\/et\/wp-json\/wp\/v2\/media\/13585"}],"wp:attachment":[{"href":"https:\/\/store.astieks.com\/et\/wp-json\/wp\/v2\/media?parent=15441"}],"wp:term":[{"taxonomy":"product_brand","embeddable":true,"href":"https:\/\/store.astieks.com\/et\/wp-json\/wp\/v2\/product_brand?post=15441"},{"taxonomy":"product_cat","embeddable":true,"href":"https:\/\/store.astieks.com\/et\/wp-json\/wp\/v2\/product_cat?post=15441"},{"taxonomy":"product_tag","embeddable":true,"href":"https:\/\/store.astieks.com\/et\/wp-json\/wp\/v2\/product_tag?post=15441"}],"curies":[{"name":"wp","href":"https:\/\/api.w.org\/{rel}","templated":true}]}}