{"id":15439,"date":"2025-08-11T11:55:04","date_gmt":"2025-08-11T09:55:04","guid":{"rendered":"https:\/\/test.astieks.com\/product\/danhera-daunia-decanter-magnum-1250-ml\/"},"modified":"2025-10-29T13:39:43","modified_gmt":"2025-10-29T11:39:43","slug":"danhera-daunia-decanter-magnum-1250-ml","status":"publish","type":"product","link":"https:\/\/store.astieks.com\/et\/product\/danhera-daunia-decanter-magnum-1250-ml\/","title":{"rendered":"DANHERA DAUNIA Aroomidiffusor Magnum 1250 ml"},"content":{"rendered":"<p>Jumalanna HERA embab meid magususe l\u00f5hnaga. Vanillimarjad ja suhkruglasuur loovad uuesti meie unistuste kodu. <\/p>\n<p>Mahlaste tsitruseliste viljade viljakaja saab s\u00fcdameks kaunis, puutumatus atmosf\u00e4\u00e4ris. Siirad gurmeenoansid lummavad meie haistmismeele ja seovad selle naudinguterohke magususe stseeni k\u00fclge. Siin elame uuesti l\u00e4bi l\u00f5hnam\u00e4lestused \u00f5uem\u00e4ngudest, kookidest, kergusest ja turvalistest kallistustest.  <\/p>\n<p><strong>Komplektis:<\/strong><\/p>\n<ul>\n<li>Impero Aroomidiffusor 1250 ml<\/li>\n<li>Mikrofiibrist pulgad aroomidifuusori jaoks<\/li>\n<li>Prestige kinkekarp<\/li>\n<li>Tootevoldik<\/li>\n<\/ul>\n","protected":false},"excerpt":{"rendered":"<p>Parf\u00fc\u00fcm DAUNIA ikoonilises Magnum dekantris \u2013 et muuta sinu atmosf\u00e4\u00e4rid sama v\u00e4\u00e4rtuslikuks kui kunstiteosed. Erakordne l\u00f5hnadekori loomingu p\u00e4rl, mis kaunistab sinu maailma t\u00e4htsaimad ruumid l\u00f5hnavate emotsioonidega. <\/p>\n","protected":false},"featured_media":14166,"template":"","meta":{"_acf_changed":false},"product_brand":[483],"product_cat":[253,245],"product_tag":[],"class_list":{"0":"post-15439","1":"product","2":"type-product","3":"status-publish","4":"has-post-thumbnail","6":"product_brand-danhera-et","7":"product_cat-difuuserid","8":"product_cat-kodulohnad","9":"nt-post-class","10":"","16":"first","17":"instock","18":"taxable","19":"shipping-taxable","20":"purchasable","21":"product-type-simple"},"acf":[],"_links":{"self":[{"href":"https:\/\/store.astieks.com\/et\/wp-json\/wp\/v2\/product\/15439","targetHints":{"allow":["GET"]}}],"collection":[{"href":"https:\/\/store.astieks.com\/et\/wp-json\/wp\/v2\/product"}],"about":[{"href":"https:\/\/store.astieks.com\/et\/wp-json\/wp\/v2\/types\/product"}],"version-history":[{"count":1,"href":"https:\/\/store.astieks.com\/et\/wp-json\/wp\/v2\/product\/15439\/revisions"}],"predecessor-version":[{"id":19094,"href":"https:\/\/store.astieks.com\/et\/wp-json\/wp\/v2\/product\/15439\/revisions\/19094"}],"wp:featuredmedia":[{"embeddable":true,"href":"https:\/\/store.astieks.com\/et\/wp-json\/wp\/v2\/media\/14166"}],"wp:attachment":[{"href":"https:\/\/store.astieks.com\/et\/wp-json\/wp\/v2\/media?parent=15439"}],"wp:term":[{"taxonomy":"product_brand","embeddable":true,"href":"https:\/\/store.astieks.com\/et\/wp-json\/wp\/v2\/product_brand?post=15439"},{"taxonomy":"product_cat","embeddable":true,"href":"https:\/\/store.astieks.com\/et\/wp-json\/wp\/v2\/product_cat?post=15439"},{"taxonomy":"product_tag","embeddable":true,"href":"https:\/\/store.astieks.com\/et\/wp-json\/wp\/v2\/product_tag?post=15439"}],"curies":[{"name":"wp","href":"https:\/\/api.w.org\/{rel}","templated":true}]}}