{"id":15436,"date":"2025-08-11T11:43:28","date_gmt":"2025-08-11T09:43:28","guid":{"rendered":"https:\/\/test.astieks.com\/product\/danhera-daunia-decanter-mini\/"},"modified":"2025-10-29T15:02:35","modified_gmt":"2025-10-29T13:02:35","slug":"danhera-daunia-decanter-mini","status":"publish","type":"product","link":"https:\/\/store.astieks.com\/et\/product\/danhera-daunia-decanter-mini\/","title":{"rendered":"DANHERA DAUNIA Aroomidiffusor Mini 125 ml"},"content":{"rendered":"<p>The Goddess HERA embraces Us with the Scent of Sweetness. Vanilla berries and Icing Sugar reinvent our Dream Dwelling. Mahlaste tsitruseliste viljade viljakaja saab s\u00fcdameks kaunis, puutumatus atmosf\u00e4\u00e4ris. Siirad gurmeenoansid lummavad meie haistmismeele ja seovad selle naudinguterohke magususe stseeni k\u00fclge. Siin elame uuesti l\u00e4bi l\u00f5hnam\u00e4lestused \u00f5uem\u00e4ngudest, kookidest, kergusest ja turvalistest kallistustest.  <\/p>\n<p><strong>Komplektis:<\/strong><\/p>\n<ul>\n<li style=\"list-style-type: none;\">\n<ul>\n<li>Impero Aroomidiffusor125 ml<\/li>\n<li>Mikrofiibrist pulgad aroomidifuusori jaoks<\/li>\n<li>Prestige kinkekarp<\/li>\n<li>Tootevoldik<\/li>\n<\/ul>\n<\/li>\n<\/ul>\n","protected":false},"excerpt":{"rendered":"<p>Parf\u00fc\u00fcm DAUNIA Mini dekantris \u2013 sinu teekonna algus DANHERA legendaarsete parf\u00fc\u00fcmide maailma. Peen l\u00f5hnaelamus, mida imetleda, armastada ja kinkida. <\/p>\n","protected":false},"featured_media":13532,"template":"","meta":{"_acf_changed":false},"product_brand":[483],"product_cat":[253,245],"product_tag":[],"class_list":{"0":"post-15436","1":"product","2":"type-product","3":"status-publish","4":"has-post-thumbnail","6":"product_brand-danhera-et","7":"product_cat-difuuserid","8":"product_cat-kodulohnad","9":"nt-post-class","10":"","16":"first","17":"instock","18":"taxable","19":"shipping-taxable","20":"purchasable","21":"product-type-simple"},"acf":[],"_links":{"self":[{"href":"https:\/\/store.astieks.com\/et\/wp-json\/wp\/v2\/product\/15436","targetHints":{"allow":["GET"]}}],"collection":[{"href":"https:\/\/store.astieks.com\/et\/wp-json\/wp\/v2\/product"}],"about":[{"href":"https:\/\/store.astieks.com\/et\/wp-json\/wp\/v2\/types\/product"}],"version-history":[{"count":2,"href":"https:\/\/store.astieks.com\/et\/wp-json\/wp\/v2\/product\/15436\/revisions"}],"predecessor-version":[{"id":19114,"href":"https:\/\/store.astieks.com\/et\/wp-json\/wp\/v2\/product\/15436\/revisions\/19114"}],"wp:featuredmedia":[{"embeddable":true,"href":"https:\/\/store.astieks.com\/et\/wp-json\/wp\/v2\/media\/13532"}],"wp:attachment":[{"href":"https:\/\/store.astieks.com\/et\/wp-json\/wp\/v2\/media?parent=15436"}],"wp:term":[{"taxonomy":"product_brand","embeddable":true,"href":"https:\/\/store.astieks.com\/et\/wp-json\/wp\/v2\/product_brand?post=15436"},{"taxonomy":"product_cat","embeddable":true,"href":"https:\/\/store.astieks.com\/et\/wp-json\/wp\/v2\/product_cat?post=15436"},{"taxonomy":"product_tag","embeddable":true,"href":"https:\/\/store.astieks.com\/et\/wp-json\/wp\/v2\/product_tag?post=15436"}],"curies":[{"name":"wp","href":"https:\/\/api.w.org\/{rel}","templated":true}]}}