{"id":15434,"date":"2025-08-11T11:59:35","date_gmt":"2025-08-11T09:59:35","guid":{"rendered":"https:\/\/test.astieks.com\/product\/danhera-daunia-decanter-medium-250-ml\/"},"modified":"2025-10-29T13:38:57","modified_gmt":"2025-10-29T11:38:57","slug":"danhera-daunia-decanter-medium-250-ml","status":"publish","type":"product","link":"https:\/\/store.astieks.com\/et\/product\/danhera-daunia-decanter-medium-250-ml\/","title":{"rendered":"DANHERA DAUNIA Aroomidiffusor Medium 250 ml"},"content":{"rendered":"<p>Jumalanna HERA embab meid magususe l\u00f5hnaga. Vanillimarjad ja suhkruglasuur loovad uuesti meie unistuste kodu. <\/p>\n<p>Mahlaste tsitruseliste viljade viljakaja saab s\u00fcdameks kaunis, puutumatus atmosf\u00e4\u00e4ris. Siirad gurmeenoansid lummavad meie haistmismeele ja seovad selle naudinguterohke magususe stseeni k\u00fclge. Siin elame uuesti l\u00e4bi l\u00f5hnam\u00e4lestused \u00f5uem\u00e4ngudest, kookidest, kergusest ja turvalistest kallistustest.  <\/p>\n<p><strong>Komplektis:<\/strong><\/p>\n<ul>\n<li>Impero Aroomidiffusor 250 ml<\/li>\n<li>Mikrofiibrist pulgad aroomidifuusori jaoks<\/li>\n<li>Prestige kinkekarp<\/li>\n<li>Tootevoldik<\/li>\n<\/ul>\n","protected":false},"excerpt":{"rendered":"<p>Parf\u00fc\u00fcm DAUNIA ikoonilises keskmises dekantris ja t\u00e4ielikult k\u00e4sit\u00f6\u00f6na valminud skulptuurkarbis \u2013 v\u00e4\u00e4rtuslik aare legendaarse l\u00f5hnadekori jaoks. <\/p>\n","protected":false},"featured_media":13551,"template":"","meta":{"_acf_changed":false},"product_brand":[483],"product_cat":[253,245],"product_tag":[],"class_list":{"0":"post-15434","1":"product","2":"type-product","3":"status-publish","4":"has-post-thumbnail","6":"product_brand-danhera-et","7":"product_cat-difuuserid","8":"product_cat-kodulohnad","9":"nt-post-class","10":"","16":"first","17":"instock","18":"taxable","19":"shipping-taxable","20":"purchasable","21":"product-type-simple"},"acf":[],"_links":{"self":[{"href":"https:\/\/store.astieks.com\/et\/wp-json\/wp\/v2\/product\/15434","targetHints":{"allow":["GET"]}}],"collection":[{"href":"https:\/\/store.astieks.com\/et\/wp-json\/wp\/v2\/product"}],"about":[{"href":"https:\/\/store.astieks.com\/et\/wp-json\/wp\/v2\/types\/product"}],"version-history":[{"count":1,"href":"https:\/\/store.astieks.com\/et\/wp-json\/wp\/v2\/product\/15434\/revisions"}],"predecessor-version":[{"id":15440,"href":"https:\/\/store.astieks.com\/et\/wp-json\/wp\/v2\/product\/15434\/revisions\/15440"}],"wp:featuredmedia":[{"embeddable":true,"href":"https:\/\/store.astieks.com\/et\/wp-json\/wp\/v2\/media\/13551"}],"wp:attachment":[{"href":"https:\/\/store.astieks.com\/et\/wp-json\/wp\/v2\/media?parent=15434"}],"wp:term":[{"taxonomy":"product_brand","embeddable":true,"href":"https:\/\/store.astieks.com\/et\/wp-json\/wp\/v2\/product_brand?post=15434"},{"taxonomy":"product_cat","embeddable":true,"href":"https:\/\/store.astieks.com\/et\/wp-json\/wp\/v2\/product_cat?post=15434"},{"taxonomy":"product_tag","embeddable":true,"href":"https:\/\/store.astieks.com\/et\/wp-json\/wp\/v2\/product_tag?post=15434"}],"curies":[{"name":"wp","href":"https:\/\/api.w.org\/{rel}","templated":true}]}}