{"id":15433,"date":"2025-08-08T16:21:24","date_gmt":"2025-08-08T14:21:24","guid":{"rendered":"https:\/\/test.astieks.com\/product\/danhera-krono-decanter-medium\/"},"modified":"2025-10-29T14:09:18","modified_gmt":"2025-10-29T12:09:18","slug":"danhera-krono-decanter-medium","status":"publish","type":"product","link":"https:\/\/store.astieks.com\/et\/product\/danhera-krono-decanter-medium\/","title":{"rendered":"DANHERA KRONO Aromidiffusor Medium 250 ml"},"content":{"rendered":"<p>KRONO \u2013 Aja ja v\u00e4e lugu. K\u00f5ige v\u00f5imsam jumal \u2013 Aeg. Seej\u00e4rel Zeus, jumalanna HERA juuresolekul, vastamisi. Sensuaalsuse ja j\u00f5u plahvatus. Absoluut, mida jutustab v\u00fcrtsikas parf\u00fc\u00fcm, mis vibreerib tohutu v\u00e4ega. Intensiivsete l\u00f5hnade plahvatus, mis v\u00f5rgutab kaasaegset meest ja paiskab ta p\u00f5nevasse ning lummavasse atmosf\u00e4\u00e4ri. Teelehed m\u00e4hivad end haruldaste v\u00fcrtsinootide \u00fcmber, sulandudes seedripuu ja Siberi m\u00e4nni v\u00f5lusse.     <\/p>\n<p>Krono on kirgliku ja j\u00f5ulise kohtumise l\u00f5hnaam\u00e4lestus.<\/p>\n<p><strong>Komplektis:<\/strong><\/p>\n<ul>\n<li>Impero Aroomidiffusor 250 ml<\/li>\n<li>Mikrofiibrist pulgad aroomidifuusori jaoks<\/li>\n<li>Must kinkekarp<\/li>\n<li>Tootevoldik<\/li>\n<\/ul>\n","protected":false},"excerpt":{"rendered":"<p>Parf\u00fc\u00fcm KRONO ikoonilises keskmises dekantris ja t\u00e4ielikult k\u00e4sit\u00f6\u00f6na valminud skulptuurkarbis \u2013 v\u00e4\u00e4rtuslik aare legendaarse l\u00f5hnadekori jaoks. <\/p>\n","protected":false},"featured_media":13430,"template":"","meta":{"_acf_changed":false},"product_brand":[483],"product_cat":[253,245],"product_tag":[],"class_list":{"0":"post-15433","1":"product","2":"type-product","3":"status-publish","4":"has-post-thumbnail","6":"product_brand-danhera-et","7":"product_cat-difuuserid","8":"product_cat-kodulohnad","9":"nt-post-class","10":"","16":"first","17":"instock","18":"taxable","19":"shipping-taxable","20":"purchasable","21":"product-type-simple"},"acf":[],"_links":{"self":[{"href":"https:\/\/store.astieks.com\/et\/wp-json\/wp\/v2\/product\/15433","targetHints":{"allow":["GET"]}}],"collection":[{"href":"https:\/\/store.astieks.com\/et\/wp-json\/wp\/v2\/product"}],"about":[{"href":"https:\/\/store.astieks.com\/et\/wp-json\/wp\/v2\/types\/product"}],"version-history":[{"count":4,"href":"https:\/\/store.astieks.com\/et\/wp-json\/wp\/v2\/product\/15433\/revisions"}],"predecessor-version":[{"id":19106,"href":"https:\/\/store.astieks.com\/et\/wp-json\/wp\/v2\/product\/15433\/revisions\/19106"}],"wp:featuredmedia":[{"embeddable":true,"href":"https:\/\/store.astieks.com\/et\/wp-json\/wp\/v2\/media\/13430"}],"wp:attachment":[{"href":"https:\/\/store.astieks.com\/et\/wp-json\/wp\/v2\/media?parent=15433"}],"wp:term":[{"taxonomy":"product_brand","embeddable":true,"href":"https:\/\/store.astieks.com\/et\/wp-json\/wp\/v2\/product_brand?post=15433"},{"taxonomy":"product_cat","embeddable":true,"href":"https:\/\/store.astieks.com\/et\/wp-json\/wp\/v2\/product_cat?post=15433"},{"taxonomy":"product_tag","embeddable":true,"href":"https:\/\/store.astieks.com\/et\/wp-json\/wp\/v2\/product_tag?post=15433"}],"curies":[{"name":"wp","href":"https:\/\/api.w.org\/{rel}","templated":true}]}}