{"id":15432,"date":"2025-08-08T15:56:24","date_gmt":"2025-08-08T13:56:24","guid":{"rendered":"https:\/\/test.astieks.com\/product\/danhera-kirce-natural-spray\/"},"modified":"2025-10-29T14:10:19","modified_gmt":"2025-10-29T12:10:19","slug":"danhera-kirce-natural-spray","status":"publish","type":"product","link":"https:\/\/store.astieks.com\/et\/product\/danhera-kirce-natural-spray\/","title":{"rendered":"DANHERA KIRCE Looduslik Spreii 100 ml"},"content":{"rendered":"<p>KIRCE \u2013 V\u00f5luv n\u00f5iduse lummus. Kirgastav ja salap\u00e4rane ilu. M\u00fcstiline kohtumine v\u00e4geva, v\u00f5luva ja jumaliku verega N\u00f5idusega, kelle kohalolek muudab k\u00f5ik jumalikuks v\u00f5luks, luues joovastava ja haarava atmosf\u00e4\u00e4ri. P\u00f5lev iha, mis ei kustu, loits, mis lummab ja ahvatleb ning mida pole v\u00f5imalik murda.    <\/p>\n<p>Alginstinkt saab Essentsiks. L\u00f5hn joovastab ja h\u00e4mmastab oma sooja v\u00fcrtside hinguse ning haruldase oudi nootidega. See on kustumatu l\u00f5hnam\u00e4lestus armum\u00e4ngust.  <\/p>\n<p><strong>Komplektis:<\/strong><\/p>\n<ul>\n<li>Parf\u00fc\u00fcmisprei klaaspudelis<\/li>\n<li>Karp<\/li>\n<\/ul>\n","protected":false},"excerpt":{"rendered":"<p>Parf\u00fc\u00fcm KIRCE praktilises taaskasutatavas spreivormingus, loodud selleks, et seda kogeda, kanda ja hinnata.<\/p>\n","protected":false},"featured_media":13398,"template":"","meta":{"_acf_changed":false},"product_brand":[483],"product_cat":[245,257],"product_tag":[],"class_list":{"0":"post-15432","1":"product","2":"type-product","3":"status-publish","4":"has-post-thumbnail","6":"product_brand-danhera-et","7":"product_cat-kodulohnad","8":"product_cat-pihustid","9":"nt-post-class","10":"","16":"first","17":"instock","18":"taxable","19":"shipping-taxable","20":"purchasable","21":"product-type-simple"},"acf":[],"_links":{"self":[{"href":"https:\/\/store.astieks.com\/et\/wp-json\/wp\/v2\/product\/15432","targetHints":{"allow":["GET"]}}],"collection":[{"href":"https:\/\/store.astieks.com\/et\/wp-json\/wp\/v2\/product"}],"about":[{"href":"https:\/\/store.astieks.com\/et\/wp-json\/wp\/v2\/types\/product"}],"version-history":[{"count":1,"href":"https:\/\/store.astieks.com\/et\/wp-json\/wp\/v2\/product\/15432\/revisions"}],"predecessor-version":[{"id":19107,"href":"https:\/\/store.astieks.com\/et\/wp-json\/wp\/v2\/product\/15432\/revisions\/19107"}],"wp:featuredmedia":[{"embeddable":true,"href":"https:\/\/store.astieks.com\/et\/wp-json\/wp\/v2\/media\/13398"}],"wp:attachment":[{"href":"https:\/\/store.astieks.com\/et\/wp-json\/wp\/v2\/media?parent=15432"}],"wp:term":[{"taxonomy":"product_brand","embeddable":true,"href":"https:\/\/store.astieks.com\/et\/wp-json\/wp\/v2\/product_brand?post=15432"},{"taxonomy":"product_cat","embeddable":true,"href":"https:\/\/store.astieks.com\/et\/wp-json\/wp\/v2\/product_cat?post=15432"},{"taxonomy":"product_tag","embeddable":true,"href":"https:\/\/store.astieks.com\/et\/wp-json\/wp\/v2\/product_tag?post=15432"}],"curies":[{"name":"wp","href":"https:\/\/api.w.org\/{rel}","templated":true}]}}