{"id":15430,"date":"2025-08-08T14:58:41","date_gmt":"2025-08-08T12:58:41","guid":{"rendered":"https:\/\/test.astieks.com\/product\/danhera-kirce-refill-500-ml\/"},"modified":"2026-04-18T13:30:33","modified_gmt":"2026-04-18T11:30:33","slug":"danhera-kirce-refill-500-ml","status":"publish","type":"product","link":"https:\/\/store.astieks.com\/et\/product\/danhera-kirce-refill-500-ml\/","title":{"rendered":"DANHERA KIRCE Refill 500 ml"},"content":{"rendered":"<p>KIRCE \u2013 V\u00f5luv n\u00f5iduse lummus. Kirgastav ja salap\u00e4rane ilu. M\u00fcstiline kohtumine v\u00e4geva, v\u00f5luva ja jumaliku verega N\u00f5idusega, kelle kohalolek muudab k\u00f5ik jumalikuks v\u00f5luks, luues joovastava ja haarava atmosf\u00e4\u00e4ri. P\u00f5lev iha, mis ei kustu, loits, mis lummab ja ahvatleb ning mida pole v\u00f5imalik murda.    <\/p>\n<p>Alginstinkt saab Essentsiks. L\u00f5hn joovastab ja h\u00e4mmastab oma sooja v\u00fcrtside hinguse ning haruldase oudi nootidega. See on kustumatu l\u00f5hnam\u00e4lestus armum\u00e4ngust.  <\/p>\n<p><strong>Komplektis:<br \/>\n<\/strong><\/p>\n<ul>\n<li>Aroomit\u00e4ide Refill 500 ml<\/li>\n<\/ul>\n","protected":false},"excerpt":{"rendered":"<p>Parf\u00fc\u00fcm KIRCE maksisuures t\u00e4itepakendis, loodud sinu dekantri ja spreipudeli t\u00e4iendamiseks.<\/p>\n","protected":false},"featured_media":13379,"template":"","meta":{"_acf_changed":false},"product_brand":[483],"product_cat":[245],"product_tag":[],"class_list":{"0":"post-15430","1":"product","2":"type-product","3":"status-publish","4":"has-post-thumbnail","6":"product_brand-danhera-et","7":"product_cat-kodulohnad","8":"nt-post-class","9":"","15":"first","16":"instock","17":"taxable","18":"shipping-taxable","19":"purchasable","20":"product-type-simple"},"acf":[],"_links":{"self":[{"href":"https:\/\/store.astieks.com\/et\/wp-json\/wp\/v2\/product\/15430","targetHints":{"allow":["GET"]}}],"collection":[{"href":"https:\/\/store.astieks.com\/et\/wp-json\/wp\/v2\/product"}],"about":[{"href":"https:\/\/store.astieks.com\/et\/wp-json\/wp\/v2\/types\/product"}],"version-history":[{"count":1,"href":"https:\/\/store.astieks.com\/et\/wp-json\/wp\/v2\/product\/15430\/revisions"}],"predecessor-version":[{"id":19109,"href":"https:\/\/store.astieks.com\/et\/wp-json\/wp\/v2\/product\/15430\/revisions\/19109"}],"wp:featuredmedia":[{"embeddable":true,"href":"https:\/\/store.astieks.com\/et\/wp-json\/wp\/v2\/media\/13379"}],"wp:attachment":[{"href":"https:\/\/store.astieks.com\/et\/wp-json\/wp\/v2\/media?parent=15430"}],"wp:term":[{"taxonomy":"product_brand","embeddable":true,"href":"https:\/\/store.astieks.com\/et\/wp-json\/wp\/v2\/product_brand?post=15430"},{"taxonomy":"product_cat","embeddable":true,"href":"https:\/\/store.astieks.com\/et\/wp-json\/wp\/v2\/product_cat?post=15430"},{"taxonomy":"product_tag","embeddable":true,"href":"https:\/\/store.astieks.com\/et\/wp-json\/wp\/v2\/product_tag?post=15430"}],"curies":[{"name":"wp","href":"https:\/\/api.w.org\/{rel}","templated":true}]}}