{"id":15428,"date":"2025-08-08T14:41:51","date_gmt":"2025-08-08T12:41:51","guid":{"rendered":"https:\/\/test.astieks.com\/product\/danhera-kirce-decanter-medium\/"},"modified":"2025-10-29T14:13:51","modified_gmt":"2025-10-29T12:13:51","slug":"danhera-kirce-decanter-medium","status":"publish","type":"product","link":"https:\/\/store.astieks.com\/et\/product\/danhera-kirce-decanter-medium\/","title":{"rendered":"DANHERA KIRCE Aroomidiffusor Medium 250 ml"},"content":{"rendered":"<p>KIRCE \u2013 V\u00f5luv n\u00f5iduse lummus. Kirgastav ja salap\u00e4rane ilu. M\u00fcstiline kohtumine v\u00e4geva, v\u00f5luva ja jumaliku verega N\u00f5idusega, kelle kohalolek muudab k\u00f5ik jumalikuks v\u00f5luks, luues joovastava ja haarava atmosf\u00e4\u00e4ri. P\u00f5lev iha, mis ei kustu, loits, mis lummab ja ahvatleb ning mida pole v\u00f5imalik murda.    <\/p>\n<p>Alginstinkt saab Essentsiks. L\u00f5hn joovastab ja h\u00e4mmastab oma sooja v\u00fcrtside hinguse ning haruldase oudi nootidega. See on kustumatu l\u00f5hnam\u00e4lestus armum\u00e4ngust.  <\/p>\n<p><strong>Komplektis:<\/strong><\/p>\n<ul>\n<li>Impero Aroomidiffusor 250 ml<\/li>\n<li>Mikrofiibrist pulgad aroomidifuusori jaoks<\/li>\n<li>Must kinkekarp<\/li>\n<li>Tootevoldik<\/li>\n<\/ul>\n","protected":false},"excerpt":{"rendered":"<p>Parf\u00fc\u00fcm KIRCE ikoonilises keskmises dekantris ja t\u00e4ielikult k\u00e4sit\u00f6\u00f6na valminud skulptuurkarbis \u2013 v\u00e4\u00e4rtuslik aare legendaarse l\u00f5hnadekori jaoks. <\/p>\n","protected":false},"featured_media":13368,"template":"","meta":{"_acf_changed":false},"product_brand":[483],"product_cat":[253,245],"product_tag":[],"class_list":{"0":"post-15428","1":"product","2":"type-product","3":"status-publish","4":"has-post-thumbnail","6":"product_brand-danhera-et","7":"product_cat-difuuserid","8":"product_cat-kodulohnad","9":"nt-post-class","10":"","16":"first","17":"instock","18":"taxable","19":"shipping-taxable","20":"purchasable","21":"product-type-simple"},"acf":[],"_links":{"self":[{"href":"https:\/\/store.astieks.com\/et\/wp-json\/wp\/v2\/product\/15428","targetHints":{"allow":["GET"]}}],"collection":[{"href":"https:\/\/store.astieks.com\/et\/wp-json\/wp\/v2\/product"}],"about":[{"href":"https:\/\/store.astieks.com\/et\/wp-json\/wp\/v2\/types\/product"}],"version-history":[{"count":1,"href":"https:\/\/store.astieks.com\/et\/wp-json\/wp\/v2\/product\/15428\/revisions"}],"predecessor-version":[{"id":15435,"href":"https:\/\/store.astieks.com\/et\/wp-json\/wp\/v2\/product\/15428\/revisions\/15435"}],"wp:featuredmedia":[{"embeddable":true,"href":"https:\/\/store.astieks.com\/et\/wp-json\/wp\/v2\/media\/13368"}],"wp:attachment":[{"href":"https:\/\/store.astieks.com\/et\/wp-json\/wp\/v2\/media?parent=15428"}],"wp:term":[{"taxonomy":"product_brand","embeddable":true,"href":"https:\/\/store.astieks.com\/et\/wp-json\/wp\/v2\/product_brand?post=15428"},{"taxonomy":"product_cat","embeddable":true,"href":"https:\/\/store.astieks.com\/et\/wp-json\/wp\/v2\/product_cat?post=15428"},{"taxonomy":"product_tag","embeddable":true,"href":"https:\/\/store.astieks.com\/et\/wp-json\/wp\/v2\/product_tag?post=15428"}],"curies":[{"name":"wp","href":"https:\/\/api.w.org\/{rel}","templated":true}]}}